{"id":715817,"date":"2025-08-27T17:35:08","date_gmt":"2025-08-27T14:35:08","guid":{"rendered":"https:\/\/roveyayinevi.com.tr\/index.php\/urun\/eyfel-kulesindeki-gizem\/"},"modified":"2026-04-16T02:23:55","modified_gmt":"2026-04-15T23:23:55","slug":"eyfel-kulesindeki-gizem","status":"publish","type":"product","link":"https:\/\/roveyayinevi.com.tr\/index.php\/urun\/eyfel-kulesindeki-gizem\/","title":{"rendered":"Eyfel Kulesi\u2019ndeki Gizem"},"content":{"rendered":"<p>\u00dcnl\u00fc dedektif tav\u015fan Hercule Carotte ve tilki Tim olaylar\u0131n izini s\u00fcrmeye devam ediyor. Dedektif Tim,  10 minik tilkiyi Eyfel Kulesi\u2019ne g\u00f6t\u00fcr\u00fcyor. Ama o da ne? Minik tilkiler birer birer kayboluyor. Bu tilkilerin nereye kayboldu\u011funu belki de Tim\u2019den \u00f6nce sen bulursun, ne dersin?<\/p>\n","protected":false},"excerpt":{"rendered":"<p>\u00dcnl\u00fc dedektif tav\u015fan Hercule Carotte ve tilki Tim olaylar\u0131n izini s\u00fcrmeye devam ediyor. Dedektif Tim, 10 minik tilkiyi Eyfel Kulesi\u2019ne g\u00f6t\u00fcr\u00fcyor. Ama o da ne? Minik<span class=\"excerpt-hellip\"> [\u2026]<\/span><\/p>\n","protected":false},"featured_media":0,"template":"","meta":{"_monsterinsights_skip_tracking":false,"_monsterinsights_sitenote_active":false,"_monsterinsights_sitenote_note":"","_monsterinsights_sitenote_category":0},"product_brand":[],"product_cat":[12274,12284],"product_tag":[],"class_list":{"0":"post-715817","1":"product","2":"type-product","3":"status-publish","5":"product_cat-cocuk-ve-genclik-kitaplari","6":"product_cat-hikayeler","7":"pa_cilt-ciltsiz","8":"pa_tur-kitap","9":"pa_yayinevi-1001-cicek-kitaplar","10":"pa_yazar-pascal-brissy","12":"first","13":"instock","14":"sale","15":"shipping-taxable","16":"purchasable","17":"product-type-simple"},"_links":{"self":[{"href":"https:\/\/roveyayinevi.com.tr\/index.php\/wp-json\/wp\/v2\/product\/715817","targetHints":{"allow":["GET"]}}],"collection":[{"href":"https:\/\/roveyayinevi.com.tr\/index.php\/wp-json\/wp\/v2\/product"}],"about":[{"href":"https:\/\/roveyayinevi.com.tr\/index.php\/wp-json\/wp\/v2\/types\/product"}],"wp:attachment":[{"href":"https:\/\/roveyayinevi.com.tr\/index.php\/wp-json\/wp\/v2\/media?parent=715817"}],"wp:term":[{"taxonomy":"product_brand","embeddable":true,"href":"https:\/\/roveyayinevi.com.tr\/index.php\/wp-json\/wp\/v2\/product_brand?post=715817"},{"taxonomy":"product_cat","embeddable":true,"href":"https:\/\/roveyayinevi.com.tr\/index.php\/wp-json\/wp\/v2\/product_cat?post=715817"},{"taxonomy":"product_tag","embeddable":true,"href":"https:\/\/roveyayinevi.com.tr\/index.php\/wp-json\/wp\/v2\/product_tag?post=715817"}],"curies":[{"name":"wp","href":"https:\/\/api.w.org\/{rel}","templated":true}]}}