{"id":715815,"date":"2025-08-27T17:35:07","date_gmt":"2025-08-27T14:35:07","guid":{"rendered":"https:\/\/roveyayinevi.com.tr\/index.php\/urun\/muhammed-salah\/"},"modified":"2026-04-16T02:23:55","modified_gmt":"2026-04-15T23:23:55","slug":"muhammed-salah","status":"publish","type":"product","link":"https:\/\/roveyayinevi.com.tr\/index.php\/urun\/muhammed-salah\/","title":{"rendered":"Muhammed Salah"},"content":{"rendered":"<p>O, k\u0131sa zamanda t\u00fcm d\u00fcnyay\u0131 kas\u0131p kavurmay\u0131 ba\u015farm\u0131\u015f bir futbol y\u0131ld\u0131z\u0131. Co\u011frafyan\u0131n her zaman insan\u0131 kaderine mahk\u00fbm etmedi\u011fini g\u00f6steren, t\u00fcm engelleri a\u015farak r\u00fc\u015ft\u00fcn\u00fc ispatlayan bir abide. Sadece \u00fclkesi M\u0131s\u0131r\u2019\u0131n de\u011fil, t\u00fcm \u0130slam co\u011frafyas\u0131n\u0131n umudu olmu\u015f ve sempatisiyle spor d\u00fcnyas\u0131n\u0131n en g\u00f6zde fig\u00fcrlerinden birisi haline gelebilmi\u015f ola\u011fan\u00fcst\u00fc bir yetenek. Bat\u0131\u2019n\u0131n Do\u011fu\u2019ya bak\u0131\u015f a\u00e7\u0131s\u0131n\u0131 k\u00f6kten de\u011fi\u015ftiren, golleriyle daha gen\u00e7 ya\u015fta t\u00fcm dengeleri alt\u00fcst eden Muhammed Salah\u2019\u0131n \u00f6yk\u00fcs\u00fc ve kariyerinde \u00e7\u0131kt\u0131\u011f\u0131 ak\u0131l almaz basamaklar\u0131n detaylar\u0131, sizler i\u00e7in, bu kitapta! <\/p>\n","protected":false},"excerpt":{"rendered":"<p>O, k\u0131sa zamanda t\u00fcm d\u00fcnyay\u0131 kas\u0131p kavurmay\u0131 ba\u015farm\u0131\u015f bir futbol y\u0131ld\u0131z\u0131. Co\u011frafyan\u0131n her zaman insan\u0131 kaderine mahk\u00fbm etmedi\u011fini g\u00f6steren, t\u00fcm engelleri a\u015farak r\u00fc\u015ft\u00fcn\u00fc ispatlayan bir abide.<span class=\"excerpt-hellip\"> [\u2026]<\/span><\/p>\n","protected":false},"featured_media":0,"template":"","meta":{"_monsterinsights_skip_tracking":false,"_monsterinsights_sitenote_active":false,"_monsterinsights_sitenote_note":"","_monsterinsights_sitenote_category":0},"product_brand":[],"product_cat":[15563,15564],"product_tag":[],"class_list":{"0":"post-715815","1":"product","2":"type-product","3":"status-publish","5":"product_cat-hobi","6":"product_cat-spor","7":"pa_cilt-ciltsiz","8":"pa_tur-kitap","9":"pa_yayinevi-profil-kitap","10":"pa_yazar-kolektif","12":"first","13":"instock","14":"sale","15":"shipping-taxable","16":"purchasable","17":"product-type-simple"},"_links":{"self":[{"href":"https:\/\/roveyayinevi.com.tr\/index.php\/wp-json\/wp\/v2\/product\/715815","targetHints":{"allow":["GET"]}}],"collection":[{"href":"https:\/\/roveyayinevi.com.tr\/index.php\/wp-json\/wp\/v2\/product"}],"about":[{"href":"https:\/\/roveyayinevi.com.tr\/index.php\/wp-json\/wp\/v2\/types\/product"}],"wp:attachment":[{"href":"https:\/\/roveyayinevi.com.tr\/index.php\/wp-json\/wp\/v2\/media?parent=715815"}],"wp:term":[{"taxonomy":"product_brand","embeddable":true,"href":"https:\/\/roveyayinevi.com.tr\/index.php\/wp-json\/wp\/v2\/product_brand?post=715815"},{"taxonomy":"product_cat","embeddable":true,"href":"https:\/\/roveyayinevi.com.tr\/index.php\/wp-json\/wp\/v2\/product_cat?post=715815"},{"taxonomy":"product_tag","embeddable":true,"href":"https:\/\/roveyayinevi.com.tr\/index.php\/wp-json\/wp\/v2\/product_tag?post=715815"}],"curies":[{"name":"wp","href":"https:\/\/api.w.org\/{rel}","templated":true}]}}