{"id":715814,"date":"2025-08-27T17:35:07","date_gmt":"2025-08-27T14:35:07","guid":{"rendered":"https:\/\/roveyayinevi.com.tr\/index.php\/urun\/kof98-um-ol\/"},"modified":"2026-04-16T02:23:55","modified_gmt":"2026-04-15T23:23:55","slug":"kof98-um-ol","status":"publish","type":"product","link":"https:\/\/roveyayinevi.com.tr\/index.php\/urun\/kof98-um-ol\/","title":{"rendered":"Kof98 Um Ol"},"content":{"rendered":"<p>\u00d6nceleri sadece mitolojik bir efsaneydi, sonras\u0131nda Atari salonlar\u0131na ve bilgisayarlara bir d\u00f6v\u00fc\u015f oyunu olarak girdi; \u015fimdi ise, MMO RPG dal\u0131nda d\u00fcnyan\u0131n en b\u00fcy\u00fck mobil oyun uygulamalar\u0131ndan birine d\u00f6n\u00fc\u015ft\u00fc! Uzak Do\u011fu&#8217;nun ard\u0131ndan \u015fimdi b\u00fct\u00fcn d\u00fcnyay\u0131 kas\u0131p kavuran, milyonlar\u0131n sevgilisi haline gelen King of Fighters 98 Ultimate Match Online, ya da k\u0131sa ad\u0131yla KOF 98 UM OL, t\u00fcm hik\u00e2yesi, ge\u00e7mi\u015fi, karakterleri, d\u00f6n\u00fc\u015f\u00fcm\u00fc, oyun mekanikleri, tasar\u0131m\u0131, stratejileri, taktikleri ve p\u00fcf noktalar\u0131 ile, bu kitapta sizleri bekliyor! \u00d6nceleri sadece mitolojik bir efsaneydi, sonras\u0131nda Atari salonlar\u0131na ve bilgisayarlara bir d\u00f6v\u00fc\u015f oyunu olarak girdi; \u015fimdi ise, MMO RPG dal\u0131nda d\u00fcnyan\u0131n en b\u00fcy\u00fck mobil oyun uygulamalar\u0131ndan birine d\u00f6n\u00fc\u015ft\u00fc! Uzak Do\u011fu&#8217;nun ard\u0131ndan \u015fimdi b\u00fct\u00fcn d\u00fcnyay\u0131 kas\u0131p kavuran, milyonlar\u0131n sevgilisi haline gelen King of Fighters 98 Ultimate Match Online, ya da k\u0131sa ad\u0131yla KOF 98 UM OL, t\u00fcm hik\u00e2yesi, ge\u00e7mi\u015fi, karakterleri, d\u00f6n\u00fc\u015f\u00fcm\u00fc, oyun mekanikleri, tasar\u0131m\u0131, stratejileri, taktikleri ve p\u00fcf noktalar\u0131 ile, bu kitapta sizleri bekliyor! <\/p>\n","protected":false},"excerpt":{"rendered":"<p>\u00d6nceleri sadece mitolojik bir efsaneydi, sonras\u0131nda Atari salonlar\u0131na ve bilgisayarlara bir d\u00f6v\u00fc\u015f oyunu olarak girdi; \u015fimdi ise, MMO RPG dal\u0131nda d\u00fcnyan\u0131n en b\u00fcy\u00fck mobil oyun uygulamalar\u0131ndan<span class=\"excerpt-hellip\"> [\u2026]<\/span><\/p>\n","protected":false},"featured_media":0,"template":"","meta":{"_monsterinsights_skip_tracking":false,"_monsterinsights_sitenote_active":false,"_monsterinsights_sitenote_note":"","_monsterinsights_sitenote_category":0},"product_brand":[],"product_cat":[28265,15563],"product_tag":[],"class_list":{"0":"post-715814","1":"product","2":"type-product","3":"status-publish","5":"product_cat-diger-hobi","6":"product_cat-hobi","7":"pa_cilt-ciltsiz","8":"pa_tur-kitap","9":"pa_yayinevi-profil-kitap","10":"pa_yazar-orhan-efe-ozenc","12":"first","13":"instock","14":"sale","15":"shipping-taxable","16":"purchasable","17":"product-type-simple"},"_links":{"self":[{"href":"https:\/\/roveyayinevi.com.tr\/index.php\/wp-json\/wp\/v2\/product\/715814","targetHints":{"allow":["GET"]}}],"collection":[{"href":"https:\/\/roveyayinevi.com.tr\/index.php\/wp-json\/wp\/v2\/product"}],"about":[{"href":"https:\/\/roveyayinevi.com.tr\/index.php\/wp-json\/wp\/v2\/types\/product"}],"wp:attachment":[{"href":"https:\/\/roveyayinevi.com.tr\/index.php\/wp-json\/wp\/v2\/media?parent=715814"}],"wp:term":[{"taxonomy":"product_brand","embeddable":true,"href":"https:\/\/roveyayinevi.com.tr\/index.php\/wp-json\/wp\/v2\/product_brand?post=715814"},{"taxonomy":"product_cat","embeddable":true,"href":"https:\/\/roveyayinevi.com.tr\/index.php\/wp-json\/wp\/v2\/product_cat?post=715814"},{"taxonomy":"product_tag","embeddable":true,"href":"https:\/\/roveyayinevi.com.tr\/index.php\/wp-json\/wp\/v2\/product_tag?post=715814"}],"curies":[{"name":"wp","href":"https:\/\/api.w.org\/{rel}","templated":true}]}}