{"id":715812,"date":"2025-08-27T17:35:05","date_gmt":"2025-08-27T14:35:05","guid":{"rendered":"https:\/\/roveyayinevi.com.tr\/index.php\/urun\/deli-tomari\/"},"modified":"2026-04-08T02:30:57","modified_gmt":"2026-04-07T23:30:57","slug":"deli-tomari","status":"publish","type":"product","link":"https:\/\/roveyayinevi.com.tr\/index.php\/urun\/deli-tomari\/","title":{"rendered":"Deli Tomar\u0131"},"content":{"rendered":"<p>Neyzen Tevfik\u2019ten Dede Efendi\u2019ye, musiki hayat\u0131m\u0131zdan g\u00fcndelik hayat\u0131m\u0131za a\u015fk her yerde! Meczup hik\u00e2yelerinden olu\u015fan Deli Tomar\u0131 a\u015fklar\u0131n\u0131n a\u015fk\u0131nl\u0131\u011f\u0131 sebebiyle akl\u0131 ba\u015f\u0131ndan giden insanlara yak\u0131ndan bakmam\u0131z\u0131 sa\u011fl\u0131yor. \u0130ster evsiz, fakir, elbiseleri y\u0131rt\u0131k, sa\u00e7lar\u0131 ya\u011fl\u0131, dilenen; ister \u201cnormal\u201d g\u00f6r\u00fcn\u00fcml\u00fc, e\u011fitimli, musiki\u015finas, me\u015fk eden biri olsun, kitaptaki herkes bir durumda m\u00fc\u015fterek: \u015feyd\u00e2l\u0131k. Deli Tomar\u0131, a\u015fk\u0131n divane eden \u00e7\u0131lg\u0131n co\u015fkusu ile bu d\u00fcnyadan soyutlanan, benli\u011finden ge\u00e7en kimselerin ba\u015fka bir \u00e2lemi g\u00f6r\u00fcn\u00fcr k\u0131lan hikmetli s\u00f6zlerini ve biricik hik\u00e2yelerini payla\u015f\u0131yor okuyucusuyla.<\/p>\n","protected":false},"excerpt":{"rendered":"<p>Neyzen Tevfik\u2019ten Dede Efendi\u2019ye, musiki hayat\u0131m\u0131zdan g\u00fcndelik hayat\u0131m\u0131za a\u015fk her yerde! Meczup hik\u00e2yelerinden olu\u015fan Deli Tomar\u0131 a\u015fklar\u0131n\u0131n a\u015fk\u0131nl\u0131\u011f\u0131 sebebiyle akl\u0131 ba\u015f\u0131ndan giden insanlara yak\u0131ndan bakmam\u0131z\u0131 sa\u011fl\u0131yor.<span class=\"excerpt-hellip\"> [\u2026]<\/span><\/p>\n","protected":false},"featured_media":0,"template":"","meta":{"_monsterinsights_skip_tracking":false,"_monsterinsights_sitenote_active":false,"_monsterinsights_sitenote_note":"","_monsterinsights_sitenote_category":0},"product_brand":[],"product_cat":[12291,12711],"product_tag":[],"class_list":{"0":"post-715812","1":"product","2":"type-product","3":"status-publish","5":"product_cat-edebiyat","6":"product_cat-roman-oyku","7":"pa_cilt-ciltsiz","8":"pa_tur-kitap","9":"pa_yayinevi-profil-kitap","10":"pa_yazar-sadik-yalsizucanlar","12":"first","13":"instock","14":"sale","15":"shipping-taxable","16":"purchasable","17":"product-type-simple"},"_links":{"self":[{"href":"https:\/\/roveyayinevi.com.tr\/index.php\/wp-json\/wp\/v2\/product\/715812","targetHints":{"allow":["GET"]}}],"collection":[{"href":"https:\/\/roveyayinevi.com.tr\/index.php\/wp-json\/wp\/v2\/product"}],"about":[{"href":"https:\/\/roveyayinevi.com.tr\/index.php\/wp-json\/wp\/v2\/types\/product"}],"wp:attachment":[{"href":"https:\/\/roveyayinevi.com.tr\/index.php\/wp-json\/wp\/v2\/media?parent=715812"}],"wp:term":[{"taxonomy":"product_brand","embeddable":true,"href":"https:\/\/roveyayinevi.com.tr\/index.php\/wp-json\/wp\/v2\/product_brand?post=715812"},{"taxonomy":"product_cat","embeddable":true,"href":"https:\/\/roveyayinevi.com.tr\/index.php\/wp-json\/wp\/v2\/product_cat?post=715812"},{"taxonomy":"product_tag","embeddable":true,"href":"https:\/\/roveyayinevi.com.tr\/index.php\/wp-json\/wp\/v2\/product_tag?post=715812"}],"curies":[{"name":"wp","href":"https:\/\/api.w.org\/{rel}","templated":true}]}}