{"id":715811,"date":"2025-08-27T17:35:05","date_gmt":"2025-08-27T14:35:05","guid":{"rendered":"https:\/\/roveyayinevi.com.tr\/index.php\/urun\/cristiano-ronaldo\/"},"modified":"2026-04-16T02:23:55","modified_gmt":"2026-04-15T23:23:55","slug":"cristiano-ronaldo","status":"publish","type":"product","link":"https:\/\/roveyayinevi.com.tr\/index.php\/urun\/cristiano-ronaldo\/","title":{"rendered":"Cristiano Ronaldo"},"content":{"rendered":"<p>Hen\u00fcz 15 ya\u015f\u0131ndayken, t\u00fcm gelece\u011fini tehdit eden bir kalp ameliyat\u0131 ge\u00e7irdi, ama y\u0131lmad\u0131. Kar\u015f\u0131la\u015ft\u0131\u011f\u0131 hi\u00e7bir zorluk, onun zirveye \u00e7\u0131kabilmesine engel olamad\u0131. Her t\u00fcrl\u00fc ele\u015ftiriye g\u00f6\u011f\u00fcs gerdi, t\u00fcm olumsuzluklar\u0131 bir motivasyon \u015feklinde kullan\u0131p hep daha ileriye gitti. \u00d6nce fizi\u011fini geli\u015ftirip bir \u201cTerminat\u00f6r\u201d oldu, ard\u0131ndan da teker teker t\u00fcm eksiklerini kapat\u0131p \u00f6l\u00fcmc\u00fcl bir gol makinas\u0131na d\u00f6n\u00fc\u015ft\u00fc. Elinizde tuttu\u011funuz kitap, defalarca d\u00fcnyan\u0131n en iyi futbolcusu se\u00e7ilen, 5 kez \u015eampiyonlar Ligi\u2019ni kazanan, gol krall\u0131klar\u0131n\u0131 kimselere kapt\u0131rmayan, \u00fclkesi Portekiz\u2019i Avrupa \u015eampiyonlu\u011fu\u2019na ta\u015f\u0131yan, t\u00fcm Avrupa \u00fclkeleri i\u00e7erisinde milli formayla en \u00e7ok gol atan futbolcu unvan\u0131na sahip olan ve her sene yepyeni rekorlar k\u0131ran Cristiano Ronaldo\u2019nun, yani \u201cCR7\u201dnin ser\u00fcvenlerle dolu kariyerini sizlere sunuyor. <\/p>\n","protected":false},"excerpt":{"rendered":"<p>Hen\u00fcz 15 ya\u015f\u0131ndayken, t\u00fcm gelece\u011fini tehdit eden bir kalp ameliyat\u0131 ge\u00e7irdi, ama y\u0131lmad\u0131. Kar\u015f\u0131la\u015ft\u0131\u011f\u0131 hi\u00e7bir zorluk, onun zirveye \u00e7\u0131kabilmesine engel olamad\u0131. Her t\u00fcrl\u00fc ele\u015ftiriye g\u00f6\u011f\u00fcs gerdi,<span class=\"excerpt-hellip\"> [\u2026]<\/span><\/p>\n","protected":false},"featured_media":0,"template":"","meta":{"_monsterinsights_skip_tracking":false,"_monsterinsights_sitenote_active":false,"_monsterinsights_sitenote_note":"","_monsterinsights_sitenote_category":0},"product_brand":[],"product_cat":[15563,15564],"product_tag":[],"class_list":{"0":"post-715811","1":"product","2":"type-product","3":"status-publish","5":"product_cat-hobi","6":"product_cat-spor","7":"pa_cilt-ciltsiz","8":"pa_tur-kitap","9":"pa_yayinevi-profil-kitap","10":"pa_yazar-kolektif","12":"first","13":"instock","14":"sale","15":"shipping-taxable","16":"purchasable","17":"product-type-simple"},"_links":{"self":[{"href":"https:\/\/roveyayinevi.com.tr\/index.php\/wp-json\/wp\/v2\/product\/715811","targetHints":{"allow":["GET"]}}],"collection":[{"href":"https:\/\/roveyayinevi.com.tr\/index.php\/wp-json\/wp\/v2\/product"}],"about":[{"href":"https:\/\/roveyayinevi.com.tr\/index.php\/wp-json\/wp\/v2\/types\/product"}],"wp:attachment":[{"href":"https:\/\/roveyayinevi.com.tr\/index.php\/wp-json\/wp\/v2\/media?parent=715811"}],"wp:term":[{"taxonomy":"product_brand","embeddable":true,"href":"https:\/\/roveyayinevi.com.tr\/index.php\/wp-json\/wp\/v2\/product_brand?post=715811"},{"taxonomy":"product_cat","embeddable":true,"href":"https:\/\/roveyayinevi.com.tr\/index.php\/wp-json\/wp\/v2\/product_cat?post=715811"},{"taxonomy":"product_tag","embeddable":true,"href":"https:\/\/roveyayinevi.com.tr\/index.php\/wp-json\/wp\/v2\/product_tag?post=715811"}],"curies":[{"name":"wp","href":"https:\/\/api.w.org\/{rel}","templated":true}]}}