{"id":715810,"date":"2025-08-27T17:35:04","date_gmt":"2025-08-27T14:35:04","guid":{"rendered":"https:\/\/roveyayinevi.com.tr\/index.php\/urun\/cern-komplosu-galaksi-istila\/"},"modified":"2026-04-16T02:23:55","modified_gmt":"2026-04-15T23:23:55","slug":"cern-komplosu-galaksi-istila","status":"publish","type":"product","link":"https:\/\/roveyayinevi.com.tr\/index.php\/urun\/cern-komplosu-galaksi-istila\/","title":{"rendered":"Cern Komplosu &#8211; Galaksi \u0130stila"},"content":{"rendered":"<p>K\u0131saca CERN diye bilinen ve \u0130svi\u00e7re\u2019de bulunan \u201cAvrupa N\u00fckleer Ara\u015ft\u0131rma Merkezi\u201dndeki par\u00e7ac\u0131k fizi\u011fi laboratuvar\u0131nda \u201cB\u00fcy\u00fck Hadron \u00c7arp\u0131\u015ft\u0131r\u0131c\u0131s\u0131\u201d tekrar \u00e7al\u0131\u015ft\u0131r\u0131lm\u0131\u015ft\u0131. B\u00fcy\u00fck bir \u201cbilimsel s\u0131\u00e7rama\u201dn\u0131n e\u015fi\u011finde olundu\u011fu d\u00fc\u015f\u00fcn\u00fcl\u00fcrken aniden bir \u201cterslik\u201d do\u011fmu\u015f ve tan\u0131mlanamayan bir \u201cenerji deli\u011fi\u201d olu\u015fmu\u015ftu. Asl\u0131nda deneyin etkisiyle k\u0131sa s\u00fcreli\u011fine bir \u201cboyut kap\u0131s\u0131\u201d a\u00e7\u0131lm\u0131\u015f ve i\u00e7inden \u00fcrk\u00fct\u00fcc\u00fc bir yarat\u0131k belirmi\u015fti.  Yap\u0131lan deney galaktik d\u00fczeyde bir \u201csald\u0131r\u0131 dalgas\u0131\u201dn\u0131 tetiklemi\u015f ve k\u0131sa s\u00fcre sonra d\u00fcnyan\u0131n antik b\u00f6lgelerindeki Ley hatlar\u0131 \u00fczerinde onlarca \u201cboyut kap\u0131s\u0131\u201d belirmi\u015fti. Ard\u0131ndan y\u00fcz binlerce yarat\u0131k d\u00fcnyaya h\u00fccum etmi\u015f ve insanl\u0131k k\u0131sa s\u00fcrede adeta yok olu\u015fun e\u015fi\u011fine gelmi\u015fti. Peki ama bu yarat\u0131klar nereden \u00e7\u0131km\u0131\u015flard\u0131? Bunlar kutsal metinlerde ge\u00e7en \u201cYec\u00fcc ve Mec\u00fcc\u201d ya da \u201cGog ve Mogog\u201d olabilirler miydi? \u0130nsanl\u0131k \u00e7ok \u00f6nceden uyar\u0131ld\u0131\u011f\u0131 \u00fczere bir tehdit alt\u0131nda m\u0131yd\u0131? Bu tehdit d\u00fcnyan\u0131n kendi i\u00e7inden de\u011fil bizzat \u201cd\u0131\u015f\u0131ndan\u201d yahut \u201cparalel evrenler\u201din kendisinden kaynaklan\u0131yor olabilir miydi? \u0130nsanl\u0131k \u015fa\u015f\u0131rt\u0131c\u0131 ve ani \u201cgalaktik istila\u201d kar\u015f\u0131s\u0131nda ne yapacakt\u0131? Uzayl\u0131 sald\u0131rgan \u0131rk\u0131 yok etmenin yolunu bulacak m\u0131yd\u0131 yoksa kaderine boyun mu e\u011fecekti? Dahas\u0131 insanl\u0131k bekledi\u011fi yard\u0131m\u0131 ba\u015fka bir uzayl\u0131 \u0131rktan m\u0131 alacakt\u0131? Sald\u0131rgan \u201cYec\u00fcc Mec\u00fcc kavmi\u201d nas\u0131l yok edilecekti?.. <\/p>\n","protected":false},"excerpt":{"rendered":"<p>K\u0131saca CERN diye bilinen ve \u0130svi\u00e7re\u2019de bulunan \u201cAvrupa N\u00fckleer Ara\u015ft\u0131rma Merkezi\u201dndeki par\u00e7ac\u0131k fizi\u011fi laboratuvar\u0131nda \u201cB\u00fcy\u00fck Hadron \u00c7arp\u0131\u015ft\u0131r\u0131c\u0131s\u0131\u201d tekrar \u00e7al\u0131\u015ft\u0131r\u0131lm\u0131\u015ft\u0131. B\u00fcy\u00fck bir \u201cbilimsel s\u0131\u00e7rama\u201dn\u0131n e\u015fi\u011finde olundu\u011fu d\u00fc\u015f\u00fcn\u00fcl\u00fcrken<span class=\"excerpt-hellip\"> [\u2026]<\/span><\/p>\n","protected":false},"featured_media":0,"template":"","meta":{"_monsterinsights_skip_tracking":false,"_monsterinsights_sitenote_active":false,"_monsterinsights_sitenote_note":"","_monsterinsights_sitenote_category":0},"product_brand":[],"product_cat":[12540,12291],"product_tag":[],"class_list":{"0":"post-715810","1":"product","2":"type-product","3":"status-publish","5":"product_cat-bilim-kurgu","6":"product_cat-edebiyat","7":"pa_cilt-ciltsiz","8":"pa_tur-kitap","9":"pa_yayinevi-profil-kitap","10":"pa_yazar-atilla-akar","12":"first","13":"instock","14":"sale","15":"shipping-taxable","16":"purchasable","17":"product-type-simple"},"_links":{"self":[{"href":"https:\/\/roveyayinevi.com.tr\/index.php\/wp-json\/wp\/v2\/product\/715810","targetHints":{"allow":["GET"]}}],"collection":[{"href":"https:\/\/roveyayinevi.com.tr\/index.php\/wp-json\/wp\/v2\/product"}],"about":[{"href":"https:\/\/roveyayinevi.com.tr\/index.php\/wp-json\/wp\/v2\/types\/product"}],"wp:attachment":[{"href":"https:\/\/roveyayinevi.com.tr\/index.php\/wp-json\/wp\/v2\/media?parent=715810"}],"wp:term":[{"taxonomy":"product_brand","embeddable":true,"href":"https:\/\/roveyayinevi.com.tr\/index.php\/wp-json\/wp\/v2\/product_brand?post=715810"},{"taxonomy":"product_cat","embeddable":true,"href":"https:\/\/roveyayinevi.com.tr\/index.php\/wp-json\/wp\/v2\/product_cat?post=715810"},{"taxonomy":"product_tag","embeddable":true,"href":"https:\/\/roveyayinevi.com.tr\/index.php\/wp-json\/wp\/v2\/product_tag?post=715810"}],"curies":[{"name":"wp","href":"https:\/\/api.w.org\/{rel}","templated":true}]}}