{"id":715809,"date":"2025-08-27T17:35:04","date_gmt":"2025-08-27T14:35:04","guid":{"rendered":"https:\/\/roveyayinevi.com.tr\/index.php\/urun\/anahtariniz-bende-kalmis\/"},"modified":"2026-04-16T02:23:55","modified_gmt":"2026-04-15T23:23:55","slug":"anahtariniz-bende-kalmis","status":"publish","type":"product","link":"https:\/\/roveyayinevi.com.tr\/index.php\/urun\/anahtariniz-bende-kalmis\/","title":{"rendered":"Anahtar\u0131n\u0131z Bende Kalm\u0131\u015f"},"content":{"rendered":"<p>20 Y\u0131ld\u0131r yapt\u0131\u011f\u0131m\u0131z onlarca EV\u2019den birinde\u2026 Bak\u0131ld\u0131\u011f\u0131nda her\u015fey tamam\u2026 M\u00fckemmel,kusursuz. Fakat sizlerin bilmedi\u011fi, Foto\u011frafa girmeyen \u00e7ok b\u00fcy\u00fck bir EKS\u0130K ile\u2026 \u00dczenleri ,yoranlar\u0131,kalbizi k\u0131ranlar\u0131\u2026 Bizi BEN\u2019i bug\u00fcnlere ta\u015f\u0131yanlar, \u015eantiye\u2019de At\u00f6lye\u2019de Duvarlara\u2026Tavanlara\u2026Ustalar\u2019a Anlatt\u0131klar\u0131m\u2026 Ahh\u2026Al\u0131p aldatanlar\u2026 S\u00f6z u\u00e7ar Yaz\u0131 kal\u0131r\u2026 Foto\u011fraf\u0131n Eksik y\u00fcz\u00fc Ev\u2019lerin Sahipleri&#8230;Hissettirdikleri&#8230;Ev&#8217;leri&#8230;<\/p>\n","protected":false},"excerpt":{"rendered":"<p>20 Y\u0131ld\u0131r yapt\u0131\u011f\u0131m\u0131z onlarca EV\u2019den birinde\u2026 Bak\u0131ld\u0131\u011f\u0131nda her\u015fey tamam\u2026 M\u00fckemmel,kusursuz. Fakat sizlerin bilmedi\u011fi, Foto\u011frafa girmeyen \u00e7ok b\u00fcy\u00fck bir EKS\u0130K ile\u2026 \u00dczenleri ,yoranlar\u0131,kalbizi k\u0131ranlar\u0131\u2026 Bizi BEN\u2019i bug\u00fcnlere<span class=\"excerpt-hellip\"> [\u2026]<\/span><\/p>\n","protected":false},"featured_media":0,"template":"","meta":{"_monsterinsights_skip_tracking":false,"_monsterinsights_sitenote_active":false,"_monsterinsights_sitenote_note":"","_monsterinsights_sitenote_category":0},"product_brand":[],"product_cat":[12777,12291],"product_tag":[],"class_list":{"0":"post-715809","1":"product","2":"type-product","3":"status-publish","5":"product_cat-deneme","6":"product_cat-edebiyat","7":"pa_cilt-ciltsiz","8":"pa_tur-kitap","9":"pa_yayinevi-mavi-agac-yayinlari","10":"pa_yazar-necibe-rodop-darcan","12":"first","13":"instock","14":"sale","15":"shipping-taxable","16":"purchasable","17":"product-type-simple"},"_links":{"self":[{"href":"https:\/\/roveyayinevi.com.tr\/index.php\/wp-json\/wp\/v2\/product\/715809","targetHints":{"allow":["GET"]}}],"collection":[{"href":"https:\/\/roveyayinevi.com.tr\/index.php\/wp-json\/wp\/v2\/product"}],"about":[{"href":"https:\/\/roveyayinevi.com.tr\/index.php\/wp-json\/wp\/v2\/types\/product"}],"wp:attachment":[{"href":"https:\/\/roveyayinevi.com.tr\/index.php\/wp-json\/wp\/v2\/media?parent=715809"}],"wp:term":[{"taxonomy":"product_brand","embeddable":true,"href":"https:\/\/roveyayinevi.com.tr\/index.php\/wp-json\/wp\/v2\/product_brand?post=715809"},{"taxonomy":"product_cat","embeddable":true,"href":"https:\/\/roveyayinevi.com.tr\/index.php\/wp-json\/wp\/v2\/product_cat?post=715809"},{"taxonomy":"product_tag","embeddable":true,"href":"https:\/\/roveyayinevi.com.tr\/index.php\/wp-json\/wp\/v2\/product_tag?post=715809"}],"curies":[{"name":"wp","href":"https:\/\/api.w.org\/{rel}","templated":true}]}}