{"id":715808,"date":"2025-08-27T17:35:03","date_gmt":"2025-08-27T14:35:03","guid":{"rendered":"https:\/\/roveyayinevi.com.tr\/index.php\/urun\/allah-cumlemizi-korusun\/"},"modified":"2026-04-16T02:23:55","modified_gmt":"2026-04-15T23:23:55","slug":"allah-cumlemizi-korusun","status":"publish","type":"product","link":"https:\/\/roveyayinevi.com.tr\/index.php\/urun\/allah-cumlemizi-korusun\/","title":{"rendered":"Allah C\u00fcmlemizi Korusun"},"content":{"rendered":"<p>\u201cYazar de\u011filim ben. Bir \u015feyler yazmakla yazar olunamayaca\u011f\u0131n\u0131 iyi biliyorum. Heybemde \u00f6yle s\u00fcsl\u00fc kelimelerim yok\u2026 Ne kimsenin derdine derman olabilirim, Ne de yol olabilirim yolunu kaybetmi\u015flere\u2026 Merhem de olamam kanayan yaran\u0131za mesela\u2026 Derdinize derman olamam belki ama derman\u0131n kimde oldu\u011funu s\u00f6yleyebilirim\u2026 Yol olamam belki size ama do\u011fru yolu g\u00f6sterebilirim\u2026 \u00c7are olamam belki ama \u00e7arenin kimde oldu\u011fundan haberdar\u0131m.\u201d <\/p>\n","protected":false},"excerpt":{"rendered":"<p>\u201cYazar de\u011filim ben. Bir \u015feyler yazmakla yazar olunamayaca\u011f\u0131n\u0131 iyi biliyorum. Heybemde \u00f6yle s\u00fcsl\u00fc kelimelerim yok\u2026 Ne kimsenin derdine derman olabilirim, Ne de yol olabilirim yolunu kaybetmi\u015flere\u2026<span class=\"excerpt-hellip\"> [\u2026]<\/span><\/p>\n","protected":false},"featured_media":0,"template":"","meta":{"_monsterinsights_skip_tracking":false,"_monsterinsights_sitenote_active":false,"_monsterinsights_sitenote_note":"","_monsterinsights_sitenote_category":0},"product_brand":[],"product_cat":[12777,12291],"product_tag":[],"class_list":{"0":"post-715808","1":"product","2":"type-product","3":"status-publish","5":"product_cat-deneme","6":"product_cat-edebiyat","7":"pa_cilt-ciltsiz","8":"pa_tur-kitap","9":"pa_yayinevi-profil-kitap","10":"pa_yazar-bekir-develi","12":"first","13":"instock","14":"sale","15":"shipping-taxable","16":"purchasable","17":"product-type-simple"},"_links":{"self":[{"href":"https:\/\/roveyayinevi.com.tr\/index.php\/wp-json\/wp\/v2\/product\/715808","targetHints":{"allow":["GET"]}}],"collection":[{"href":"https:\/\/roveyayinevi.com.tr\/index.php\/wp-json\/wp\/v2\/product"}],"about":[{"href":"https:\/\/roveyayinevi.com.tr\/index.php\/wp-json\/wp\/v2\/types\/product"}],"wp:attachment":[{"href":"https:\/\/roveyayinevi.com.tr\/index.php\/wp-json\/wp\/v2\/media?parent=715808"}],"wp:term":[{"taxonomy":"product_brand","embeddable":true,"href":"https:\/\/roveyayinevi.com.tr\/index.php\/wp-json\/wp\/v2\/product_brand?post=715808"},{"taxonomy":"product_cat","embeddable":true,"href":"https:\/\/roveyayinevi.com.tr\/index.php\/wp-json\/wp\/v2\/product_cat?post=715808"},{"taxonomy":"product_tag","embeddable":true,"href":"https:\/\/roveyayinevi.com.tr\/index.php\/wp-json\/wp\/v2\/product_tag?post=715808"}],"curies":[{"name":"wp","href":"https:\/\/api.w.org\/{rel}","templated":true}]}}