{"id":715806,"date":"2025-08-27T17:35:01","date_gmt":"2025-08-27T14:35:01","guid":{"rendered":"https:\/\/roveyayinevi.com.tr\/index.php\/urun\/dorian-grayin-portresi-6\/"},"modified":"2026-04-12T02:29:25","modified_gmt":"2026-04-11T23:29:25","slug":"dorian-grayin-portresi-6","status":"publish","type":"product","link":"https:\/\/roveyayinevi.com.tr\/index.php\/urun\/dorian-grayin-portresi-6\/","title":{"rendered":"Dorian Gray\u2019in Portresi"},"content":{"rendered":"<p>Oscar Wilde (1854-1900): \u0130rlandal\u0131 d\u00e2hi yazar. Victoria d\u00f6neminde edebi zek\u00e2s\u0131, ince alayc\u0131l\u0131\u011f\u0131 ve s\u0131ra d\u0131\u015f\u0131 ya\u015fant\u0131s\u0131yla 19. y\u00fczy\u0131l estetizm hareketinin Britanya\u2019daki en tan\u0131nm\u0131\u015f temsilcisi h\u00e2line geldi. \u015eiir, \u00f6yk\u00fc ve oyunlar\u0131n\u0131n yan\u0131 s\u0131ra Dorian Gray\u2019in Portresi eseriyle \u00fcn kazand\u0131. D\u00f6nemin kat\u0131 ahlak anlay\u0131\u015f\u0131n\u0131n sonucu olarak cinsel y\u00f6nelimi nedeniyle yarg\u0131lan\u0131p iki y\u0131l hapse mahk\u00fbm edildi. \u00d6zg\u00fcrl\u00fc\u011f\u00fcne kavu\u015ftuktan \u00fc\u00e7 y\u0131l sonra Paris\u2019te yoksulluk i\u00e7inde \u00f6ld\u00fc. Dorian Gray\u2019in Portresi, Wilde\u2019\u0131n zaman\u0131nda b\u00fcy\u00fck tart\u0131\u015fmalar yaratan, pek az \u00f6vg\u00fcye kar\u015f\u0131l\u0131k son derece sert ele\u015ftirilere maruz kalan, hatta yarg\u0131lan\u0131rken aleyhinde delil olarak g\u00f6sterilen tek roman\u0131d\u0131r. Yazar\u0131n \u201csanat, sanat i\u00e7indir\u201d manifestosu olarak okunabilecek \u00f6ns\u00f6z\u00fcnde de belirtti\u011fi gibi, k\u00f6t\u00fcl\u00fck ve erdemin sanatsal bir malzeme olarak kullan\u0131ld\u0131\u011f\u0131 edebi eserlerin \u015fahikas\u0131d\u0131r. Ebedi gen\u00e7lik ve g\u00fczellik dile\u011fi kabul olan ve insan\u0131 insan yapan de\u011ferlerden giderek uzakla\u015f\u0131p yozla\u015fan Dorian Gray, Wilde\u2019\u0131n d\u00fcnya edebiyat\u0131nda e\u015fine nadir rastlanan anlat\u0131m\u0131yla \u00f6l\u00fcms\u00fczl\u00fc\u011fe kavu\u015fur. Dorian Gray\u2019in Portresi defalarca sinemaya uyarlanm\u0131\u015f, pek \u00e7ok sanat dal\u0131na da ilham vermi\u015ftir.<\/p>\n","protected":false},"excerpt":{"rendered":"<p>Oscar Wilde (1854-1900): \u0130rlandal\u0131 d\u00e2hi yazar. Victoria d\u00f6neminde edebi zek\u00e2s\u0131, ince alayc\u0131l\u0131\u011f\u0131 ve s\u0131ra d\u0131\u015f\u0131 ya\u015fant\u0131s\u0131yla 19. y\u00fczy\u0131l estetizm hareketinin Britanya\u2019daki en tan\u0131nm\u0131\u015f temsilcisi h\u00e2line geldi.<span class=\"excerpt-hellip\"> [\u2026]<\/span><\/p>\n","protected":false},"featured_media":0,"template":"","meta":{"_monsterinsights_skip_tracking":false,"_monsterinsights_sitenote_active":false,"_monsterinsights_sitenote_note":"","_monsterinsights_sitenote_category":0},"product_brand":[],"product_cat":[12291,12711],"product_tag":[],"class_list":{"0":"post-715806","1":"product","2":"type-product","3":"status-publish","5":"product_cat-edebiyat","6":"product_cat-roman-oyku","7":"pa_cilt-ciltsiz","8":"pa_tur-kitap","9":"pa_yayinevi-is-bankasi-kultur-yayinlari","10":"pa_yazar-oscar-wilde","12":"first","13":"instock","14":"sale","15":"shipping-taxable","16":"purchasable","17":"product-type-simple"},"_links":{"self":[{"href":"https:\/\/roveyayinevi.com.tr\/index.php\/wp-json\/wp\/v2\/product\/715806","targetHints":{"allow":["GET"]}}],"collection":[{"href":"https:\/\/roveyayinevi.com.tr\/index.php\/wp-json\/wp\/v2\/product"}],"about":[{"href":"https:\/\/roveyayinevi.com.tr\/index.php\/wp-json\/wp\/v2\/types\/product"}],"wp:attachment":[{"href":"https:\/\/roveyayinevi.com.tr\/index.php\/wp-json\/wp\/v2\/media?parent=715806"}],"wp:term":[{"taxonomy":"product_brand","embeddable":true,"href":"https:\/\/roveyayinevi.com.tr\/index.php\/wp-json\/wp\/v2\/product_brand?post=715806"},{"taxonomy":"product_cat","embeddable":true,"href":"https:\/\/roveyayinevi.com.tr\/index.php\/wp-json\/wp\/v2\/product_cat?post=715806"},{"taxonomy":"product_tag","embeddable":true,"href":"https:\/\/roveyayinevi.com.tr\/index.php\/wp-json\/wp\/v2\/product_tag?post=715806"}],"curies":[{"name":"wp","href":"https:\/\/api.w.org\/{rel}","templated":true}]}}