{"id":715805,"date":"2025-08-27T17:35:01","date_gmt":"2025-08-27T14:35:01","guid":{"rendered":"https:\/\/roveyayinevi.com.tr\/index.php\/urun\/don-juanin-ogretileri\/"},"modified":"2026-04-16T02:23:55","modified_gmt":"2026-04-15T23:23:55","slug":"don-juanin-ogretileri","status":"publish","type":"product","link":"https:\/\/roveyayinevi.com.tr\/index.php\/urun\/don-juanin-ogretileri\/","title":{"rendered":"Don Juan&#8217;\u0131n \u00d6\u011fretileri"},"content":{"rendered":"<p>&#8220;Benim i\u00e7in s\u00f6z konusu olan tek \u015fey, y\u00fcre\u011fi olan bir yolda yolculuktur yaln\u0131zca. Y\u00fcrekli herhangi bir yolda. Orada yol al\u0131r\u0131m ve tek yararl\u0131 meydan okuyu\u015fum onu tamamlayabilmektir. Ve orada yolculu\u011fumu s\u00fcrd\u00fcr\u00fcr\u00fcm, bakarak, izleyerek soluk solu\u011fa.&#8221;-Don Juan Matus&#8221;Carlos Castaneda&#8217;n\u0131n kitaplar\u0131na sahip oldu\u011fumuz i\u00e7in son derece \u015fansl\u0131y\u0131z&#8230; Yapt\u0131klar\u0131n\u0131n anlam\u0131n\u0131 ne kadar \u00f6vsek a\u015f\u0131r\u0131ya ka\u00e7m\u0131\u015f olmay\u0131z.&#8221;-The New York Times&#8221;(Castaneda) Bizi, Don Juan&#8217;\u0131n insanbilim literat\u00fcr\u00fcn\u00fcn en ola\u011fanustu fig\u00fcrlerinden biri oldu\u011funa inanmak zorunda b\u0131rak\u0131yor; o, bir cilal\u0131 ta\u015f devri bilgesi. Ankaradan, gizemli bir bilgelik arma\u011fan\u0131 b\u0131rak\u0131yor ellerimize.&#8221;-Life&#8221;Onu okuduktan sonra d\u00fcnyay\u0131 ayn\u0131 g\u00f6zle g\u00f6rmek art\u0131k olas\u0131 de\u011fil&#8230; E\u011fer Castaneda hakl\u0131ysa ba\u015fka bir d\u00fcnya daha var, bazen m\u00fckemmel, bazen de korkutucu bir d\u00fcnya, hem de tam g\u00f6zlerimizin \u00f6n\u00fcnde &#8211; tabii g\u00f6rebilirsek.&#8221;-Chicago Tribune<\/p>\n","protected":false},"excerpt":{"rendered":"<p>&#8220;Benim i\u00e7in s\u00f6z konusu olan tek \u015fey, y\u00fcre\u011fi olan bir yolda yolculuktur yaln\u0131zca. Y\u00fcrekli herhangi bir yolda. Orada yol al\u0131r\u0131m ve tek yararl\u0131 meydan okuyu\u015fum onu<span class=\"excerpt-hellip\"> [\u2026]<\/span><\/p>\n","protected":false},"featured_media":0,"template":"","meta":{"_monsterinsights_skip_tracking":false,"_monsterinsights_sitenote_active":false,"_monsterinsights_sitenote_note":"","_monsterinsights_sitenote_category":0},"product_brand":[],"product_cat":[12389,12388],"product_tag":[],"class_list":{"0":"post-715805","1":"product","2":"type-product","3":"status-publish","5":"product_cat-diger-felsefe","6":"product_cat-felsefe","7":"pa_cilt-ciltsiz","8":"pa_tur-kitap","9":"pa_yayinevi-butik-yayinlari","10":"pa_yazar-carlos-castaneda","12":"first","13":"instock","14":"sale","15":"shipping-taxable","16":"purchasable","17":"product-type-simple"},"_links":{"self":[{"href":"https:\/\/roveyayinevi.com.tr\/index.php\/wp-json\/wp\/v2\/product\/715805","targetHints":{"allow":["GET"]}}],"collection":[{"href":"https:\/\/roveyayinevi.com.tr\/index.php\/wp-json\/wp\/v2\/product"}],"about":[{"href":"https:\/\/roveyayinevi.com.tr\/index.php\/wp-json\/wp\/v2\/types\/product"}],"wp:attachment":[{"href":"https:\/\/roveyayinevi.com.tr\/index.php\/wp-json\/wp\/v2\/media?parent=715805"}],"wp:term":[{"taxonomy":"product_brand","embeddable":true,"href":"https:\/\/roveyayinevi.com.tr\/index.php\/wp-json\/wp\/v2\/product_brand?post=715805"},{"taxonomy":"product_cat","embeddable":true,"href":"https:\/\/roveyayinevi.com.tr\/index.php\/wp-json\/wp\/v2\/product_cat?post=715805"},{"taxonomy":"product_tag","embeddable":true,"href":"https:\/\/roveyayinevi.com.tr\/index.php\/wp-json\/wp\/v2\/product_tag?post=715805"}],"curies":[{"name":"wp","href":"https:\/\/api.w.org\/{rel}","templated":true}]}}