{"id":715803,"date":"2025-08-27T17:35:00","date_gmt":"2025-08-27T14:35:00","guid":{"rendered":"https:\/\/roveyayinevi.com.tr\/index.php\/urun\/burcunun-oykuleri-2\/"},"modified":"2026-04-08T02:30:57","modified_gmt":"2026-04-07T23:30:57","slug":"burcunun-oykuleri-2","status":"publish","type":"product","link":"https:\/\/roveyayinevi.com.tr\/index.php\/urun\/burcunun-oykuleri-2\/","title":{"rendered":"Burcu&#8217;nun \u00d6yk\u00fcleri 2"},"content":{"rendered":"<p>Banu, kardes\u0327i Burcu ve onun en yak\u0131n arkadas\u0327\u0131 Elif \u2019in, kasabadaki en gizemli, bir o kadar u\u0308rku\u0308tu\u0308cu\u0308 eve girmeleriyle bas\u0327layan maceralar\u0131&#8230; Peki ya, ikide bir firar eden sevimli kuzu&#8230; Piri Reis\u2019in gizemli haritas\u0131&#8230; Kargalar\u0131n istilas\u0131&#8230; Gizem, heyecan ve macera dolu bir dostluk o\u0308yku\u0308su\u0308ne haz\u0131r m\u0131s\u0131n? <\/p>\n","protected":false},"excerpt":{"rendered":"<p>Banu, kardes\u0327i Burcu ve onun en yak\u0131n arkadas\u0327\u0131 Elif \u2019in, kasabadaki en gizemli, bir o kadar u\u0308rku\u0308tu\u0308cu\u0308 eve girmeleriyle bas\u0327layan maceralar\u0131&#8230; Peki ya, ikide bir firar<span class=\"excerpt-hellip\"> [\u2026]<\/span><\/p>\n","protected":false},"featured_media":0,"template":"","meta":{"_monsterinsights_skip_tracking":false,"_monsterinsights_sitenote_active":false,"_monsterinsights_sitenote_note":"","_monsterinsights_sitenote_category":0},"product_brand":[],"product_cat":[12274,12284],"product_tag":[],"class_list":{"0":"post-715803","1":"product","2":"type-product","3":"status-publish","5":"product_cat-cocuk-ve-genclik-kitaplari","6":"product_cat-hikayeler","7":"pa_cilt-ciltsiz","8":"pa_tur-kitap","9":"pa_yayinevi-hayykitap","10":"pa_yazar-mehmet-kemal-erdogan","12":"first","13":"instock","14":"sale","15":"shipping-taxable","16":"purchasable","17":"product-type-simple"},"_links":{"self":[{"href":"https:\/\/roveyayinevi.com.tr\/index.php\/wp-json\/wp\/v2\/product\/715803","targetHints":{"allow":["GET"]}}],"collection":[{"href":"https:\/\/roveyayinevi.com.tr\/index.php\/wp-json\/wp\/v2\/product"}],"about":[{"href":"https:\/\/roveyayinevi.com.tr\/index.php\/wp-json\/wp\/v2\/types\/product"}],"wp:attachment":[{"href":"https:\/\/roveyayinevi.com.tr\/index.php\/wp-json\/wp\/v2\/media?parent=715803"}],"wp:term":[{"taxonomy":"product_brand","embeddable":true,"href":"https:\/\/roveyayinevi.com.tr\/index.php\/wp-json\/wp\/v2\/product_brand?post=715803"},{"taxonomy":"product_cat","embeddable":true,"href":"https:\/\/roveyayinevi.com.tr\/index.php\/wp-json\/wp\/v2\/product_cat?post=715803"},{"taxonomy":"product_tag","embeddable":true,"href":"https:\/\/roveyayinevi.com.tr\/index.php\/wp-json\/wp\/v2\/product_tag?post=715803"}],"curies":[{"name":"wp","href":"https:\/\/api.w.org\/{rel}","templated":true}]}}