{"id":715802,"date":"2025-08-27T17:34:59","date_gmt":"2025-08-27T14:34:59","guid":{"rendered":"https:\/\/roveyayinevi.com.tr\/index.php\/urun\/burcunun-oykuleri-1\/"},"modified":"2026-04-08T02:30:57","modified_gmt":"2026-04-07T23:30:57","slug":"burcunun-oykuleri-1","status":"publish","type":"product","link":"https:\/\/roveyayinevi.com.tr\/index.php\/urun\/burcunun-oykuleri-1\/","title":{"rendered":"Burcu&#8217;nun \u00d6yk\u00fcleri -1"},"content":{"rendered":"<p>Banu; c\u0327elimsiz, k\u0131r\u0131lgan ve ic\u0327ine kapan\u0131k olan kardes\u0327i Burcu\u2019nun her halinden s\u0327ikayet eden bir ablad\u0131r. Anne ve babas\u0131n\u0131n, kardes\u0327ine go\u0308sterdikleri sevgi ve anlay\u0131s\u0327\u0131 bir tu\u0308rlu\u0308 kabullenmek istemez. Bir kamp yolculug\u0306uyla bas\u0327layan olaylar zamanla Banu\u2019nun kendi ic\u0327indeki duygu yolculug\u0306una uzan\u0131r. Burcu\u2019nun gizemli du\u0308nyas\u0131n\u0131 kes\u0327fettikc\u0327e, ona olan o\u0308fke ve k\u0131skanc\u0327l\u0131g\u0306\u0131n\u0131n yerini farkl\u0131 duygular al\u0131r. Sevgiyi yes\u0327erten, duygu dolu, s\u0131cac\u0131k bir kardes\u0327lik o\u0308yku\u0308su\u0308&#8230; <\/p>\n","protected":false},"excerpt":{"rendered":"<p>Banu; c\u0327elimsiz, k\u0131r\u0131lgan ve ic\u0327ine kapan\u0131k olan kardes\u0327i Burcu\u2019nun her halinden s\u0327ikayet eden bir ablad\u0131r. Anne ve babas\u0131n\u0131n, kardes\u0327ine go\u0308sterdikleri sevgi ve anlay\u0131s\u0327\u0131 bir tu\u0308rlu\u0308 kabullenmek<span class=\"excerpt-hellip\"> [\u2026]<\/span><\/p>\n","protected":false},"featured_media":0,"template":"","meta":{"_monsterinsights_skip_tracking":false,"_monsterinsights_sitenote_active":false,"_monsterinsights_sitenote_note":"","_monsterinsights_sitenote_category":0},"product_brand":[],"product_cat":[12274,12284],"product_tag":[],"class_list":{"0":"post-715802","1":"product","2":"type-product","3":"status-publish","5":"product_cat-cocuk-ve-genclik-kitaplari","6":"product_cat-hikayeler","7":"pa_cilt-ciltsiz","8":"pa_tur-kitap","9":"pa_yayinevi-hayykitap","10":"pa_yazar-mehmet-kemal-erdogan","12":"first","13":"instock","14":"sale","15":"shipping-taxable","16":"purchasable","17":"product-type-simple"},"_links":{"self":[{"href":"https:\/\/roveyayinevi.com.tr\/index.php\/wp-json\/wp\/v2\/product\/715802","targetHints":{"allow":["GET"]}}],"collection":[{"href":"https:\/\/roveyayinevi.com.tr\/index.php\/wp-json\/wp\/v2\/product"}],"about":[{"href":"https:\/\/roveyayinevi.com.tr\/index.php\/wp-json\/wp\/v2\/types\/product"}],"wp:attachment":[{"href":"https:\/\/roveyayinevi.com.tr\/index.php\/wp-json\/wp\/v2\/media?parent=715802"}],"wp:term":[{"taxonomy":"product_brand","embeddable":true,"href":"https:\/\/roveyayinevi.com.tr\/index.php\/wp-json\/wp\/v2\/product_brand?post=715802"},{"taxonomy":"product_cat","embeddable":true,"href":"https:\/\/roveyayinevi.com.tr\/index.php\/wp-json\/wp\/v2\/product_cat?post=715802"},{"taxonomy":"product_tag","embeddable":true,"href":"https:\/\/roveyayinevi.com.tr\/index.php\/wp-json\/wp\/v2\/product_tag?post=715802"}],"curies":[{"name":"wp","href":"https:\/\/api.w.org\/{rel}","templated":true}]}}