{"id":715801,"date":"2025-08-27T17:34:59","date_gmt":"2025-08-27T14:34:59","guid":{"rendered":"https:\/\/roveyayinevi.com.tr\/index.php\/urun\/biyo-politik-savaslar\/"},"modified":"2026-04-16T02:23:55","modified_gmt":"2026-04-15T23:23:55","slug":"biyo-politik-savaslar","status":"publish","type":"product","link":"https:\/\/roveyayinevi.com.tr\/index.php\/urun\/biyo-politik-savaslar\/","title":{"rendered":"Biyo &#8211; Politik Sava\u015flar"},"content":{"rendered":"<p>ABD ba\u015fkan\u0131 se\u00e7ilen Trump, ilk i\u015f olarak Paris \u0130klim Anla\u015fmas\u0131\u2019n\u0131 neden iptal etti? Su ve g\u0131da sava\u015flar\u0131 sebebiyle a\u00e7 susuz kalacak olan milyarlarca insan\u0131n k\u00fcresel g\u00f6\u00e7\u00fcn\u00fcn sonu\u00e7lar\u0131 ne olacak? Yery\u00fcz\u00fcndeki su ve g\u0131da zincirinin sadece on uluslar\u00fcst\u00fc \u015firket taraf\u0131ndan kontrol edilmesine kim dur diyecek? K\u00fcresel elitler neden yery\u00fcz\u00fcnde ulus devletler \u00fcst\u00fc iklim y\u00f6netim \u015fekli bir zarurettir diyorlar? \u201cD\u00fcnya n\u00fcfusunu 300 milyona indirelim\u201d k\u0131yamet s\u00f6ylemi kim taraf\u0131ndan dile getiriliyor? ABD Ba\u015fkan\u0131 Trump\u2019\u0131n k\u00fcresel iklim de\u011fi\u015fikli\u011fine kar\u015f\u0131 \u201calternatif bilim\u201d diye ortaya att\u0131\u011f\u0131 doktrin nedir? T\u00fcrk tar\u0131m\u0131n\u0131 ABD\u2019nin GDO\u2019lu tar\u0131m \u00fcr\u00fcnlerinin, \u0130srail men\u015feli tohumlar\u0131n\u0131n istilas\u0131 alt\u0131na kim sokmu\u015ftur? K\u00fcresel iklim de\u011fi\u015fikli\u011finin IMF-BM destekli K\u00fcresel \u0130klim Y\u00f6netimi\u2019ne y\u00f6nelik manip\u00fclasyonlar\u0131na bir tek tan\u0131mlama yap\u0131labilir: ekolojik emperyalizm ya da biyo-politik kaos. Ad\u0131na k\u0131saca biyo-politik sava\u015flar diyebilece\u011fimiz iklim ba\u011flant\u0131l\u0131 su, GDO\u2019lu yiyecekler ve bunlar\u0131n sebep oldu\u011fu kitlesel hastal\u0131klar gerek insanl\u0131k i\u00e7in gerek milli seviyede sa\u011fl\u0131k istihbarat\u0131n\u0131, en \u00f6nemli genetik ve biyo-politik sava\u015flar\u0131n unsuru haline getirecek. Yirmi birinci y\u00fczy\u0131l\u0131n en temel ticari mallar\u0131 maalesef insanlar\u0131n en hayati-insani ihtiya\u00e7lar\u0131 olacak: SuG\u0131da Sa\u011fl\u0131k\u0130nsan Ticareti<\/p>\n","protected":false},"excerpt":{"rendered":"<p>ABD ba\u015fkan\u0131 se\u00e7ilen Trump, ilk i\u015f olarak Paris \u0130klim Anla\u015fmas\u0131\u2019n\u0131 neden iptal etti? Su ve g\u0131da sava\u015flar\u0131 sebebiyle a\u00e7 susuz kalacak olan milyarlarca insan\u0131n k\u00fcresel g\u00f6\u00e7\u00fcn\u00fcn<span class=\"excerpt-hellip\"> [\u2026]<\/span><\/p>\n","protected":false},"featured_media":0,"template":"","meta":{"_monsterinsights_skip_tracking":false,"_monsterinsights_sitenote_active":false,"_monsterinsights_sitenote_note":"","_monsterinsights_sitenote_category":0},"product_brand":[],"product_cat":[13590,12337],"product_tag":[],"class_list":{"0":"post-715801","1":"product","2":"type-product","3":"status-publish","5":"product_cat-arastirma-inceleme-politika-siyaset","6":"product_cat-politika-siyaset","7":"pa_cilt-ciltsiz","8":"pa_tur-kitap","9":"pa_yayinevi-destek-yayinlari","10":"pa_yazar-ramazan-kurtoglu","12":"first","13":"instock","14":"sale","15":"shipping-taxable","16":"purchasable","17":"product-type-simple"},"_links":{"self":[{"href":"https:\/\/roveyayinevi.com.tr\/index.php\/wp-json\/wp\/v2\/product\/715801","targetHints":{"allow":["GET"]}}],"collection":[{"href":"https:\/\/roveyayinevi.com.tr\/index.php\/wp-json\/wp\/v2\/product"}],"about":[{"href":"https:\/\/roveyayinevi.com.tr\/index.php\/wp-json\/wp\/v2\/types\/product"}],"wp:attachment":[{"href":"https:\/\/roveyayinevi.com.tr\/index.php\/wp-json\/wp\/v2\/media?parent=715801"}],"wp:term":[{"taxonomy":"product_brand","embeddable":true,"href":"https:\/\/roveyayinevi.com.tr\/index.php\/wp-json\/wp\/v2\/product_brand?post=715801"},{"taxonomy":"product_cat","embeddable":true,"href":"https:\/\/roveyayinevi.com.tr\/index.php\/wp-json\/wp\/v2\/product_cat?post=715801"},{"taxonomy":"product_tag","embeddable":true,"href":"https:\/\/roveyayinevi.com.tr\/index.php\/wp-json\/wp\/v2\/product_tag?post=715801"}],"curies":[{"name":"wp","href":"https:\/\/api.w.org\/{rel}","templated":true}]}}