{"id":715800,"date":"2025-08-27T17:34:58","date_gmt":"2025-08-27T14:34:58","guid":{"rendered":"https:\/\/roveyayinevi.com.tr\/index.php\/urun\/icimden-gecen-yolda\/"},"modified":"2026-04-16T02:23:55","modified_gmt":"2026-04-15T23:23:55","slug":"icimden-gecen-yolda","status":"publish","type":"product","link":"https:\/\/roveyayinevi.com.tr\/index.php\/urun\/icimden-gecen-yolda\/","title":{"rendered":"\u0130\u00e7imden Ge\u00e7en Yolda"},"content":{"rendered":"<p>Bu kitab\u0131n yaz\u0131lmas\u0131 bitmek \u00fczereydi. \u0130\u00e7inde yer alan yaz\u0131lar, kitaba kendi adlar\u0131n\u0131n verilmesi i\u00e7in s\u0131k\u0131 bir kavgaya tutu\u015ftular. Babas\u0131 \u00c7al\u0131nan Bisiklet\u00e7i diyordu ki, \u201cBu bir yol kitab\u0131; benim ad\u0131m yak\u0131\u015f\u0131r!\u201d \u00c7a\u011flayandan D\u00fc\u015fen Sincap da diyordu ki, \u201cBu bir co\u011frafya kitab\u0131; ad\u0131 benim ad\u0131m olmal\u0131!\u201d Ka\u011fa Delik s\u00f6yleniyordu, \u201cBu kitap \u00e7ok \u015fiirsel, ben de bir \u015fairi anlat\u0131yorum. Ad\u0131n\u0131 benden als\u0131n!\u201d G\u00f6kku\u015fa\u011f\u0131n\u0131n Ayakkab\u0131s\u0131, hepsine tersleniyordu: \u201cBu reng\u00e2renk bir kitap, benim ad\u0131mdan ba\u015fkas\u0131 yak\u0131\u015fmaz!\u201d \u015eemsiyemin \u00dcst\u00fcnde U\u00e7an Mart\u0131 ortaya at\u0131larak dedi ki, \u201cBiliyorsunuz, bu adam bu kitab\u0131 u\u00e7arak yazd\u0131. Kitab\u0131n ad\u0131n\u0131 hak eden benim! Benim ad\u0131m verilmeli!\u201d Tam o s\u0131rada bir g\u00fcr\u00fclt\u00fc duyuldu ve Vecihi H\u00fcrku\u015f u\u00e7a\u011f\u0131yla Apollo 11\u2019in yan\u0131ndan h\u0131zla ge\u00e7erek yaz\u0131lar\u0131n aras\u0131na dald\u0131. Di\u011fer ad adaylar\u0131n\u0131n harflerini darmaduman edip havaya savurdu ve u\u00e7a\u011f\u0131yla akrobatik hareketler yaparak kitab\u0131n ad\u0131n\u0131 g\u00f6ky\u00fcz\u00fcne yazd\u0131: \u0130\u00e7imden Ge\u00e7en Yolda. Durum budur! <\/p>\n","protected":false},"excerpt":{"rendered":"<p>Bu kitab\u0131n yaz\u0131lmas\u0131 bitmek \u00fczereydi. \u0130\u00e7inde yer alan yaz\u0131lar, kitaba kendi adlar\u0131n\u0131n verilmesi i\u00e7in s\u0131k\u0131 bir kavgaya tutu\u015ftular. Babas\u0131 \u00c7al\u0131nan Bisiklet\u00e7i diyordu ki, \u201cBu bir yol<span class=\"excerpt-hellip\"> [\u2026]<\/span><\/p>\n","protected":false},"featured_media":0,"template":"","meta":{"_monsterinsights_skip_tracking":false,"_monsterinsights_sitenote_active":false,"_monsterinsights_sitenote_note":"","_monsterinsights_sitenote_category":0},"product_brand":[],"product_cat":[12777,12291],"product_tag":[],"class_list":{"0":"post-715800","1":"product","2":"type-product","3":"status-publish","5":"product_cat-deneme","6":"product_cat-edebiyat","7":"pa_cilt-ciltsiz","8":"pa_tur-kitap","9":"pa_yayinevi-kara-karga-yayinlari","10":"pa_yazar-akgun-akova","12":"first","13":"instock","14":"sale","15":"shipping-taxable","16":"purchasable","17":"product-type-simple"},"_links":{"self":[{"href":"https:\/\/roveyayinevi.com.tr\/index.php\/wp-json\/wp\/v2\/product\/715800","targetHints":{"allow":["GET"]}}],"collection":[{"href":"https:\/\/roveyayinevi.com.tr\/index.php\/wp-json\/wp\/v2\/product"}],"about":[{"href":"https:\/\/roveyayinevi.com.tr\/index.php\/wp-json\/wp\/v2\/types\/product"}],"wp:attachment":[{"href":"https:\/\/roveyayinevi.com.tr\/index.php\/wp-json\/wp\/v2\/media?parent=715800"}],"wp:term":[{"taxonomy":"product_brand","embeddable":true,"href":"https:\/\/roveyayinevi.com.tr\/index.php\/wp-json\/wp\/v2\/product_brand?post=715800"},{"taxonomy":"product_cat","embeddable":true,"href":"https:\/\/roveyayinevi.com.tr\/index.php\/wp-json\/wp\/v2\/product_cat?post=715800"},{"taxonomy":"product_tag","embeddable":true,"href":"https:\/\/roveyayinevi.com.tr\/index.php\/wp-json\/wp\/v2\/product_tag?post=715800"}],"curies":[{"name":"wp","href":"https:\/\/api.w.org\/{rel}","templated":true}]}}