{"id":715799,"date":"2025-08-27T17:34:58","date_gmt":"2025-08-27T14:34:58","guid":{"rendered":"https:\/\/roveyayinevi.com.tr\/index.php\/urun\/izlandanin-cani\/"},"modified":"2026-04-16T02:23:55","modified_gmt":"2026-04-15T23:23:55","slug":"izlandanin-cani","status":"publish","type":"product","link":"https:\/\/roveyayinevi.com.tr\/index.php\/urun\/izlandanin-cani\/","title":{"rendered":"\u0130zlanda&#8217;n\u0131n \u00c7an\u0131"},"content":{"rendered":"<p>\u0130zlanda\u2019n\u0131n \u00c7an\u0131 yazar\u0131 Laxness,  \u00c7a\u011fda\u015f \u0130zlanda kurgusunun tart\u0131\u015fmas\u0131z ustas\u0131 ve ya\u015fad\u0131\u011f\u0131 y\u00fczy\u0131l\u0131n en b\u00fcy\u00fck romanc\u0131lar\u0131ndan biridir. Altm\u0131\u015ftan fazla kitap yazan Laxness, 1955 y\u0131l\u0131nda Nobel Edebiyat \u00d6d\u00fcl\u00fc\u2019n\u00fc ald\u0131.17. y\u00fczy\u0131l\u0131n sonlar\u0131nda \u0130zlanda\u2019da ge\u00e7en eser, \u2018bir zamanlar \u0130zlandal\u0131lar\u0131n tek ulusal miras\u0131 \u00e7an\u2019 diye ba\u015flar. Ba\u015fkahraman sevimli bir \u00e7ift\u00e7i ve h\u0131rs\u0131z olan J\u00f3n Hreggvi\u00f0sson, olta telini \u00e7ald\u0131\u011f\u0131 i\u00e7in tutuklan\u0131r. S\u00f6m\u00fcrge olan \u0130zlanda\u2019n\u0131n ba\u015f\u0131nda bulunan Danimarka Kral\u0131, \u0130sve\u00e7liler taraf\u0131ndan tahrip edilen Kopenhag\u2019\u0131n yeniden in\u015fa edilmesi i\u00e7in manevi de\u011feri y\u00fcksek bu \u00e7an\u0131n eritilip in\u015fada kullan\u0131lmas\u0131 ister ve bu i\u015fi de J\u00f3n\u2019un \u00fcstlenmesi emrini verir. \u0130zlanda\u2019n\u0131n onuruna yap\u0131lan bu sald\u0131r\u0131, kitap boyunca kahramanlar\u0131n adalet aray\u0131\u015flar\u0131na yol a\u00e7ar.\u0130zlanda\u2019n\u0131n \u00c7an\u0131 yan\u0131 s\u0131ra Sar\u0131\u015f\u0131n Bakire ve Kopenhag\u2019ta Yang\u0131n \u00f6yk\u00fcleri kitapta bir \u00fc\u00e7leme olarak bu aray\u0131\u015f\u0131 dillendiriyor.M\u00fccadele s\u0131ras\u0131nda J\u00f3n, \u0130zlanda\u2019n\u0131n sulh h\u00e2kiminin k\u0131z\u0131 g\u00fczel Sn\u00e6fri\u00f0ur\u2019la ve onun sevdi\u011fi, ona kar\u015f\u0131 m\u00fccadele etti\u011fi kral\u0131n dan\u0131\u015fman\u0131 Arnas Arn\u00e6us\u2019la kar\u015f\u0131 kar\u015f\u0131ya gelir.Arn\u00e6us, \u00fclkenin ileri gelenleriyle ger\u00e7ekle\u015ftirdi\u011fi bir ziyaret s\u0131ras\u0131nda J\u00f3n\u2019un annesinin yata\u011f\u0131n\u0131n alt\u0131ndaki saman ve \u00e7\u00f6p y\u0131\u011f\u0131n\u0131n\u0131n i\u00e7inde, en de\u011ferli el yazmalar\u0131ndan olan Sk\u00e1lda\u2019ya ait par\u00e7alar bulur. \u00c7ift\u00e7inin harap evine yap\u0131lan bu ziyaret s\u0131ras\u0131nda, J\u00f3n Hreggvi\u00f0sson\u2019un c\u00fczzaml\u0131 ailesinden korkan gen\u00e7 Sn\u00e6fri\u00f0ur, kendisini korumas\u0131 i\u00e7in Arn\u00e6us\u2019la yak\u0131nla\u015f\u0131r.    Okuyucu, Sn\u00e6fri\u00f0ur\u2019un Arn\u00e6us\u2019a bir zamanlar umutsuz bir a\u015fk besledi\u011fini, \u00fclkesinin onuru ve \u015fan\u0131 i\u00e7in b\u0131kmadan \u00e7al\u0131\u015fan adama hayranl\u0131k duydu\u011funu anlar.Sn\u00e6fri\u00f0ur, J\u00f3n infaz\u0131ndan \u00f6nceki g\u00fcn serbest kalmas\u0131na yard\u0131m eder. Ba\u015fkahraman karanl\u0131k hapishanelerden \u00e7\u0131kt\u0131ktan sonra Sn\u00e6fri\u00f0ur\u2019u bulur.  Kad\u0131n kahraman\u0131m\u0131z y\u0131llar sonra, y\u0131k\u0131k d\u00f6k\u00fck bir \u00e7iftlikte ya\u015famaktad\u0131r, hala g\u00fczeldir ancak tehlikeli bir alkolik olan serseri Magn\u00fas\u2019la evlidir. Kitaptaki en i\u00e7ler ac\u0131s\u0131 ve komik sahnelerden biri de, sarho\u015f bir halde yabanc\u0131 birinin bah\u00e7esinde durup ondan kellesini kesmesini isteyen Magn\u00fas, bir f\u0131\u00e7\u0131 i\u00e7ki kar\u015f\u0131l\u0131\u011f\u0131nda kar\u0131s\u0131n\u0131 satarak bir anla\u015fma yapmas\u0131d\u0131r. Rahip, bu haberi kad\u0131n kahraman\u0131m\u0131za verdi\u011finde kendisi, Laxness\u2019in tarz\u0131na uygun olarak, yaln\u0131zca g\u00fcler\u2026\u00d6l\u00fcm\u00fcn k\u0131y\u0131s\u0131nda kara mizah\u0131 bar\u0131nd\u0131ran \u0130zlanda\u2019n\u0131n \u00c7an\u0131, modern roman bi\u00e7imiyle yar\u0131 folklorik nitelik ta\u015f\u0131r. Yazar, mizahi bak\u0131\u015f a\u00e7\u0131s\u0131n\u0131 kazand\u0131rmak i\u00e7in \u00fclkenin k\u00fclt\u00fcrel ge\u00e7mi\u015finin dev hik\u00e2yelerini kullan\u0131r ve onlar\u0131 ac\u0131n\u0131n izd\u00fc\u015f\u00fcm\u00fcnde ya\u015fama d\u00f6n\u00fc\u015ft\u00fcr\u00fcr. <\/p>\n","protected":false},"excerpt":{"rendered":"<p>\u0130zlanda\u2019n\u0131n \u00c7an\u0131 yazar\u0131 Laxness, \u00c7a\u011fda\u015f \u0130zlanda kurgusunun tart\u0131\u015fmas\u0131z ustas\u0131 ve ya\u015fad\u0131\u011f\u0131 y\u00fczy\u0131l\u0131n en b\u00fcy\u00fck romanc\u0131lar\u0131ndan biridir. Altm\u0131\u015ftan fazla kitap yazan Laxness, 1955 y\u0131l\u0131nda Nobel Edebiyat \u00d6d\u00fcl\u00fc\u2019n\u00fc<span class=\"excerpt-hellip\"> [\u2026]<\/span><\/p>\n","protected":false},"featured_media":0,"template":"","meta":{"_monsterinsights_skip_tracking":false,"_monsterinsights_sitenote_active":false,"_monsterinsights_sitenote_note":"","_monsterinsights_sitenote_category":0},"product_brand":[],"product_cat":[12291,12711],"product_tag":[],"class_list":{"0":"post-715799","1":"product","2":"type-product","3":"status-publish","5":"product_cat-edebiyat","6":"product_cat-roman-oyku","7":"pa_cilt-ciltsiz","8":"pa_tur-kitap","9":"pa_yayinevi-kitap-saati-yayinevi","10":"pa_yazar-halldor-laxness","12":"first","13":"instock","14":"sale","15":"shipping-taxable","16":"purchasable","17":"product-type-simple"},"_links":{"self":[{"href":"https:\/\/roveyayinevi.com.tr\/index.php\/wp-json\/wp\/v2\/product\/715799","targetHints":{"allow":["GET"]}}],"collection":[{"href":"https:\/\/roveyayinevi.com.tr\/index.php\/wp-json\/wp\/v2\/product"}],"about":[{"href":"https:\/\/roveyayinevi.com.tr\/index.php\/wp-json\/wp\/v2\/types\/product"}],"wp:attachment":[{"href":"https:\/\/roveyayinevi.com.tr\/index.php\/wp-json\/wp\/v2\/media?parent=715799"}],"wp:term":[{"taxonomy":"product_brand","embeddable":true,"href":"https:\/\/roveyayinevi.com.tr\/index.php\/wp-json\/wp\/v2\/product_brand?post=715799"},{"taxonomy":"product_cat","embeddable":true,"href":"https:\/\/roveyayinevi.com.tr\/index.php\/wp-json\/wp\/v2\/product_cat?post=715799"},{"taxonomy":"product_tag","embeddable":true,"href":"https:\/\/roveyayinevi.com.tr\/index.php\/wp-json\/wp\/v2\/product_tag?post=715799"}],"curies":[{"name":"wp","href":"https:\/\/api.w.org\/{rel}","templated":true}]}}