{"id":715795,"date":"2025-08-27T17:34:55","date_gmt":"2025-08-27T14:34:55","guid":{"rendered":"https:\/\/roveyayinevi.com.tr\/index.php\/urun\/matematigin-kisa-tarihi\/"},"modified":"2026-04-16T02:23:55","modified_gmt":"2026-04-15T23:23:55","slug":"matematigin-kisa-tarihi","status":"publish","type":"product","link":"https:\/\/roveyayinevi.com.tr\/index.php\/urun\/matematigin-kisa-tarihi\/","title":{"rendered":"Matemati\u011fin K\u0131sa Tarihi"},"content":{"rendered":"<p>G\u00fcn\u00fcm\u00fczden yakla\u015f\u0131k 1200 y\u0131l \u00f6nce Abbasi halifesi el-Memun b\u00fcy\u00fck matematik\u00e7i Harezmi\u2019den matemati\u011fi herkesin anlamas\u0131n\u0131 ve hem i\u015f hayat\u0131nda hem g\u00fcndelik hayat\u0131nda, arazi \u00f6l\u00e7\u00fcm\u00fcnde, ticari i\u015flemlerde, miras payla\u015f\u0131m\u0131nda kullanabilmesini sa\u011flayacak bir elkitab\u0131 haz\u0131rlamas\u0131n\u0131 istedi. Harezmi kitaba teorik bir b\u00f6l\u00fcm de ekledi ve b\u00f6ylece ortaya me\u015fhur Kitab\u00fc\u2019l Muhtasar fi\u2019l Hisabi\u2019l Cebr ve\u2019l Mukabele, yani bug\u00fcn bilinen ad\u0131yla Cebir adl\u0131 eser \u00e7\u0131kt\u0131. D\u00fcnya bu kitaptan \u00e7ok \u015fey \u00f6\u011frendi. Matemati\u011fin K\u0131sa Tarihi\u2019ni Launay\u2019a el-Memun sipari\u015f etmemi\u015f olsa da, yazar\u0131n kayg\u0131s\u0131 halifeninkiyle ayn\u0131: sokaktaki insana matemati\u011fi tan\u0131tmak, sevdirmek; bilimi hayat\u0131n i\u00e7ine daha fazla sokabilmek, b\u00f6ylece ak\u0131lc\u0131 d\u00fc\u015f\u00fcnceyi te\u015fvik etmek, dolay\u0131s\u0131yla refah\u0131 ve mutlulu\u011fu art\u0131rmak. Matemati\u011fe merakl\u0131 okur bu kitab\u0131n yard\u0131m\u0131yla, \u00e7etele tutmaktan algoritma haz\u0131rlamaya, matematiksel d\u00fc\u015f\u00fcncenin t\u00fcm evreleri hakk\u0131nda bilgi sahibi olacak\u2026 <\/p>\n","protected":false},"excerpt":{"rendered":"<p>G\u00fcn\u00fcm\u00fczden yakla\u015f\u0131k 1200 y\u0131l \u00f6nce Abbasi halifesi el-Memun b\u00fcy\u00fck matematik\u00e7i Harezmi\u2019den matemati\u011fi herkesin anlamas\u0131n\u0131 ve hem i\u015f hayat\u0131nda hem g\u00fcndelik hayat\u0131nda, arazi \u00f6l\u00e7\u00fcm\u00fcnde, ticari i\u015flemlerde, miras<span class=\"excerpt-hellip\"> [\u2026]<\/span><\/p>\n","protected":false},"featured_media":0,"template":"","meta":{"_monsterinsights_skip_tracking":false,"_monsterinsights_sitenote_active":false,"_monsterinsights_sitenote_note":"","_monsterinsights_sitenote_category":0},"product_brand":[],"product_cat":[13005,13006],"product_tag":[],"class_list":{"0":"post-715795","1":"product","2":"type-product","3":"status-publish","5":"product_cat-bilim-muhendislik","6":"product_cat-populer-bilim","7":"pa_cilt-ciltsiz","8":"pa_tur-kitap","9":"pa_yayinevi-say-yayinlari","10":"pa_yazar-mickael-launay","12":"first","13":"instock","14":"sale","15":"shipping-taxable","16":"purchasable","17":"product-type-simple"},"_links":{"self":[{"href":"https:\/\/roveyayinevi.com.tr\/index.php\/wp-json\/wp\/v2\/product\/715795","targetHints":{"allow":["GET"]}}],"collection":[{"href":"https:\/\/roveyayinevi.com.tr\/index.php\/wp-json\/wp\/v2\/product"}],"about":[{"href":"https:\/\/roveyayinevi.com.tr\/index.php\/wp-json\/wp\/v2\/types\/product"}],"wp:attachment":[{"href":"https:\/\/roveyayinevi.com.tr\/index.php\/wp-json\/wp\/v2\/media?parent=715795"}],"wp:term":[{"taxonomy":"product_brand","embeddable":true,"href":"https:\/\/roveyayinevi.com.tr\/index.php\/wp-json\/wp\/v2\/product_brand?post=715795"},{"taxonomy":"product_cat","embeddable":true,"href":"https:\/\/roveyayinevi.com.tr\/index.php\/wp-json\/wp\/v2\/product_cat?post=715795"},{"taxonomy":"product_tag","embeddable":true,"href":"https:\/\/roveyayinevi.com.tr\/index.php\/wp-json\/wp\/v2\/product_tag?post=715795"}],"curies":[{"name":"wp","href":"https:\/\/api.w.org\/{rel}","templated":true}]}}