{"id":715794,"date":"2025-08-27T17:34:55","date_gmt":"2025-08-27T14:34:55","guid":{"rendered":"https:\/\/roveyayinevi.com.tr\/index.php\/urun\/turk-aydinlar-sosyolojisi\/"},"modified":"2026-04-16T02:23:55","modified_gmt":"2026-04-15T23:23:55","slug":"turk-aydinlar-sosyolojisi","status":"publish","type":"product","link":"https:\/\/roveyayinevi.com.tr\/index.php\/urun\/turk-aydinlar-sosyolojisi\/","title":{"rendered":"T\u00fcrk Ayd\u0131nlar Sosyolojisi"},"content":{"rendered":"<p>Ayd\u0131nlar, yazarlar\u0131, sanat\u00e7\u0131lar\u0131, bilim adamlar\u0131n\u0131, d\u00fc\u015f\u00fcn\u00fcrleri, din d\u00fc\u015f\u00fcn\u00fcrlerini, toplum kuramc\u0131lar\u0131n\u0131, siyasal yorumcular\u0131 i\u00e7ine al\u0131r. Ayd\u0131nlar hemen her toplumda vard\u0131r. Okuryazar olmayan toplumlarda b\u00fcy\u00fcc\u00fc ve rahip, ozan ve minstrel, soyk\u00fct\u00fck\u00e7\u00fcler (genealogist) vb. olarak; okuryazar toplumlarda da filozof, ozan, oyun yazar\u0131 (dramatist), memur ya da hukuk\u00e7u olarak. Her \u00fclkede \u2018ayd\u0131nlar\u2019 \u00fclke genelinde sorunlarla doludur. Uzun bir tarihsel ge\u00e7mi\u015fe sahip \u00fclkemizde de ayd\u0131nlar ve sosyolojisi, varl\u0131\u011f\u0131n\u0131 s\u00fcrd\u00fcrm\u00fc\u015f ve s\u00fcrd\u00fcrmektedir. Ku\u015fkusuz ayd\u0131nlar\u0131n varl\u0131\u011f\u0131, o \u00fclkenin geli\u015fmi\u015flik d\u00fczeyine g\u00f6re \u00f6nem kazan\u0131r. Bu ba\u011flamda kimilerinde sorunlarla dolu, kimilerinde, g\u00fcnceldir. \u00dclke s\u00fcrekli de\u011fi\u015fiyorsa ayd\u0131n sorunlar\u0131 da s\u00fcrekli artmaktad\u0131r. \u00d6zellikle ayd\u0131nlar\u0131n e\u011fitimi s\u00fcrekli olarak de\u011fi\u015fiklik g\u00f6sterir. Demokrasinin iyi i\u015fleyi\u015fi, ayd\u0131nlar\u0131n da etkisini g\u00fc\u00e7lendirir. Bu \u00e7al\u0131\u015fmada \u00f6nce, ayd\u0131nlar\u0131n sosyolojik y\u00f6nlerine denilmi\u015ftir. Bu ba\u011flamda, kavram olarak ayd\u0131nlar, sosyolojik kuramlarda ayd\u0131nlar, \u00fclkelerin geli\u015fmi\u015flik derecesi ve ayd\u0131nlar, ayd\u0131nlar\u0131n tarihsel geli\u015fimi, ayd\u0131nlar\u0131n tipolojisi, ayd\u0131n-toplum ili\u015fkisi, ayd\u0131nlar\u0131n i\u015flevleri \u00fczerinde durulmu\u015ftur. Daha sonra, kavram\u0131n T\u00fcrkiye&#8217;deki g\u00f6r\u00fcn\u00fcm\u00fc \u00fczerine a\u011f\u0131rl\u0131k verilmi\u015ftir. Bu \u00e7er\u00e7evede ise, T\u00fcrkiye&#8217;de ayd\u0131nlar, \u00fclkemizde ayd\u0131n-toplum ili\u015fkileri, k\u00fclt\u00fcr ikilemi i\u00e7indeki T\u00fcrk ayd\u0131n\u0131, \u0130sl\u00e2mc\u0131 ayd\u0131n gibi konular ele al\u0131nm\u0131\u015ft\u0131r. Ayd\u0131n olgusu, bir y\u00f6n\u00fcyle, \u2018bilgi sosyolojisi\u2019nin, di\u011fer y\u00f6n\u00fcyle de ayd\u0131n sosyolojisinin konusu olmakt\u0131r.Ayr\u0131ca e\u011fitim sosyolojisi, kamu y\u00f6netimi (\u00f6nderlik, halkla ili\u015fkiler vs.) gibi alanlar\u0131n da konusu olmaktad\u0131r. Yani, geni\u015f kapsaml\u0131, \u00e7ok y\u00f6nl\u00fc bir konudur. O nedenle her bilim dal\u0131 a\u00e7\u0131s\u0131ndan ele al\u0131nan y\u00f6n\u00fcyle farkl\u0131 \u00f6zellikler ta\u015f\u0131maktad\u0131r. Bu nedenle, bir tek yap\u0131t i\u00e7inde her y\u00f6n\u00fcyle ele al\u0131nmas\u0131 zordur. T\u00fcrkiye\u2019de matematik \u00f6\u011fretmeni e\u011fitimi ayr\u0131ca lise ve ortaokul \u00f6\u011frencilerinin e\u011fitimine y\u00f6nelik yay\u0131n say\u0131s\u0131 olduk\u00e7a yetersizdir. Mevcut yay\u0131nlarda da \u00e7\u00f6z\u00fcml\u00fc matematiksel modelleme problemlerinden ziyade bir\u00e7ok kaynaktan eri\u015filebilecek olan teorik bilgi yer almaktad\u0131r. Matematiksel modelleme e\u011fitiminde as\u0131l \u00f6nemli ve ihtiya\u00e7 olan nokta ise \u00e7ok say\u0131da \u00e7\u00f6z\u00fcml\u00fc problemin okuyucuyla bulu\u015fturulmas\u0131d\u0131r. Bu kitapta, matematiksel modelleme e\u011fitiminin kuramsal yap\u0131s\u0131 yeterli d\u00fczeyde verilmektedir. Bununla birlikte \u00e7ok say\u0131da \u00e7\u00f6z\u00fcml\u00fc \u00f6rnek ve \u00e7\u00f6z\u00fcm\u00fc okuyucuya b\u0131rak\u0131lm\u0131\u015f problemler de yer almaktad\u0131r.<\/p>\n","protected":false},"excerpt":{"rendered":"<p>Ayd\u0131nlar, yazarlar\u0131, sanat\u00e7\u0131lar\u0131, bilim adamlar\u0131n\u0131, d\u00fc\u015f\u00fcn\u00fcrleri, din d\u00fc\u015f\u00fcn\u00fcrlerini, toplum kuramc\u0131lar\u0131n\u0131, siyasal yorumcular\u0131 i\u00e7ine al\u0131r. Ayd\u0131nlar hemen her toplumda vard\u0131r. Okuryazar olmayan toplumlarda b\u00fcy\u00fcc\u00fc ve rahip, ozan<span class=\"excerpt-hellip\"> [\u2026]<\/span><\/p>\n","protected":false},"featured_media":0,"template":"","meta":{"_monsterinsights_skip_tracking":false,"_monsterinsights_sitenote_active":false,"_monsterinsights_sitenote_note":"","_monsterinsights_sitenote_category":0},"product_brand":[],"product_cat":[12325,12324],"product_tag":[],"class_list":{"0":"post-715794","1":"product","2":"type-product","3":"status-publish","5":"product_cat-diger-sosyoloji","6":"product_cat-sosyoloji","7":"pa_cilt-ciltsiz","8":"pa_tur-kitap","9":"pa_yayinevi-ani-yayincilik","10":"pa_yazar-mahmut-tezcan","12":"first","13":"instock","14":"sale","15":"shipping-taxable","16":"purchasable","17":"product-type-simple"},"_links":{"self":[{"href":"https:\/\/roveyayinevi.com.tr\/index.php\/wp-json\/wp\/v2\/product\/715794","targetHints":{"allow":["GET"]}}],"collection":[{"href":"https:\/\/roveyayinevi.com.tr\/index.php\/wp-json\/wp\/v2\/product"}],"about":[{"href":"https:\/\/roveyayinevi.com.tr\/index.php\/wp-json\/wp\/v2\/types\/product"}],"wp:attachment":[{"href":"https:\/\/roveyayinevi.com.tr\/index.php\/wp-json\/wp\/v2\/media?parent=715794"}],"wp:term":[{"taxonomy":"product_brand","embeddable":true,"href":"https:\/\/roveyayinevi.com.tr\/index.php\/wp-json\/wp\/v2\/product_brand?post=715794"},{"taxonomy":"product_cat","embeddable":true,"href":"https:\/\/roveyayinevi.com.tr\/index.php\/wp-json\/wp\/v2\/product_cat?post=715794"},{"taxonomy":"product_tag","embeddable":true,"href":"https:\/\/roveyayinevi.com.tr\/index.php\/wp-json\/wp\/v2\/product_tag?post=715794"}],"curies":[{"name":"wp","href":"https:\/\/api.w.org\/{rel}","templated":true}]}}