{"id":715793,"date":"2025-08-27T17:34:54","date_gmt":"2025-08-27T14:34:54","guid":{"rendered":"https:\/\/roveyayinevi.com.tr\/index.php\/urun\/ekokoy-findhorn\/"},"modified":"2026-04-16T02:23:55","modified_gmt":"2026-04-15T23:23:55","slug":"ekokoy-findhorn","status":"publish","type":"product","link":"https:\/\/roveyayinevi.com.tr\/index.php\/urun\/ekokoy-findhorn\/","title":{"rendered":"Ekok\u00f6y Findhorn"},"content":{"rendered":"<p>&#8220;I\u015f\u0131k sa\u00e7an bir enerji yay\u0131l\u0131r ve t\u00fcm ya\u015fam\u0131 olu\u015fturur. Bizimle; bitkiler, do\u011fa ruhlar\u0131 ya da bu gezegendeki hayat\u0131 payla\u015ft\u0131\u011f\u0131m\u0131z insanlar arac\u0131l\u0131\u011f\u0131yla konu\u015fsa da, t\u00fcm\u00fc arkalar\u0131ndaki ve i\u00e7lerindeki derin ger\u00e7ekli\u011fin yans\u0131malar\u0131d\u0131r. FindhornEkok\u00f6y\u00fc\u2019nde mit ger\u00e7e\u011fe d\u00f6n\u00fc\u015ft\u00fc ve bize sadece spirit\u00fcalizmin yeni bir formunu de\u011fil, yeni bir ya\u015fam ve birlik vizyonu da sundu. Esasen devalar ve do\u011fa ruhlar\u0131 kendi benliklerimize ait y\u00f6nlerdir. Bizi ger\u00e7ek kimli\u011fimize, i\u00e7imizdeki kutsal ger\u00e7ekli\u011fe y\u00f6nlendirirler. Ekok\u00f6y\u00fcnhikayesi bu hayat\u0131n say\u0131s\u0131z bi\u00e7imde kutlanmas\u0131d\u0131r. Bu kutlamaya kat\u0131larak hissetti\u011fimiz ne\u015fe, kendimizin ve etraf\u0131m\u0131zdaki t\u00fcm ya\u015fam\u0131n g\u00fczelli\u011fini a\u00e7\u0131\u011fa vurmaya olan ba\u011fl\u0131l\u0131\u011f\u0131m\u0131z\u0131 art\u0131rs\u0131n.\u201d Ekok\u00f6yleri anlatan kitaplar ile, d\u00fcnyan\u0131n de\u011fi\u015fik k\u00f6\u015felerindeki bu g\u00f6z kama\u015ft\u0131r\u0131c\u0131 yerle\u015fimlerin hikayelerini yay\u0131nlamaya devam ediyoruz. Di\u011fer pek \u00e7ok \u015feyin aksine, ekok\u00f6yler \u015fa\u015f\u0131rt\u0131c\u0131 derecede farkl\u0131l\u0131k g\u00f6steriyorlar. Zaten koskoca d\u00fcnyada t\u0131pk\u0131s\u0131n\u0131n ayn\u0131 olsalard\u0131 s\u0131k\u0131c\u0131 olmaz m\u0131yd\u0131lar? FindhornEkok\u00f6y\u00fc \u00f6zel, ilham verici, s\u0131rad\u0131\u015f\u0131 ve g\u00fcne\u015f gibi \u00e7ekici bir ekoyerle\u015fke. \u00dc\u00e7 ki\u015fi ile yola \u00e7\u0131km\u0131\u015f ve t\u00fcm imkans\u0131zl\u0131klara kar\u015f\u0131n ayakta ve birlikte kalmay\u0131 ba\u015farm\u0131\u015f. B\u00fcy\u00fcl\u00fc bir hikayesi var, okurken bir par\u00e7as\u0131 olmay\u0131 dileyeceksiniz ve belki de kalk\u0131p olan biteni yerinde g\u00f6rmek i\u00e7in \u0130sko\u00e7ya\u2019ya gideceksiniz. <\/p>\n","protected":false},"excerpt":{"rendered":"<p>&#8220;I\u015f\u0131k sa\u00e7an bir enerji yay\u0131l\u0131r ve t\u00fcm ya\u015fam\u0131 olu\u015fturur. Bizimle; bitkiler, do\u011fa ruhlar\u0131 ya da bu gezegendeki hayat\u0131 payla\u015ft\u0131\u011f\u0131m\u0131z insanlar arac\u0131l\u0131\u011f\u0131yla konu\u015fsa da, t\u00fcm\u00fc arkalar\u0131ndaki ve<span class=\"excerpt-hellip\"> [\u2026]<\/span><\/p>\n","protected":false},"featured_media":0,"template":"","meta":{"_monsterinsights_skip_tracking":false,"_monsterinsights_sitenote_active":false,"_monsterinsights_sitenote_note":"","_monsterinsights_sitenote_category":0},"product_brand":[],"product_cat":[13005,37328],"product_tag":[],"class_list":{"0":"post-715793","1":"product","2":"type-product","3":"status-publish","5":"product_cat-bilim-muhendislik","6":"product_cat-diger-bilim-muhendislik","7":"pa_cilt-ciltsiz","8":"pa_tur-kitap","9":"pa_yayinevi-yeni-insan-yayinlari","10":"pa_yazar-findhorn-toplulugu","12":"first","13":"instock","14":"sale","15":"shipping-taxable","16":"purchasable","17":"product-type-simple"},"_links":{"self":[{"href":"https:\/\/roveyayinevi.com.tr\/index.php\/wp-json\/wp\/v2\/product\/715793","targetHints":{"allow":["GET"]}}],"collection":[{"href":"https:\/\/roveyayinevi.com.tr\/index.php\/wp-json\/wp\/v2\/product"}],"about":[{"href":"https:\/\/roveyayinevi.com.tr\/index.php\/wp-json\/wp\/v2\/types\/product"}],"wp:attachment":[{"href":"https:\/\/roveyayinevi.com.tr\/index.php\/wp-json\/wp\/v2\/media?parent=715793"}],"wp:term":[{"taxonomy":"product_brand","embeddable":true,"href":"https:\/\/roveyayinevi.com.tr\/index.php\/wp-json\/wp\/v2\/product_brand?post=715793"},{"taxonomy":"product_cat","embeddable":true,"href":"https:\/\/roveyayinevi.com.tr\/index.php\/wp-json\/wp\/v2\/product_cat?post=715793"},{"taxonomy":"product_tag","embeddable":true,"href":"https:\/\/roveyayinevi.com.tr\/index.php\/wp-json\/wp\/v2\/product_tag?post=715793"}],"curies":[{"name":"wp","href":"https:\/\/api.w.org\/{rel}","templated":true}]}}