{"id":715792,"date":"2025-08-27T17:34:54","date_gmt":"2025-08-27T14:34:54","guid":{"rendered":"https:\/\/roveyayinevi.com.tr\/index.php\/urun\/kizil-azize-bir-utoyanin-pesinde\/"},"modified":"2026-04-16T02:23:55","modified_gmt":"2026-04-15T23:23:55","slug":"kizil-azize-bir-utoyanin-pesinde","status":"publish","type":"product","link":"https:\/\/roveyayinevi.com.tr\/index.php\/urun\/kizil-azize-bir-utoyanin-pesinde\/","title":{"rendered":"K\u0131z\u0131l Azize &#8211; Bir \u00dctoyan\u0131n Pe\u015finde"},"content":{"rendered":"<p>\u00d6nc\u00fc Kad\u0131nlar ile Babalar ve K\u0131zlar\u0131 isimli \u00f6d\u00fcll\u00fc kitaplar\u0131yla tan\u0131d\u0131\u011f\u0131m\u0131z Mary M. ve Bryan Talbot ikilisinden, 19. y\u00fczy\u0131l\u0131n en s\u0131rad\u0131\u015f\u0131 kad\u0131nlar\u0131ndan Louise Michel\u2019in, nam\u0131di\u011fer K\u0131z\u0131l Azize\u2019nin etkileyici ya\u015fam\u00f6yk\u00fcs\u00fcn\u00fc g\u00f6zler \u00f6n\u00fcne seren yeni bir grafik roman.K\u0131z\u0131l Azize: Bir \u00dctopyan\u0131n Pe\u015finde, korkusuz ve y\u0131lmaz bir direni\u015f\u00e7i, feminist bir \u00f6\u011fretmen ve tutkulu bir \u015fair olan Louise Michel\u2019in, Paris Kom\u00fcn\u00fc\u2019nden Yeni Kaledonya\u2019daki s\u00fcrg\u00fcn g\u00fcnlerine uzanan m\u00fccadelesinin izini s\u00fcr\u00fcyor.Distopik d\u00fc\u015f\u00fcncelere teslim olan \u00e7a\u011f\u0131m\u0131z insan\u0131na radikal bir iyimserlik \u00f6yk\u00fcs\u00fc sunan ilham verici bu grafik roman, \u00fctopya ve bilimkurgu edebiyat\u0131n\u0131n do\u011fu\u015f \u015fartlar\u0131na da dikkat \u00e7ekerek \u00fctopyalara olan ihtiyac\u0131n hi\u00e7bir zaman t\u00fckenmeyece\u011fini bir kez daha hat\u0131rlat\u0131yor.Akademisyen, yazar Mary M. Talbot ve \u00e7izer Bryan Talbot, cesur ki\u015fili\u011fiyle k\u0131sa s\u00fcrede efsanevi bir \u00fcn kazanan Michel\u2019i tarihin tozlu sayfalar\u0131ndan \u00e7\u0131kararak, siyah-beyaz ve k\u0131rm\u0131z\u0131n\u0131n h\u00e2kim oldu\u011fu \u00e7arp\u0131c\u0131 \u00e7izimlerle ona yeniden hayat veriyor. Genel hik\u00e2ye ak\u0131\u015f\u0131nda ad\u0131 ge\u00e7en tarihsel ki\u015filere ve olaylara dair detayl\u0131 bilgilerin de sunuldu\u011fu \u201cZaman T\u00fcneli\u201d b\u00f6l\u00fcm\u00fcyle K\u0131z\u0131l Azize: Bir \u00dctopyan\u0131n Pe\u015finde, 19. y\u00fczy\u0131l edebiyat\u0131 ve siyasetine egemen olan \u00fctopya tutkusunu da g\u00fcn\u00fcm\u00fcze ta\u015f\u0131yan kapsaml\u0131 bir yap\u0131ta d\u00f6n\u00fc\u015f\u00fcyor. &#8220;G\u00f6r\u00fcnen o ki \u00f6zg\u00fcrl\u00fck i\u00e7in atan her kalp yaln\u0131zca bir par\u00e7a kur\u015fun hak ediyor, bu durumda ben de kendi pay\u0131m\u0131 istiyorum.&#8221;<\/p>\n","protected":false},"excerpt":{"rendered":"<p>\u00d6nc\u00fc Kad\u0131nlar ile Babalar ve K\u0131zlar\u0131 isimli \u00f6d\u00fcll\u00fc kitaplar\u0131yla tan\u0131d\u0131\u011f\u0131m\u0131z Mary M. ve Bryan Talbot ikilisinden, 19. y\u00fczy\u0131l\u0131n en s\u0131rad\u0131\u015f\u0131 kad\u0131nlar\u0131ndan Louise Michel\u2019in, nam\u0131di\u011fer K\u0131z\u0131l Azize\u2019nin<span class=\"excerpt-hellip\"> [\u2026]<\/span><\/p>\n","protected":false},"featured_media":0,"template":"","meta":{"_monsterinsights_skip_tracking":false,"_monsterinsights_sitenote_active":false,"_monsterinsights_sitenote_note":"","_monsterinsights_sitenote_category":0},"product_brand":[],"product_cat":[12291,12711],"product_tag":[],"class_list":{"0":"post-715792","1":"product","2":"type-product","3":"status-publish","5":"product_cat-edebiyat","6":"product_cat-roman-oyku","7":"pa_cilt-ciltsiz","8":"pa_tur-kitap","9":"pa_yayinevi-desen-yayinlari","10":"pa_yazar-mary-talbot","12":"first","13":"instock","14":"sale","15":"shipping-taxable","16":"purchasable","17":"product-type-simple"},"_links":{"self":[{"href":"https:\/\/roveyayinevi.com.tr\/index.php\/wp-json\/wp\/v2\/product\/715792","targetHints":{"allow":["GET"]}}],"collection":[{"href":"https:\/\/roveyayinevi.com.tr\/index.php\/wp-json\/wp\/v2\/product"}],"about":[{"href":"https:\/\/roveyayinevi.com.tr\/index.php\/wp-json\/wp\/v2\/types\/product"}],"wp:attachment":[{"href":"https:\/\/roveyayinevi.com.tr\/index.php\/wp-json\/wp\/v2\/media?parent=715792"}],"wp:term":[{"taxonomy":"product_brand","embeddable":true,"href":"https:\/\/roveyayinevi.com.tr\/index.php\/wp-json\/wp\/v2\/product_brand?post=715792"},{"taxonomy":"product_cat","embeddable":true,"href":"https:\/\/roveyayinevi.com.tr\/index.php\/wp-json\/wp\/v2\/product_cat?post=715792"},{"taxonomy":"product_tag","embeddable":true,"href":"https:\/\/roveyayinevi.com.tr\/index.php\/wp-json\/wp\/v2\/product_tag?post=715792"}],"curies":[{"name":"wp","href":"https:\/\/api.w.org\/{rel}","templated":true}]}}