{"id":715791,"date":"2025-08-27T17:34:53","date_gmt":"2025-08-27T14:34:53","guid":{"rendered":"https:\/\/roveyayinevi.com.tr\/index.php\/urun\/sah\/"},"modified":"2026-04-16T02:23:55","modified_gmt":"2026-04-15T23:23:55","slug":"sah","status":"publish","type":"product","link":"https:\/\/roveyayinevi.com.tr\/index.php\/urun\/sah\/","title":{"rendered":"\u015eah"},"content":{"rendered":"<p>\u201cKal\u0131plara meydan okuyan g\u00fc\u00e7l\u00fc anlat\u0131s\u0131yla yeni bir distopik d\u00fcnya yaratan Carter, unutulmaz karakterleri ve m\u00fcthi\u015f kurgusuyla okurlar\u0131 derinden etkileyecek.\u201d  Booklist \u201cEnfes bir final, Kitty ve arkada\u015flar\u0131 \u00e7oktan haf\u0131zalara kaz\u0131nd\u0131.\u201d Publishers Weekly Zafer Senin Olabilir E\u011fer Kim Oldu\u011funu Ke\u015ffedersenAimee Carter\u2019\u0131n distopik \u00fc\u00e7lemesinde son hamle, son \u015fans&#8230; Kitty yozla\u015fm\u0131\u015f sistemi alt edebilmek i\u00e7in Daxton\u2019un s\u0131rlar\u0131n\u0131 a\u00e7\u0131\u011fa \u00e7\u0131karmak durumundad\u0131r; fakat bu durum Kitty\u2019nin sevdi\u011fi ve sonsuz g\u00fcven duydu\u011fu Benjy de d\u00e2hil herkesin hayat\u0131n\u0131 tehlikeye atar.  \u00dcstelik Kitty\u2019nin hayatta kalmas\u0131 i\u00e7in bir zamanlar rol\u00fcne sad\u0131k kalmas\u0131 k\u00e2fiyken, \u015fimdi kendisinin ger\u00e7ekte kim oldu\u011funu ke\u015ffetmesi gerekmektedir. Ya\u015famlar\u0131 ve inand\u0131klar\u0131 de\u011ferler i\u00e7in \u00f6l\u00fcm\u00fcne m\u00fccadele etmeyi g\u00f6ze alan Kitty ve arkada\u015flar\u0131, istediklerini elde edebilecekler midir? \u015eah\u2019la okurlar Carter\u2019\u0131n distopik evrenine veda ederken, yine heyecan, merak ve deh\u015fet gibi duygular\u0131 derinlemesine hissedecekler. <\/p>\n","protected":false},"excerpt":{"rendered":"<p>\u201cKal\u0131plara meydan okuyan g\u00fc\u00e7l\u00fc anlat\u0131s\u0131yla yeni bir distopik d\u00fcnya yaratan Carter, unutulmaz karakterleri ve m\u00fcthi\u015f kurgusuyla okurlar\u0131 derinden etkileyecek.\u201d Booklist \u201cEnfes bir final, Kitty ve arkada\u015flar\u0131<span class=\"excerpt-hellip\"> [\u2026]<\/span><\/p>\n","protected":false},"featured_media":0,"template":"","meta":{"_monsterinsights_skip_tracking":false,"_monsterinsights_sitenote_active":false,"_monsterinsights_sitenote_note":"","_monsterinsights_sitenote_category":0},"product_brand":[],"product_cat":[12803,12291],"product_tag":[],"class_list":{"0":"post-715791","1":"product","2":"type-product","3":"status-publish","5":"product_cat-aksiyon-macera","6":"product_cat-edebiyat","7":"pa_cilt-ciltsiz","8":"pa_tur-kitap","9":"pa_yayinevi-ephesus-yayinlari","10":"pa_yazar-aimee-carter","12":"first","13":"instock","14":"sale","15":"shipping-taxable","16":"purchasable","17":"product-type-simple"},"_links":{"self":[{"href":"https:\/\/roveyayinevi.com.tr\/index.php\/wp-json\/wp\/v2\/product\/715791","targetHints":{"allow":["GET"]}}],"collection":[{"href":"https:\/\/roveyayinevi.com.tr\/index.php\/wp-json\/wp\/v2\/product"}],"about":[{"href":"https:\/\/roveyayinevi.com.tr\/index.php\/wp-json\/wp\/v2\/types\/product"}],"wp:attachment":[{"href":"https:\/\/roveyayinevi.com.tr\/index.php\/wp-json\/wp\/v2\/media?parent=715791"}],"wp:term":[{"taxonomy":"product_brand","embeddable":true,"href":"https:\/\/roveyayinevi.com.tr\/index.php\/wp-json\/wp\/v2\/product_brand?post=715791"},{"taxonomy":"product_cat","embeddable":true,"href":"https:\/\/roveyayinevi.com.tr\/index.php\/wp-json\/wp\/v2\/product_cat?post=715791"},{"taxonomy":"product_tag","embeddable":true,"href":"https:\/\/roveyayinevi.com.tr\/index.php\/wp-json\/wp\/v2\/product_tag?post=715791"}],"curies":[{"name":"wp","href":"https:\/\/api.w.org\/{rel}","templated":true}]}}