{"id":715790,"date":"2025-08-27T17:34:52","date_gmt":"2025-08-27T14:34:52","guid":{"rendered":"https:\/\/roveyayinevi.com.tr\/index.php\/urun\/vezir\/"},"modified":"2026-04-16T02:23:55","modified_gmt":"2026-04-15T23:23:55","slug":"vezir","status":"publish","type":"product","link":"https:\/\/roveyayinevi.com.tr\/index.php\/urun\/vezir\/","title":{"rendered":"Vezir"},"content":{"rendered":"<p>&#8220;Kurgusal manevralar\u0131 ve okurlar\u0131 s\u00fcrekli tahmin etmeye tetikleyen dinamizmiyle Vezir serinin tutkunlar\u0131n\u0131 yine kendisine ba\u011flayacak.&#8221;  School Library Journal &#8220;Piyon&#8217;u sevenler Vezir&#8217;i de bir solukta okuyacak ve serinin final kitab\u0131 i\u00e7in g\u00fcn saymaya ba\u015flayacak.&#8221; Booklist  &#8220;Carter \u00e7ok zekice yaz\u0131yor. Okurlar Kitty&#8217;nin ba\u015f\u0131na gelenleri y\u00fcreklerinde hissedecek. Tasvirler hik\u00e2yeyi \u00fc\u00e7 boyutlu k\u0131lacak kadar g\u00fc\u00e7l\u00fc.&#8221; RT Book ReviewKitty Doe&#8217;nun hayat\u0131 art\u0131k bir yalandan ibarettir. Ba\u015fbakan\u0131n ye\u011feni olmaya zorlanan Kitty&#8217;nin d\u00fc\u015f k\u0131r\u0131kl\u0131\u011f\u0131, sahte ni\u015fanl\u0131s\u0131yla ya\u015fad\u0131klar\u0131 ve ger\u00e7ek sevgilisi Benjy&#8217;nin kendisine yasaklanmas\u0131 neticesinde iyice artar.  Hart ailesindeki ger\u00e7ek rol\u00fcn\u00fc ke\u015ffetmek \u00fczere olan Kitty ya\u015fananlar\u0131n birer tesad\u00fcf olmad\u0131\u011f\u0131n\u0131 da d\u00fc\u015f\u00fcnmeye ba\u015flar. Bu ke\u015ffin ard\u0131ndansa kendini bir k\u00e2busun i\u00e7inde bulur. \u00c7\u00fcnk\u00fc art\u0131k Ba\u015fkayer Kitty&#8217;e hi\u00e7 olmad\u0131\u011f\u0131 kadar yak\u0131nd\u0131r.  B\u00f6ylece Kitty hi\u00e7kimseye g\u00fcvenmemesi gerekti\u011fini bir kez daha anlar. Kendi taraf\u0131nda olanlara bile&#8230; Destekledi\u011fi isyan\u0131 ba\u015far\u0131ya ula\u015ft\u0131rmak i\u00e7in her \u015feyi yapmaya haz\u0131r olan Kitty g\u00f6z\u00fcn\u00fc iyice karart\u0131r. Peki ya bedellerin en b\u00fcy\u00fc\u011f\u00fcn\u00fc \u00f6demeye haz\u0131r m\u0131d\u0131r? <\/p>\n","protected":false},"excerpt":{"rendered":"<p>&#8220;Kurgusal manevralar\u0131 ve okurlar\u0131 s\u00fcrekli tahmin etmeye tetikleyen dinamizmiyle Vezir serinin tutkunlar\u0131n\u0131 yine kendisine ba\u011flayacak.&#8221; School Library Journal &#8220;Piyon&#8217;u sevenler Vezir&#8217;i de bir solukta okuyacak ve<span class=\"excerpt-hellip\"> [\u2026]<\/span><\/p>\n","protected":false},"featured_media":0,"template":"","meta":{"_monsterinsights_skip_tracking":false,"_monsterinsights_sitenote_active":false,"_monsterinsights_sitenote_note":"","_monsterinsights_sitenote_category":0},"product_brand":[],"product_cat":[12803,12291],"product_tag":[],"class_list":{"0":"post-715790","1":"product","2":"type-product","3":"status-publish","5":"product_cat-aksiyon-macera","6":"product_cat-edebiyat","7":"pa_cilt-ciltsiz","8":"pa_tur-kitap","9":"pa_yayinevi-ephesus-yayinlari","10":"pa_yazar-aimee-carter","12":"first","13":"instock","14":"sale","15":"shipping-taxable","16":"purchasable","17":"product-type-simple"},"_links":{"self":[{"href":"https:\/\/roveyayinevi.com.tr\/index.php\/wp-json\/wp\/v2\/product\/715790","targetHints":{"allow":["GET"]}}],"collection":[{"href":"https:\/\/roveyayinevi.com.tr\/index.php\/wp-json\/wp\/v2\/product"}],"about":[{"href":"https:\/\/roveyayinevi.com.tr\/index.php\/wp-json\/wp\/v2\/types\/product"}],"wp:attachment":[{"href":"https:\/\/roveyayinevi.com.tr\/index.php\/wp-json\/wp\/v2\/media?parent=715790"}],"wp:term":[{"taxonomy":"product_brand","embeddable":true,"href":"https:\/\/roveyayinevi.com.tr\/index.php\/wp-json\/wp\/v2\/product_brand?post=715790"},{"taxonomy":"product_cat","embeddable":true,"href":"https:\/\/roveyayinevi.com.tr\/index.php\/wp-json\/wp\/v2\/product_cat?post=715790"},{"taxonomy":"product_tag","embeddable":true,"href":"https:\/\/roveyayinevi.com.tr\/index.php\/wp-json\/wp\/v2\/product_tag?post=715790"}],"curies":[{"name":"wp","href":"https:\/\/api.w.org\/{rel}","templated":true}]}}