{"id":715788,"date":"2025-08-27T17:34:51","date_gmt":"2025-08-27T14:34:51","guid":{"rendered":"https:\/\/roveyayinevi.com.tr\/index.php\/urun\/tur-kurami\/"},"modified":"2026-04-16T02:23:55","modified_gmt":"2026-04-15T23:23:55","slug":"tur-kurami","status":"publish","type":"product","link":"https:\/\/roveyayinevi.com.tr\/index.php\/urun\/tur-kurami\/","title":{"rendered":"T\u00fcr Kuram\u0131"},"content":{"rendered":"<p>T\u00fcr nedir? Tan\u0131mlanabilir mi, yoksa tarihsel s\u00fcre\u00e7te tan\u0131m\u0131 s\u00fcrekli de\u011fi\u015fen, d\u00f6n\u00fc\u015fen bir kavram m\u0131d\u0131r? Toplumdan topluma de\u011fi\u015fiklik g\u00f6sterir mi? Say\u0131ca sonlu mu sonsuz mudur? Dahas\u0131, ne i\u015fe yarar bu t\u00fcr denen \u015fey? K\u00fclt\u00fcr \u00fcr\u00fcnlerini s\u0131n\u0131fland\u0131rmak bize ne kazand\u0131r\u0131r, ne kaybettirir? Tek bir \u00fcr\u00fcn farkl\u0131 t\u00fcrlere ait olabilir mi? Peki t\u00fcrs\u00fcz metin var m\u0131d\u0131r? T\u00fcrsel uzla\u015f\u0131mlarla iyi ge\u00e7inmek ya da \u00e7at\u0131\u015fmak ne anlama gelir? \u0130\u015fte bu kitab\u0131n amac\u0131, edebiyatta, sinemada ve televizyonda tam da bu sorular \u00e7evresinde y\u00fcr\u00fct\u00fclen t\u00fcr tart\u0131\u015fmalar\u0131na odaklanmak, bu konuda en s\u0131k at\u0131f yap\u0131lan \u00f6nemli makaleleri bir araya getirmekti. Ku\u015fkusuz pek \u00e7ok makale aras\u0131ndan bir se\u00e7im yapmak gerekiyordu ve nihayetinde 12 makale T\u00fcrk\u00e7ele\u015ftirildi. Bu kitap, geni\u015f bir ba\u011flamda \u201ct\u00fcr kuram\u0131\u201d \u00fczerinde duran ilk kitap olma \u00f6zelli\u011fini ta\u015f\u0131yor. Edebiyatta, sinemada ve televizyonda t\u00fcr meselesine y\u00f6nelik farkl\u0131 bak\u0131\u015f a\u00e7\u0131lar\u0131n\u0131, tart\u0131\u015fma odaklar\u0131n\u0131 ve ge\u00e7i\u015fkenlikleri de\u011ferlendirebilmek i\u00e7in bir zemin sunuyor ayr\u0131ca. T\u00fcrleri tan\u0131mlama giri\u015fimini Daniel Chandler\u2019\u0131n ifadesiyle \u201ckuramsal bir may\u0131n tarlas\u0131\u201dnda gezinmeye benzetirsek, bu kitaptaki yaz\u0131lar\u0131n her biri de kendi bak\u0131\u015f a\u00e7\u0131lar\u0131yla bu tarlada konum ve yol almaya \u00e7al\u0131\u015f\u0131yor. <\/p>\n","protected":false},"excerpt":{"rendered":"<p>T\u00fcr nedir? Tan\u0131mlanabilir mi, yoksa tarihsel s\u00fcre\u00e7te tan\u0131m\u0131 s\u00fcrekli de\u011fi\u015fen, d\u00f6n\u00fc\u015fen bir kavram m\u0131d\u0131r? Toplumdan topluma de\u011fi\u015fiklik g\u00f6sterir mi? Say\u0131ca sonlu mu sonsuz mudur? Dahas\u0131, ne<span class=\"excerpt-hellip\"> [\u2026]<\/span><\/p>\n","protected":false},"featured_media":0,"template":"","meta":{"_monsterinsights_skip_tracking":false,"_monsterinsights_sitenote_active":false,"_monsterinsights_sitenote_note":"","_monsterinsights_sitenote_category":0},"product_brand":[],"product_cat":[12409,12408],"product_tag":[],"class_list":{"0":"post-715788","1":"product","2":"type-product","3":"status-publish","5":"product_cat-fotograf-sinema-tiyatro","6":"product_cat-sanat","7":"pa_cilt-ciltsiz","8":"pa_tur-kitap","9":"pa_yayinevi-dogu-bati-yayinlari","10":"pa_yazar-kolektif","12":"first","13":"instock","14":"sale","15":"shipping-taxable","16":"purchasable","17":"product-type-simple"},"_links":{"self":[{"href":"https:\/\/roveyayinevi.com.tr\/index.php\/wp-json\/wp\/v2\/product\/715788","targetHints":{"allow":["GET"]}}],"collection":[{"href":"https:\/\/roveyayinevi.com.tr\/index.php\/wp-json\/wp\/v2\/product"}],"about":[{"href":"https:\/\/roveyayinevi.com.tr\/index.php\/wp-json\/wp\/v2\/types\/product"}],"wp:attachment":[{"href":"https:\/\/roveyayinevi.com.tr\/index.php\/wp-json\/wp\/v2\/media?parent=715788"}],"wp:term":[{"taxonomy":"product_brand","embeddable":true,"href":"https:\/\/roveyayinevi.com.tr\/index.php\/wp-json\/wp\/v2\/product_brand?post=715788"},{"taxonomy":"product_cat","embeddable":true,"href":"https:\/\/roveyayinevi.com.tr\/index.php\/wp-json\/wp\/v2\/product_cat?post=715788"},{"taxonomy":"product_tag","embeddable":true,"href":"https:\/\/roveyayinevi.com.tr\/index.php\/wp-json\/wp\/v2\/product_tag?post=715788"}],"curies":[{"name":"wp","href":"https:\/\/api.w.org\/{rel}","templated":true}]}}