{"id":715787,"date":"2025-08-27T17:34:51","date_gmt":"2025-08-27T14:34:51","guid":{"rendered":"https:\/\/roveyayinevi.com.tr\/index.php\/urun\/musait-bir-yerde-gidecek-var\/"},"modified":"2026-04-16T02:23:55","modified_gmt":"2026-04-15T23:23:55","slug":"musait-bir-yerde-gidecek-var","status":"publish","type":"product","link":"https:\/\/roveyayinevi.com.tr\/index.php\/urun\/musait-bir-yerde-gidecek-var\/","title":{"rendered":"M\u00fcsait Bir Yerde Gidecek Var"},"content":{"rendered":"<p>Birileri ko\u015far durmaks\u0131z\u0131n, birilerininse yoktur y\u00fcr\u00fcmeye zaman\u0131. Ya\u015fan\u0131rken hayat birilerince, hi\u00e7 ya\u015famam\u0131\u015ft\u0131r h\u00e2lbuki baz\u0131 soluklar. Gidenleri izlemektir baz\u0131 vakitler ve bilirsin ki durmu\u015ftur duvar\u0131nda as\u0131l\u0131 b\u00fct\u00fcn saatler. \u00c7abaya yeti\u015fmekten \u00f6te \u00e7\u0131rp\u0131n\u0131\u015flard\u0131r kimileri. Oysa anlamaz hi\u00e7 biri faydas\u0131zl\u0131\u011f\u0131. Ak\u015fama herkes evine d\u00f6necek nas\u0131lsa lakin hanesi yoktur baz\u0131 ak\u015famlar\u0131n. Sinsi bir siyah ku\u015fat\u0131rken caddeleri, g\u00fcn nakliyesini yapacakt\u0131 t\u00fcm ya\u015fanamam\u0131\u015fl\u0131klar\u0131n.\u00d6\u011frendim ki adetten dolarm\u0131\u015f hem b\u00fct\u00fcn kom\u015fu tabaklar\u0131. \u2018Bo\u015f de\u011fil, dolu dolu vermek gerek\u2019 dedim i\u00e7imden ve t\u00fcm o \u2018bo\u015f ver\u2019 diyenlere buradan; sayg\u0131 , selam ve h\u00fcrmetler!<\/p>\n","protected":false},"excerpt":{"rendered":"<p>Birileri ko\u015far durmaks\u0131z\u0131n, birilerininse yoktur y\u00fcr\u00fcmeye zaman\u0131. Ya\u015fan\u0131rken hayat birilerince, hi\u00e7 ya\u015famam\u0131\u015ft\u0131r h\u00e2lbuki baz\u0131 soluklar. Gidenleri izlemektir baz\u0131 vakitler ve bilirsin ki durmu\u015ftur duvar\u0131nda as\u0131l\u0131 b\u00fct\u00fcn<span class=\"excerpt-hellip\"> [\u2026]<\/span><\/p>\n","protected":false},"featured_media":0,"template":"","meta":{"_monsterinsights_skip_tracking":false,"_monsterinsights_sitenote_active":false,"_monsterinsights_sitenote_note":"","_monsterinsights_sitenote_category":0},"product_brand":[],"product_cat":[12777,12291],"product_tag":[],"class_list":{"0":"post-715787","1":"product","2":"type-product","3":"status-publish","5":"product_cat-deneme","6":"product_cat-edebiyat","7":"pa_cilt-ciltsiz","8":"pa_tur-kitap","9":"pa_yayinevi-hayykitap","10":"pa_yazar-kolektif","12":"first","13":"instock","14":"sale","15":"shipping-taxable","16":"purchasable","17":"product-type-simple"},"_links":{"self":[{"href":"https:\/\/roveyayinevi.com.tr\/index.php\/wp-json\/wp\/v2\/product\/715787","targetHints":{"allow":["GET"]}}],"collection":[{"href":"https:\/\/roveyayinevi.com.tr\/index.php\/wp-json\/wp\/v2\/product"}],"about":[{"href":"https:\/\/roveyayinevi.com.tr\/index.php\/wp-json\/wp\/v2\/types\/product"}],"wp:attachment":[{"href":"https:\/\/roveyayinevi.com.tr\/index.php\/wp-json\/wp\/v2\/media?parent=715787"}],"wp:term":[{"taxonomy":"product_brand","embeddable":true,"href":"https:\/\/roveyayinevi.com.tr\/index.php\/wp-json\/wp\/v2\/product_brand?post=715787"},{"taxonomy":"product_cat","embeddable":true,"href":"https:\/\/roveyayinevi.com.tr\/index.php\/wp-json\/wp\/v2\/product_cat?post=715787"},{"taxonomy":"product_tag","embeddable":true,"href":"https:\/\/roveyayinevi.com.tr\/index.php\/wp-json\/wp\/v2\/product_tag?post=715787"}],"curies":[{"name":"wp","href":"https:\/\/api.w.org\/{rel}","templated":true}]}}