{"id":715786,"date":"2025-08-27T17:34:50","date_gmt":"2025-08-27T14:34:50","guid":{"rendered":"https:\/\/roveyayinevi.com.tr\/index.php\/urun\/baslarim-senin-askina\/"},"modified":"2026-04-08T02:30:57","modified_gmt":"2026-04-07T23:30:57","slug":"baslarim-senin-askina","status":"publish","type":"product","link":"https:\/\/roveyayinevi.com.tr\/index.php\/urun\/baslarim-senin-askina\/","title":{"rendered":"Ba\u015flar\u0131m Senin A\u015fk\u0131na"},"content":{"rendered":"<p>D\u00fcnyan\u0131n bo\u015f ve aldatan y\u00fcz\u00fcne d\u00f6n\u00fcp \u201cba\u015flar\u0131m senin a\u015fk\u0131na!\u201d  dedikten sonra Allah\u2019a y\u00f6nelip \u201cRABB\u0130M \u00f6nceden haz\u0131r de\u011fildim \u015fimdi iznin olursa seve seve BA\u015eLARIM SEN\u0130N A\u015eKINA\u201d diyece\u011finiz bir kitap&#8230; Hakikatler g\u00f6nl\u00fcnde bir sars\u0131nt\u0131 olu\u015fturmuyor mu, yoksa uyanmak i\u00e7in h\u00e2l\u00e2 yerin g\u00f6\u011f\u00fcn sars\u0131lmas\u0131n\u0131 m\u0131 bekliyorsun? Ve anlars\u0131n zor sorular ancak kaliteli \u00f6\u011frencilere sorulurmu\u015f \u0130mtihan\u0131n bu y\u00fczden a\u011f\u0131rm\u0131\u015f, anlars\u0131n. Ve anlars\u0131n ate\u015f \u0130brahim\u2019i yakmad\u0131ysa, Bal\u0131k Yunus\u2019u yemediyse, B\u0131\u00e7ak \u0130smail\u2019i kesmediyse, Deniz Musa\u2019y\u0131 bo\u011fmad\u0131ysa, Kuyular Yusuf\u2019lar\u0131 almad\u0131ysa, Sen de anlars\u0131n umutlar\u0131n\u0131 k\u00fcn fe yek\u00fcn\u2019le b\u00fcy\u00fctmen gerekti\u011fini. Ve anlars\u0131n, Allah azze ve celle geciktiriyorsa, g\u00fczelle\u015ftiriyordur. Sabret\u2026 Sabret\u2026 Anl\u0131yorsun de\u011fil mi? <\/p>\n","protected":false},"excerpt":{"rendered":"<p>D\u00fcnyan\u0131n bo\u015f ve aldatan y\u00fcz\u00fcne d\u00f6n\u00fcp \u201cba\u015flar\u0131m senin a\u015fk\u0131na!\u201d dedikten sonra Allah\u2019a y\u00f6nelip \u201cRABB\u0130M \u00f6nceden haz\u0131r de\u011fildim \u015fimdi iznin olursa seve seve BA\u015eLARIM SEN\u0130N A\u015eKINA\u201d diyece\u011finiz<span class=\"excerpt-hellip\"> [\u2026]<\/span><\/p>\n","protected":false},"featured_media":0,"template":"","meta":{"_monsterinsights_skip_tracking":false,"_monsterinsights_sitenote_active":false,"_monsterinsights_sitenote_note":"","_monsterinsights_sitenote_category":0},"product_brand":[],"product_cat":[12777,12291],"product_tag":[],"class_list":{"0":"post-715786","1":"product","2":"type-product","3":"status-publish","5":"product_cat-deneme","6":"product_cat-edebiyat","7":"pa_cilt-ciltsiz","8":"pa_tur-kitap","9":"pa_yayinevi-hayykitap","10":"pa_yazar-mehmet-yildiz","12":"first","13":"instock","14":"sale","15":"shipping-taxable","16":"purchasable","17":"product-type-simple"},"_links":{"self":[{"href":"https:\/\/roveyayinevi.com.tr\/index.php\/wp-json\/wp\/v2\/product\/715786","targetHints":{"allow":["GET"]}}],"collection":[{"href":"https:\/\/roveyayinevi.com.tr\/index.php\/wp-json\/wp\/v2\/product"}],"about":[{"href":"https:\/\/roveyayinevi.com.tr\/index.php\/wp-json\/wp\/v2\/types\/product"}],"wp:attachment":[{"href":"https:\/\/roveyayinevi.com.tr\/index.php\/wp-json\/wp\/v2\/media?parent=715786"}],"wp:term":[{"taxonomy":"product_brand","embeddable":true,"href":"https:\/\/roveyayinevi.com.tr\/index.php\/wp-json\/wp\/v2\/product_brand?post=715786"},{"taxonomy":"product_cat","embeddable":true,"href":"https:\/\/roveyayinevi.com.tr\/index.php\/wp-json\/wp\/v2\/product_cat?post=715786"},{"taxonomy":"product_tag","embeddable":true,"href":"https:\/\/roveyayinevi.com.tr\/index.php\/wp-json\/wp\/v2\/product_tag?post=715786"}],"curies":[{"name":"wp","href":"https:\/\/api.w.org\/{rel}","templated":true}]}}