{"id":715785,"date":"2025-08-27T17:34:50","date_gmt":"2025-08-27T14:34:50","guid":{"rendered":"https:\/\/roveyayinevi.com.tr\/index.php\/urun\/bu-da-mi-haber-degil\/"},"modified":"2026-04-16T02:23:55","modified_gmt":"2026-04-15T23:23:55","slug":"bu-da-mi-haber-degil","status":"publish","type":"product","link":"https:\/\/roveyayinevi.com.tr\/index.php\/urun\/bu-da-mi-haber-degil\/","title":{"rendered":"Bu da m\u0131 Haber De\u011fil?"},"content":{"rendered":"<p>T\u00fcrk Televizyonlar\u0131nda Haber \u00dcretiminin Ekonomi Politik \u00c7er\u00e7evesi Ele\u015ftirel Kuram ve Medyan\u0131n Ekonomi Politi\u011fi T\u00fcrkiye&#8217;de Medya End\u00fcstrisinin Yap\u0131lanmas\u0131 T\u00fcrkiye&#8217;de Haber \u00dcretim S\u00fcrecindeki Ba\u015fl\u0131ca Etmenler Haber \u00dcretimine \u0130ktisadi ve Siyasi M\u00fcdahale T\u00fcrkiye&#8217;de Tv Habercilerinin Konumu ve \u00c7al\u0131\u015fma Ko\u015fullar\u0131 Habercilerin Yasal, \u0130ktisadi, Toplumsal ve Siyasi Konumlar\u0131 Sendikalar Muhabir ve Kameramanlar\u0131n Haber \u00dcretim S\u00fcrecinde Rolleri <\/p>\n","protected":false},"excerpt":{"rendered":"<p>T\u00fcrk Televizyonlar\u0131nda Haber \u00dcretiminin Ekonomi Politik \u00c7er\u00e7evesi Ele\u015ftirel Kuram ve Medyan\u0131n Ekonomi Politi\u011fi T\u00fcrkiye&#8217;de Medya End\u00fcstrisinin Yap\u0131lanmas\u0131 T\u00fcrkiye&#8217;de Haber \u00dcretim S\u00fcrecindeki Ba\u015fl\u0131ca Etmenler Haber \u00dcretimine \u0130ktisadi<span class=\"excerpt-hellip\"> [\u2026]<\/span><\/p>\n","protected":false},"featured_media":0,"template":"","meta":{"_monsterinsights_skip_tracking":false,"_monsterinsights_sitenote_active":false,"_monsterinsights_sitenote_note":"","_monsterinsights_sitenote_category":0},"product_brand":[],"product_cat":[15983,13488],"product_tag":[],"class_list":{"0":"post-715785","1":"product","2":"type-product","3":"status-publish","5":"product_cat-iletisim-ve-medya","6":"product_cat-toplum-ve-insan","7":"pa_cilt-ciltsiz","8":"pa_tur-kitap","9":"pa_yayinevi-gazi-kitabevi","10":"pa_yazar-mesut-coskun","12":"first","13":"instock","14":"sale","15":"shipping-taxable","16":"purchasable","17":"product-type-simple"},"_links":{"self":[{"href":"https:\/\/roveyayinevi.com.tr\/index.php\/wp-json\/wp\/v2\/product\/715785","targetHints":{"allow":["GET"]}}],"collection":[{"href":"https:\/\/roveyayinevi.com.tr\/index.php\/wp-json\/wp\/v2\/product"}],"about":[{"href":"https:\/\/roveyayinevi.com.tr\/index.php\/wp-json\/wp\/v2\/types\/product"}],"wp:attachment":[{"href":"https:\/\/roveyayinevi.com.tr\/index.php\/wp-json\/wp\/v2\/media?parent=715785"}],"wp:term":[{"taxonomy":"product_brand","embeddable":true,"href":"https:\/\/roveyayinevi.com.tr\/index.php\/wp-json\/wp\/v2\/product_brand?post=715785"},{"taxonomy":"product_cat","embeddable":true,"href":"https:\/\/roveyayinevi.com.tr\/index.php\/wp-json\/wp\/v2\/product_cat?post=715785"},{"taxonomy":"product_tag","embeddable":true,"href":"https:\/\/roveyayinevi.com.tr\/index.php\/wp-json\/wp\/v2\/product_tag?post=715785"}],"curies":[{"name":"wp","href":"https:\/\/api.w.org\/{rel}","templated":true}]}}