{"id":715781,"date":"2025-08-27T17:34:47","date_gmt":"2025-08-27T14:34:47","guid":{"rendered":"https:\/\/roveyayinevi.com.tr\/index.php\/urun\/kader-yeniden-yaziliyor\/"},"modified":"2026-04-16T02:23:55","modified_gmt":"2026-04-15T23:23:55","slug":"kader-yeniden-yaziliyor","status":"publish","type":"product","link":"https:\/\/roveyayinevi.com.tr\/index.php\/urun\/kader-yeniden-yaziliyor\/","title":{"rendered":"Kader Yeniden Yaz\u0131l\u0131yor"},"content":{"rendered":"<p>Astrolog Zeynep Turan, gezegenleri analiz etmeye devam ediyor. 2019 y\u0131l\u0131na dair merak etti\u011finiz her \u015feyi bu kitapta kaleme al\u0131rken ki\u015fisel hayatlar\u0131n yan\u0131 s\u0131ra d\u00fcnya g\u00fcndemine de de\u011finiyor. Kaderin yeniden yaz\u0131ld\u0131\u011f\u0131, her \u015feyin sil ba\u015ftan ya\u015fanaca\u011f\u0131 bu y\u0131l yol haritan\u0131z\u0131 yeniden \u00e7izmeye ne dersiniz? Burcunuza \u00f6zel ayl\u0131k yorumlar, tarihler ve \u015fifreler ile her an sizin i\u00e7in bir yol haritas\u0131 olacak bu kitab\u0131 ba\u015f ucunuzdan ay\u0131rmak istemeyeceksiniz. Bu y\u0131l hangi bur\u00e7lar kaderini yeniden tayin edecek? T\u00fcrkiye, 2019 y\u0131l\u0131nda hangi ilklere imza atacak? D\u00fcnya, \u0130ran\u2019\u0131 ve T\u00fcrkiye\u2019yi neden konu\u015facak? UEFA, T\u00fcrk futboluna \u00e7elme mi tak\u0131yor? Yeni d\u00fcnya d\u00fczeninde dolar\u0131n kaderi ne olacak?  \u2018\u2019Buraya kadarm\u0131\u015f\u2019\u2019 diyen siyasi isimler kimler olacak? Medyan\u0131n tavr\u0131 2019 y\u0131l\u0131nda neden de\u011fi\u015fecek? <\/p>\n","protected":false},"excerpt":{"rendered":"<p>Astrolog Zeynep Turan, gezegenleri analiz etmeye devam ediyor. 2019 y\u0131l\u0131na dair merak etti\u011finiz her \u015feyi bu kitapta kaleme al\u0131rken ki\u015fisel hayatlar\u0131n yan\u0131 s\u0131ra d\u00fcnya g\u00fcndemine de<span class=\"excerpt-hellip\"> [\u2026]<\/span><\/p>\n","protected":false},"featured_media":0,"template":"","meta":{"_monsterinsights_skip_tracking":false,"_monsterinsights_sitenote_active":false,"_monsterinsights_sitenote_note":"","_monsterinsights_sitenote_category":0},"product_brand":[],"product_cat":[18082,15563],"product_tag":[],"class_list":{"0":"post-715781","1":"product","2":"type-product","3":"status-publish","5":"product_cat-astroloji-fal-ruya","6":"product_cat-hobi","7":"pa_cilt-ciltsiz","8":"pa_tur-kitap","9":"pa_yayinevi-inkilap-kitabevi","10":"pa_yazar-zeynep-turan","12":"first","13":"instock","14":"sale","15":"shipping-taxable","16":"purchasable","17":"product-type-simple"},"_links":{"self":[{"href":"https:\/\/roveyayinevi.com.tr\/index.php\/wp-json\/wp\/v2\/product\/715781","targetHints":{"allow":["GET"]}}],"collection":[{"href":"https:\/\/roveyayinevi.com.tr\/index.php\/wp-json\/wp\/v2\/product"}],"about":[{"href":"https:\/\/roveyayinevi.com.tr\/index.php\/wp-json\/wp\/v2\/types\/product"}],"wp:attachment":[{"href":"https:\/\/roveyayinevi.com.tr\/index.php\/wp-json\/wp\/v2\/media?parent=715781"}],"wp:term":[{"taxonomy":"product_brand","embeddable":true,"href":"https:\/\/roveyayinevi.com.tr\/index.php\/wp-json\/wp\/v2\/product_brand?post=715781"},{"taxonomy":"product_cat","embeddable":true,"href":"https:\/\/roveyayinevi.com.tr\/index.php\/wp-json\/wp\/v2\/product_cat?post=715781"},{"taxonomy":"product_tag","embeddable":true,"href":"https:\/\/roveyayinevi.com.tr\/index.php\/wp-json\/wp\/v2\/product_tag?post=715781"}],"curies":[{"name":"wp","href":"https:\/\/api.w.org\/{rel}","templated":true}]}}