{"id":715780,"date":"2025-08-27T17:34:47","date_gmt":"2025-08-27T14:34:47","guid":{"rendered":"https:\/\/roveyayinevi.com.tr\/index.php\/urun\/sultan-ii-abdulhamid-siirleri-antrolojisi-i-ii\/"},"modified":"2026-04-16T02:23:55","modified_gmt":"2026-04-15T23:23:55","slug":"sultan-ii-abdulhamid-siirleri-antrolojisi-i-ii","status":"publish","type":"product","link":"https:\/\/roveyayinevi.com.tr\/index.php\/urun\/sultan-ii-abdulhamid-siirleri-antrolojisi-i-ii\/","title":{"rendered":"Sultan II. Abd\u00fclhamid \u015eiirleri Antrolojisi I &#8211; II"},"content":{"rendered":"<p>Sultan Abd\u00fclhamid\u2019in izlemi\u015f oldu\u011fu \u015fiir siyaseti nedeniyledir ki gerek saltanat\u0131 d\u00f6neminde gerekse sonras\u0131nda, ad\u0131na binlerce, on binlerce g\u00fczel-\u00e7irkin, iyi-k\u00f6t\u00fc, \u00f6ven-s\u00f6ven, seven-yeren mahiyetli \u015fiirler yaz\u0131lm\u0131\u015ft\u0131r. Evet, \u015fiirin siyas\u00ee k\u00fclt\u00fcr\u00fcm\u00fczdeki yeri olduk\u00e7a kadimdir ve \u015fiir T\u00fcrk toplumunun sosyolojik ve psikolojik bir olgusudur. T\u00fcrk toplumu ile \u015fiir adeta et ve kemik mesabesindedir. Sultan II. Abd\u00fclhamid \u015eiirleri Antolojisi bir d\u00f6nem ona kar\u015f\u0131 duyulan muhabbet ve nefretin tezah\u00fcrlerinin olu\u015fturdu\u011fu bir \u00e7al\u0131\u015fmad\u0131r. Bu \u00e7al\u0131\u015fma vesilesi ile T\u00fcrk k\u00fclt\u00fcr\u00fcn\u00fc, T\u00fcrk sanat\u0131n\u0131, T\u00fcrk d\u00fc\u015f\u00fcncesini, T\u00fcrk felsefesini, T\u00fcrk ayd\u0131n\u0131n\u0131, T\u00fcrk siyasetini, T\u00fcrk idaresini, T\u00fcrk zihniyetini\u2026 Hamidiye D\u00f6nemi \u00e7er\u00e7evesinde de olsa, okumak ve anlamak m\u00fcmk\u00fcn olacakt\u0131r. <\/p>\n","protected":false},"excerpt":{"rendered":"<p>Sultan Abd\u00fclhamid\u2019in izlemi\u015f oldu\u011fu \u015fiir siyaseti nedeniyledir ki gerek saltanat\u0131 d\u00f6neminde gerekse sonras\u0131nda, ad\u0131na binlerce, on binlerce g\u00fczel-\u00e7irkin, iyi-k\u00f6t\u00fc, \u00f6ven-s\u00f6ven, seven-yeren mahiyetli \u015fiirler yaz\u0131lm\u0131\u015ft\u0131r. Evet, \u015fiirin<span class=\"excerpt-hellip\"> [\u2026]<\/span><\/p>\n","protected":false},"featured_media":0,"template":"","meta":{"_monsterinsights_skip_tracking":false,"_monsterinsights_sitenote_active":false,"_monsterinsights_sitenote_note":"","_monsterinsights_sitenote_category":0},"product_brand":[],"product_cat":[12325,12324],"product_tag":[],"class_list":{"0":"post-715780","1":"product","2":"type-product","3":"status-publish","5":"product_cat-diger-sosyoloji","6":"product_cat-sosyoloji","7":"pa_cilt-ciltli","8":"pa_tur-kitap","9":"pa_yayinevi-altinordu-yayinlari","10":"pa_yazar-mehmet-metin-hulagu","12":"first","13":"instock","14":"sale","15":"shipping-taxable","16":"purchasable","17":"product-type-simple"},"_links":{"self":[{"href":"https:\/\/roveyayinevi.com.tr\/index.php\/wp-json\/wp\/v2\/product\/715780","targetHints":{"allow":["GET"]}}],"collection":[{"href":"https:\/\/roveyayinevi.com.tr\/index.php\/wp-json\/wp\/v2\/product"}],"about":[{"href":"https:\/\/roveyayinevi.com.tr\/index.php\/wp-json\/wp\/v2\/types\/product"}],"wp:attachment":[{"href":"https:\/\/roveyayinevi.com.tr\/index.php\/wp-json\/wp\/v2\/media?parent=715780"}],"wp:term":[{"taxonomy":"product_brand","embeddable":true,"href":"https:\/\/roveyayinevi.com.tr\/index.php\/wp-json\/wp\/v2\/product_brand?post=715780"},{"taxonomy":"product_cat","embeddable":true,"href":"https:\/\/roveyayinevi.com.tr\/index.php\/wp-json\/wp\/v2\/product_cat?post=715780"},{"taxonomy":"product_tag","embeddable":true,"href":"https:\/\/roveyayinevi.com.tr\/index.php\/wp-json\/wp\/v2\/product_tag?post=715780"}],"curies":[{"name":"wp","href":"https:\/\/api.w.org\/{rel}","templated":true}]}}