{"id":715777,"date":"2025-08-27T17:34:45","date_gmt":"2025-08-27T14:34:45","guid":{"rendered":"https:\/\/roveyayinevi.com.tr\/index.php\/urun\/ac-kapa-duzelir\/"},"modified":"2026-04-16T02:23:55","modified_gmt":"2026-04-15T23:23:55","slug":"ac-kapa-duzelir","status":"publish","type":"product","link":"https:\/\/roveyayinevi.com.tr\/index.php\/urun\/ac-kapa-duzelir\/","title":{"rendered":"A\u00e7 Kapa D\u00fczelir"},"content":{"rendered":"<p>A\u00e7 Kapa D\u00fczelir\u2026Elma Yay\u0131nlar\u0131ndan \u00e7\u0131kan ve Mehmet Auf\u2019un kaleme ald\u0131\u011f\u0131 bu kitaptaki giri\u015fimci hikayelerinin bir\u00e7o\u011fu komik ve ayn\u0131 zamanda yol g\u00f6sterici. Ba\u015far\u0131ya giden yoldaki ba\u015far\u0131s\u0131zl\u0131k maceralar\u0131n\u0131 okurken hem \u00e7ok g\u00fclecek hem de herkesin ba\u015f\u0131na gelebilecek hik\u00e2yelere \u015fahit olacaks\u0131n\u0131z.Mehmet Auf\u2019un da s\u00f6yledi\u011fi gibi, Bazen yanl\u0131\u015f gidenleri h\u0131zl\u0131ca g\u00f6rmek ve zarar g\u00f6rmeden vazge\u00e7mek, ileriye gitmek i\u00e7in avantaj sa\u011flayabiliyor. Bazen de gere\u011finden h\u0131zl\u0131 vazge\u00e7memizi engellemek ad\u0131na benzeri durumlardan ge\u00e7mi\u015f ki\u015filerin hik\u00e2yeleri \u00f6rnek olabiliyor.Keyifli okumalar\u2026<\/p>\n","protected":false},"excerpt":{"rendered":"<p>A\u00e7 Kapa D\u00fczelir\u2026Elma Yay\u0131nlar\u0131ndan \u00e7\u0131kan ve Mehmet Auf\u2019un kaleme ald\u0131\u011f\u0131 bu kitaptaki giri\u015fimci hikayelerinin bir\u00e7o\u011fu komik ve ayn\u0131 zamanda yol g\u00f6sterici. Ba\u015far\u0131ya giden yoldaki ba\u015far\u0131s\u0131zl\u0131k maceralar\u0131n\u0131<span class=\"excerpt-hellip\"> [\u2026]<\/span><\/p>\n","protected":false},"featured_media":0,"template":"","meta":{"_monsterinsights_skip_tracking":false,"_monsterinsights_sitenote_active":false,"_monsterinsights_sitenote_note":"","_monsterinsights_sitenote_category":0},"product_brand":[],"product_cat":[12364,12376],"product_tag":[],"class_list":{"0":"post-715777","1":"product","2":"type-product","3":"status-publish","5":"product_cat-genel-konular","6":"product_cat-kisisel-gelisim","7":"pa_cilt-ciltsiz","8":"pa_tur-kitap","9":"pa_yayinevi-elma-yayinevi","10":"pa_yazar-mehmet-auf","12":"first","13":"instock","14":"sale","15":"shipping-taxable","16":"purchasable","17":"product-type-simple"},"_links":{"self":[{"href":"https:\/\/roveyayinevi.com.tr\/index.php\/wp-json\/wp\/v2\/product\/715777","targetHints":{"allow":["GET"]}}],"collection":[{"href":"https:\/\/roveyayinevi.com.tr\/index.php\/wp-json\/wp\/v2\/product"}],"about":[{"href":"https:\/\/roveyayinevi.com.tr\/index.php\/wp-json\/wp\/v2\/types\/product"}],"wp:attachment":[{"href":"https:\/\/roveyayinevi.com.tr\/index.php\/wp-json\/wp\/v2\/media?parent=715777"}],"wp:term":[{"taxonomy":"product_brand","embeddable":true,"href":"https:\/\/roveyayinevi.com.tr\/index.php\/wp-json\/wp\/v2\/product_brand?post=715777"},{"taxonomy":"product_cat","embeddable":true,"href":"https:\/\/roveyayinevi.com.tr\/index.php\/wp-json\/wp\/v2\/product_cat?post=715777"},{"taxonomy":"product_tag","embeddable":true,"href":"https:\/\/roveyayinevi.com.tr\/index.php\/wp-json\/wp\/v2\/product_tag?post=715777"}],"curies":[{"name":"wp","href":"https:\/\/api.w.org\/{rel}","templated":true}]}}