{"id":715774,"date":"2025-08-27T17:34:43","date_gmt":"2025-08-27T14:34:43","guid":{"rendered":"https:\/\/roveyayinevi.com.tr\/index.php\/urun\/isigin-geldigi-yer\/"},"modified":"2026-04-16T02:23:54","modified_gmt":"2026-04-15T23:23:54","slug":"isigin-geldigi-yer","status":"publish","type":"product","link":"https:\/\/roveyayinevi.com.tr\/index.php\/urun\/isigin-geldigi-yer\/","title":{"rendered":"I\u015f\u0131\u011f\u0131n Geldi\u011fi Yer"},"content":{"rendered":"<p>&#8220;I\u015f\u0131\u011f\u0131n gedi\u011fi yere bakmal\u0131 insan , karanl\u0131\u011f\u0131n saklay\u0131c\u0131 g\u00f6lgesine de\u011fil. Karanl\u0131ktayken g\u00f6rd\u00fc\u011f\u00fc k\u0131z\u0131l \u0131\u015f\u0131\u011f\u0131 g\u00fcne\u015f san\u0131p kanmamal\u0131 , ona kp\u0131l\u0131 hayal kurmamal\u0131.Kurdu\u011fu hayaller suya d\u00fc\u015fmekle kalmaz , kendi de d\u00fc\u015fer pe\u015finden ,bo\u011fulur.En iyi yol yak\u0131nken \u0131\u015f\u0131\u011f\u0131n kayna\u011f\u0131na ko\u015fmal\u0131 .Esas olan\u0131 bulmal\u0131&#8221;Baba sevgisi yoksunlu\u011fuyla k\u00fc\u00e7\u00fck bir kasabada b\u00fcy\u00fcyen Esra hayat\u0131 boyunca mutsuz olaca\u011f\u0131na inand\u0131\u011f\u0131 i\u00e7in kendini karanl\u0131\u011fa hapsetmi\u015ftir. Esra babas\u0131n\u0131n da zoruyla fazlas\u0131yla k\u0131skan\u00e7 ve sert bir adam olan Yusuf ile evlenince bu karanl\u0131\u011fa iyice g\u00f6m\u00fclecek mi?yoksa \u0131\u015f\u0131\u011f\u0131 bulman\u0131n bir yolu varm\u0131 ?<\/p>\n","protected":false},"excerpt":{"rendered":"<p>&#8220;I\u015f\u0131\u011f\u0131n gedi\u011fi yere bakmal\u0131 insan , karanl\u0131\u011f\u0131n saklay\u0131c\u0131 g\u00f6lgesine de\u011fil. Karanl\u0131ktayken g\u00f6rd\u00fc\u011f\u00fc k\u0131z\u0131l \u0131\u015f\u0131\u011f\u0131 g\u00fcne\u015f san\u0131p kanmamal\u0131 , ona kp\u0131l\u0131 hayal kurmamal\u0131.Kurdu\u011fu hayaller suya d\u00fc\u015fmekle kalmaz<span class=\"excerpt-hellip\"> [\u2026]<\/span><\/p>\n","protected":false},"featured_media":0,"template":"","meta":{"_monsterinsights_skip_tracking":false,"_monsterinsights_sitenote_active":false,"_monsterinsights_sitenote_note":"","_monsterinsights_sitenote_category":0},"product_brand":[],"product_cat":[12291,12711],"product_tag":[],"class_list":{"0":"post-715774","1":"product","2":"type-product","3":"status-publish","5":"product_cat-edebiyat","6":"product_cat-roman-oyku","7":"pa_cilt-ciltsiz","8":"pa_tur-kitap","9":"pa_yayinevi-epsilon-yayinlari","10":"pa_yazar-saliha-durmus","12":"first","13":"instock","14":"sale","15":"shipping-taxable","16":"purchasable","17":"product-type-simple"},"_links":{"self":[{"href":"https:\/\/roveyayinevi.com.tr\/index.php\/wp-json\/wp\/v2\/product\/715774","targetHints":{"allow":["GET"]}}],"collection":[{"href":"https:\/\/roveyayinevi.com.tr\/index.php\/wp-json\/wp\/v2\/product"}],"about":[{"href":"https:\/\/roveyayinevi.com.tr\/index.php\/wp-json\/wp\/v2\/types\/product"}],"wp:attachment":[{"href":"https:\/\/roveyayinevi.com.tr\/index.php\/wp-json\/wp\/v2\/media?parent=715774"}],"wp:term":[{"taxonomy":"product_brand","embeddable":true,"href":"https:\/\/roveyayinevi.com.tr\/index.php\/wp-json\/wp\/v2\/product_brand?post=715774"},{"taxonomy":"product_cat","embeddable":true,"href":"https:\/\/roveyayinevi.com.tr\/index.php\/wp-json\/wp\/v2\/product_cat?post=715774"},{"taxonomy":"product_tag","embeddable":true,"href":"https:\/\/roveyayinevi.com.tr\/index.php\/wp-json\/wp\/v2\/product_tag?post=715774"}],"curies":[{"name":"wp","href":"https:\/\/api.w.org\/{rel}","templated":true}]}}