{"id":715773,"date":"2025-08-27T17:34:43","date_gmt":"2025-08-27T14:34:43","guid":{"rendered":"https:\/\/roveyayinevi.com.tr\/index.php\/urun\/durulmayan-bir-kafa\/"},"modified":"2026-04-16T02:23:54","modified_gmt":"2026-04-15T23:23:54","slug":"durulmayan-bir-kafa","status":"publish","type":"product","link":"https:\/\/roveyayinevi.com.tr\/index.php\/urun\/durulmayan-bir-kafa\/","title":{"rendered":"Durulmayan Bir Kafa"},"content":{"rendered":"<p>\u015eiirsel ve duygusal bir anlay\u0131\u015f kaleme al\u0131nm\u0131\u015f&#8230;E\u011fitimli bir uzman\u0131n zihninin i\u00e7inden ak\u0131l hastal\u0131klar\u0131yla ilgili ayd\u0131nlat\u0131c\u0131 ve nadir bir bak\u0131\u015f a\u00e7\u0131s\u0131.\u201d E\u011fitimli bir uzman\u0131n zihninin i\u00e7inden ak\u0131l hastal\u0131klar\u0131yla ilgili ayd\u0131nlat\u0131c\u0131 ve nadir bir bak\u0131\u015f a\u00e7\u0131s\u0131.\u201d \u201cHeyecan dolu zirveler v euyu\u015fturucu dipler aras\u0131nda Dola\u015f\u0131p duran cesur bir beynin nefes kesici portesi.\u201d \u0130kili Sarmal\u2019\u0131n Nobel \u00f6d\u00fcll\u00fc yazar\u0131, James D. Watson \u201c\u00c7arp\u0131c\u0131, d\u00fcr\u00fcst, dokunakl\u0131\u2026 Ak\u0131c\u0131, hislive\u015fiirsel&#8221;Will Self, The ObserverSaat sabaha kar\u015f\u0131 iki olmu\u015f ve s\u0131zma halindeyseniz.California \u00dcniversitesi T\u0131p Merkezi&#8217;nin bile \u00e7ekici bir yan\u0131 vard\u0131r , diye ba\u015flayan.Durulmayan Bir Kafa bipolar bozuklukla ilgili okuyabilece\u011finiz en iyi kitaplardan biri Ancak bu sadece akademik bir metin de\u011fil, ki\u015fisel bir tarihe de yolculuk ,kuvvetli bir an\u0131 kitab\u0131. Kay Redfield Jamison terapi koltu\u011funa kendisi oturuyorhayat\u0131ndan kesitleri anlat\u0131rken ,akl\u0131n\u0131n derinliklerine iniyor , bir hastl\u0131\u011f\u0131n nas\u0131l dallan\u0131p budaklanabilece\u011fini edebiyat\u0131n, lezzetini asla unutmadan anlat\u0131yor.P\u0131nar K\u00fcr&#8217;\u00fcn \u00f6zenli \u00e7evirisinden okuyaca\u011f\u0131n\u0131z Durulmayan Bir Kafa ka\u00e7\u0131r\u0131lmayacak edebi bir metin.\u201cBirden bire akl\u0131m bana d\u00fc\u015fman kesilmi\u015fti: Bo\u015f heveslerimle alay ediyo b\u00fct\u00fcn sa\u00e7ma sapan tasar\u0131mlar\u0131mla alay ediyordu; art\u0131k hi\u00e7 bir \u015fey ilgin\u00e7 ya da e\u011flenceli ya da \u00fcst\u00fcnde durmaya de\u011fer bulmuyordu.<\/p>\n","protected":false},"excerpt":{"rendered":"<p>\u015eiirsel ve duygusal bir anlay\u0131\u015f kaleme al\u0131nm\u0131\u015f&#8230;E\u011fitimli bir uzman\u0131n zihninin i\u00e7inden ak\u0131l hastal\u0131klar\u0131yla ilgili ayd\u0131nlat\u0131c\u0131 ve nadir bir bak\u0131\u015f a\u00e7\u0131s\u0131.\u201d E\u011fitimli bir uzman\u0131n zihninin i\u00e7inden ak\u0131l<span class=\"excerpt-hellip\"> [\u2026]<\/span><\/p>\n","protected":false},"featured_media":0,"template":"","meta":{"_monsterinsights_skip_tracking":false,"_monsterinsights_sitenote_active":false,"_monsterinsights_sitenote_note":"","_monsterinsights_sitenote_category":0},"product_brand":[],"product_cat":[12358,12357],"product_tag":[],"class_list":{"0":"post-715773","1":"product","2":"type-product","3":"status-publish","5":"product_cat-genel-psikoloji","6":"product_cat-psikoloji","7":"pa_cilt-ciltsiz","8":"pa_tur-kitap","9":"pa_yayinevi-epsilon-yayinlari","10":"pa_yazar-kay-redfield-jamison","12":"first","13":"instock","14":"sale","15":"shipping-taxable","16":"purchasable","17":"product-type-simple"},"_links":{"self":[{"href":"https:\/\/roveyayinevi.com.tr\/index.php\/wp-json\/wp\/v2\/product\/715773","targetHints":{"allow":["GET"]}}],"collection":[{"href":"https:\/\/roveyayinevi.com.tr\/index.php\/wp-json\/wp\/v2\/product"}],"about":[{"href":"https:\/\/roveyayinevi.com.tr\/index.php\/wp-json\/wp\/v2\/types\/product"}],"wp:attachment":[{"href":"https:\/\/roveyayinevi.com.tr\/index.php\/wp-json\/wp\/v2\/media?parent=715773"}],"wp:term":[{"taxonomy":"product_brand","embeddable":true,"href":"https:\/\/roveyayinevi.com.tr\/index.php\/wp-json\/wp\/v2\/product_brand?post=715773"},{"taxonomy":"product_cat","embeddable":true,"href":"https:\/\/roveyayinevi.com.tr\/index.php\/wp-json\/wp\/v2\/product_cat?post=715773"},{"taxonomy":"product_tag","embeddable":true,"href":"https:\/\/roveyayinevi.com.tr\/index.php\/wp-json\/wp\/v2\/product_tag?post=715773"}],"curies":[{"name":"wp","href":"https:\/\/api.w.org\/{rel}","templated":true}]}}