{"id":715770,"date":"2025-08-27T17:34:41","date_gmt":"2025-08-27T14:34:41","guid":{"rendered":"https:\/\/roveyayinevi.com.tr\/index.php\/urun\/curuk-visne-ii-veryansin\/"},"modified":"2026-04-03T02:30:28","modified_gmt":"2026-04-02T23:30:28","slug":"curuk-visne-ii-veryansin","status":"publish","type":"product","link":"https:\/\/roveyayinevi.com.tr\/index.php\/urun\/curuk-visne-ii-veryansin\/","title":{"rendered":"\u00c7\u00fcr\u00fck Vi\u015fne II &#8211; Veryans\u0131n"},"content":{"rendered":"<p>Yang\u0131n, \u015fimdi daha \u015fiddetli&#8230; K\u0131v\u0131lc\u0131m, Asr\u0131n ve Esila&#8217;n\u0131n i\u00e7ine ilk kez, bir gece yar\u0131s\u0131 d\u00fc\u015ft\u00fc\u011f\u00fcnde, yeni ba\u015flayan bir hik\u00e2yenin iki k\u0131r\u0131k \u00e7ocu\u011fuydular. Hi\u00e7bir \u015fey olmas\u0131 gerekti\u011fi gibi de\u011fildi ama olmas\u0131 gerekene yak\u0131n devam ediyordu. Ta ki o g\u00fcnekadar. Zaman onlar\u0131 bir birine ilikleyen bir mekanizmaya d\u00f6n\u00fc\u015fm\u00fc\u015fken, Esila Karam ya\u015fad\u0131klar\u0131n\u0131n gazab\u0131na u\u011frad\u0131 ve birg\u00fcn , tavana bakt\u0131\u011f\u0131n da g\u00f6rd\u00fc\u011f\u00fc \u015fey kendisi oldu.\u00d6nce yans\u0131malar\u0131, tavandan ona bakt\u0131.Sonra k\u00e2buslar\u0131, onu gece yar\u0131lar\u0131 uykular\u0131ndan etti.Ve sanr\u0131lar\u0131, bakt\u0131\u011f\u0131 her yerde, g\u00f6rmekten korktu\u011fu \u015fey oldu.Esila Karam, annesiyle babas\u0131n\u0131n beraber i\u015fledi\u011fi cinayetti art\u0131k.\u201cBelki gitti\u011fimiz deseni biraz daha mahvederim, biraz daha h\u0131rpalan\u0131rs\u0131n ama beraber oluruz. Beraber uyur, beraber ay\u0131l\u0131r\u0131z.Benimle uyumay\u0131 seviyorsun de\u011fil mi?\u201d  &#8220;Biz Seninle Y\u0131k\u0131k \u015eehrin K\u0131r\u0131k \u00c7ocuklar\u0131y\u0131z&#8221;<\/p>\n","protected":false},"excerpt":{"rendered":"<p>Yang\u0131n, \u015fimdi daha \u015fiddetli&#8230; K\u0131v\u0131lc\u0131m, Asr\u0131n ve Esila&#8217;n\u0131n i\u00e7ine ilk kez, bir gece yar\u0131s\u0131 d\u00fc\u015ft\u00fc\u011f\u00fcnde, yeni ba\u015flayan bir hik\u00e2yenin iki k\u0131r\u0131k \u00e7ocu\u011fuydular. Hi\u00e7bir \u015fey olmas\u0131 gerekti\u011fi<span class=\"excerpt-hellip\"> [\u2026]<\/span><\/p>\n","protected":false},"featured_media":0,"template":"","meta":{"_monsterinsights_skip_tracking":false,"_monsterinsights_sitenote_active":false,"_monsterinsights_sitenote_note":"","_monsterinsights_sitenote_category":0},"product_brand":[],"product_cat":[12291,12711],"product_tag":[],"class_list":{"0":"post-715770","1":"product","2":"type-product","3":"status-publish","5":"product_cat-edebiyat","6":"product_cat-roman-oyku","7":"pa_cilt-ciltsiz","8":"pa_tur-kitap","9":"pa_yayinevi-epsilon-yayinlari","10":"pa_yazar-emine-tavuz","12":"first","13":"instock","14":"sale","15":"shipping-taxable","16":"purchasable","17":"product-type-simple"},"_links":{"self":[{"href":"https:\/\/roveyayinevi.com.tr\/index.php\/wp-json\/wp\/v2\/product\/715770","targetHints":{"allow":["GET"]}}],"collection":[{"href":"https:\/\/roveyayinevi.com.tr\/index.php\/wp-json\/wp\/v2\/product"}],"about":[{"href":"https:\/\/roveyayinevi.com.tr\/index.php\/wp-json\/wp\/v2\/types\/product"}],"wp:attachment":[{"href":"https:\/\/roveyayinevi.com.tr\/index.php\/wp-json\/wp\/v2\/media?parent=715770"}],"wp:term":[{"taxonomy":"product_brand","embeddable":true,"href":"https:\/\/roveyayinevi.com.tr\/index.php\/wp-json\/wp\/v2\/product_brand?post=715770"},{"taxonomy":"product_cat","embeddable":true,"href":"https:\/\/roveyayinevi.com.tr\/index.php\/wp-json\/wp\/v2\/product_cat?post=715770"},{"taxonomy":"product_tag","embeddable":true,"href":"https:\/\/roveyayinevi.com.tr\/index.php\/wp-json\/wp\/v2\/product_tag?post=715770"}],"curies":[{"name":"wp","href":"https:\/\/api.w.org\/{rel}","templated":true}]}}