{"id":715768,"date":"2025-08-27T17:34:40","date_gmt":"2025-08-27T14:34:40","guid":{"rendered":"https:\/\/roveyayinevi.com.tr\/index.php\/urun\/anka-2\/"},"modified":"2026-04-16T02:23:54","modified_gmt":"2026-04-15T23:23:54","slug":"anka-2","status":"publish","type":"product","link":"https:\/\/roveyayinevi.com.tr\/index.php\/urun\/anka-2\/","title":{"rendered":"Anka"},"content":{"rendered":"<p>\u0130stanbul\u2019un arka sokaklar\u0131nda ya\u015fayan birbirlerini aile olarak Kabul edip kimsesizliklerini bu \u015fekild a\u015fmaya \u00e7al\u0131\u015fan d\u00f6rt arkada\u015f\u0131n hik\u00e2yesi\u2026 Ak\u0131n deli dolu, ge\u00e7mi\u015finin ac\u0131lar\u0131n\u0131 kahkahalar\u0131yla dindiren biri Nefes u\u00e7ar\u0131 ka\u00e7ar\u0131, t\u00fcm hayat\u0131n\u0131 \u00fc\u00e7 arkada\u015f\u0131na adam\u0131\u015f, onlar\u0131 ailesi gibi g\u00f6rm\u00fc\u015f, onlars\u0131z bir dakika d\u00fc\u015f\u00fcnemez halde.Kurtulu\u015f ad\u0131 gibi, yard\u0131m eli uzatmad\u0131\u011f\u0131 kimse kalmas\u0131n isteyen, bir dakika duraksamaya ve itaatsizli\u011fe tahamm\u00fcl edemeyenpek az g\u00fclen biri.. An\u0131l d\u00fcnyadaki t\u00fcm kad\u0131nlara \u00e2\u015f\u0131k, asla uslanmayacak bir \u00e7apk\u0131n: ANKA Hayat\u0131n bir araya getirdi\u011fi bu d\u00f6rt kimsesiz insan, kanl\u0131 bir sava\u015fa girerler; kendileri gibi a\u00e7 susuz soka\u011fa b\u0131rak\u0131lm\u0131\u015f hi\u00e7 bir \u00e7ocuk kalmas\u0131n, zalimin zulm\u00fc k\u0131r\u0131ls\u0131n, adalet h\u00fck\u00fcm s\u00fcrs\u00fcn \u0130stanbul\u2019un sokaklar\u0131nda diye.Tek bir bildikleri vard\u0131r, ne kadar dibe d\u00fc\u015ferseler o kadar sa\u011flam kalkarlar aya\u011fa , &#8220;Bir k\u0131v\u0131lc\u0131mla ba\u015flad\u0131 hikayemiz&#8221; \u015fimdi yans\u0131n tutu\u015fsun , \u0130stanbul , biz k\u00fcllerimizden yeniden do\u011far\u0131z.<\/p>\n","protected":false},"excerpt":{"rendered":"<p>\u0130stanbul\u2019un arka sokaklar\u0131nda ya\u015fayan birbirlerini aile olarak Kabul edip kimsesizliklerini bu \u015fekild a\u015fmaya \u00e7al\u0131\u015fan d\u00f6rt arkada\u015f\u0131n hik\u00e2yesi\u2026 Ak\u0131n deli dolu, ge\u00e7mi\u015finin ac\u0131lar\u0131n\u0131 kahkahalar\u0131yla dindiren biri Nefes<span class=\"excerpt-hellip\"> [\u2026]<\/span><\/p>\n","protected":false},"featured_media":0,"template":"","meta":{"_monsterinsights_skip_tracking":false,"_monsterinsights_sitenote_active":false,"_monsterinsights_sitenote_note":"","_monsterinsights_sitenote_category":0},"product_brand":[],"product_cat":[12291,12292],"product_tag":[],"class_list":{"0":"post-715768","1":"product","2":"type-product","3":"status-publish","5":"product_cat-edebiyat","6":"product_cat-turk-edebiyati","7":"pa_cilt-ciltsiz","8":"pa_tur-kitap","9":"pa_yayinevi-epsilon-yayinlari","10":"pa_yazar-dilek-tarinci","12":"first","13":"instock","14":"sale","15":"shipping-taxable","16":"purchasable","17":"product-type-simple"},"_links":{"self":[{"href":"https:\/\/roveyayinevi.com.tr\/index.php\/wp-json\/wp\/v2\/product\/715768","targetHints":{"allow":["GET"]}}],"collection":[{"href":"https:\/\/roveyayinevi.com.tr\/index.php\/wp-json\/wp\/v2\/product"}],"about":[{"href":"https:\/\/roveyayinevi.com.tr\/index.php\/wp-json\/wp\/v2\/types\/product"}],"wp:attachment":[{"href":"https:\/\/roveyayinevi.com.tr\/index.php\/wp-json\/wp\/v2\/media?parent=715768"}],"wp:term":[{"taxonomy":"product_brand","embeddable":true,"href":"https:\/\/roveyayinevi.com.tr\/index.php\/wp-json\/wp\/v2\/product_brand?post=715768"},{"taxonomy":"product_cat","embeddable":true,"href":"https:\/\/roveyayinevi.com.tr\/index.php\/wp-json\/wp\/v2\/product_cat?post=715768"},{"taxonomy":"product_tag","embeddable":true,"href":"https:\/\/roveyayinevi.com.tr\/index.php\/wp-json\/wp\/v2\/product_tag?post=715768"}],"curies":[{"name":"wp","href":"https:\/\/api.w.org\/{rel}","templated":true}]}}