{"id":715767,"date":"2025-08-27T17:34:39","date_gmt":"2025-08-27T14:34:39","guid":{"rendered":"https:\/\/roveyayinevi.com.tr\/index.php\/urun\/keske-hic-olmasaydik\/"},"modified":"2026-04-16T02:23:54","modified_gmt":"2026-04-15T23:23:54","slug":"keske-hic-olmasaydik","status":"publish","type":"product","link":"https:\/\/roveyayinevi.com.tr\/index.php\/urun\/keske-hic-olmasaydik\/","title":{"rendered":"Ke\u015fke Hi\u00e7 Olmasayd\u0131k"},"content":{"rendered":"<p>D\u00fcnyaya gelme bahts\u0131zl\u0131\u011f\u0131 b\u00fcy\u00fck bir k\u00f6t\u00fcl\u00fck ve telafisi m\u00fcmk\u00fcn olmayan bir zarar\u0131 i\u00e7inde ta\u015f\u0131r. Bunu felsefenin \u015fimdiye kadar kulaklara ho\u015f gelen, y\u00fcrekleri teselli eden tatl\u0131 ve melankolik sesiyle de\u011fil, son derece kat\u0131 ve mant\u0131ki bir dille savunur kitab\u0131n yazar\u0131 David Benatar. Ve iflah olmaz iyimserlere fena s\u00fcrprizleri vard\u0131r. \u00c7\u00fcnk\u00fc b\u00fct\u00fcn hayatlar g\u00f6r\u00fcnd\u00fc\u011f\u00fcnden \u00e7ok daha fazla ac\u0131 bir tecr\u00fcbeye sahiptir. S\u00fcrekli y\u00fckseltilmeye \u00e7al\u0131\u015f\u0131lan mutluluk, zevk ve keyif standartlar\u0131 ger\u00e7ek rakamlara d\u00f6k\u00fcld\u00fc\u011f\u00fcnde derin bir i\u00e7sel sefaleti ve mutsuzlu\u011fu gizler. Yery\u00fcz\u00fcne ad\u0131m atm\u0131\u015f olmakla insan esasen \u00e7ekmeyece\u011fi \u0131st\u0131raplara gebe kalm\u0131\u015ft\u0131r. Bu y\u00fczden gelecek ad\u0131na ideal n\u00fcfus \u201cs\u0131f\u0131r\u201d olmal\u0131d\u0131r ve mesken tutulan bu d\u00fcnya ya\u015famak, hayal kurmak ve temelinde \u00e7ocuk yapmak i\u00e7in ideal bir yer de\u011fildir. \u201cSonunda Ey\u00fcp a\u011fz\u0131n\u0131 a\u00e7t\u0131 ve do\u011fdu\u011fu g\u00fcne lanet edip \u015f\u00f6yle dedi: Do\u011fdu\u011fum g\u00fcn yok olsun, \u2018Bir o\u011ful do\u011fdu\u2019 denen gece yok olsun. Karanl\u0131\u011fa b\u00fcr\u00fcns\u00fcn o g\u00fcn\u2026 zifiri karanl\u0131k yutsun o geceyi\u2026 \u00c7\u00fcnk\u00fc\u2026 anam\u0131n rahminin kap\u0131lar\u0131n\u0131 \u00fcst\u00fcme kapamad\u0131. Neden do\u011farken \u00f6lmedim, rahimden \u00e7\u0131karken son solu\u011fumu vermedim?\u201d <\/p>\n","protected":false},"excerpt":{"rendered":"<p>D\u00fcnyaya gelme bahts\u0131zl\u0131\u011f\u0131 b\u00fcy\u00fck bir k\u00f6t\u00fcl\u00fck ve telafisi m\u00fcmk\u00fcn olmayan bir zarar\u0131 i\u00e7inde ta\u015f\u0131r. Bunu felsefenin \u015fimdiye kadar kulaklara ho\u015f gelen, y\u00fcrekleri teselli eden tatl\u0131 ve<span class=\"excerpt-hellip\"> [\u2026]<\/span><\/p>\n","protected":false},"featured_media":0,"template":"","meta":{"_monsterinsights_skip_tracking":false,"_monsterinsights_sitenote_active":false,"_monsterinsights_sitenote_note":"","_monsterinsights_sitenote_category":0},"product_brand":[],"product_cat":[20351,12388],"product_tag":[],"class_list":{"0":"post-715767","1":"product","2":"type-product","3":"status-publish","5":"product_cat-dusunce","6":"product_cat-felsefe","7":"pa_cilt-ciltsiz","8":"pa_tur-kitap","9":"pa_yayinevi-dogu-bati-yayinlari","10":"pa_yazar-david-benatar","12":"first","13":"instock","14":"sale","15":"shipping-taxable","16":"purchasable","17":"product-type-simple"},"_links":{"self":[{"href":"https:\/\/roveyayinevi.com.tr\/index.php\/wp-json\/wp\/v2\/product\/715767","targetHints":{"allow":["GET"]}}],"collection":[{"href":"https:\/\/roveyayinevi.com.tr\/index.php\/wp-json\/wp\/v2\/product"}],"about":[{"href":"https:\/\/roveyayinevi.com.tr\/index.php\/wp-json\/wp\/v2\/types\/product"}],"wp:attachment":[{"href":"https:\/\/roveyayinevi.com.tr\/index.php\/wp-json\/wp\/v2\/media?parent=715767"}],"wp:term":[{"taxonomy":"product_brand","embeddable":true,"href":"https:\/\/roveyayinevi.com.tr\/index.php\/wp-json\/wp\/v2\/product_brand?post=715767"},{"taxonomy":"product_cat","embeddable":true,"href":"https:\/\/roveyayinevi.com.tr\/index.php\/wp-json\/wp\/v2\/product_cat?post=715767"},{"taxonomy":"product_tag","embeddable":true,"href":"https:\/\/roveyayinevi.com.tr\/index.php\/wp-json\/wp\/v2\/product_tag?post=715767"}],"curies":[{"name":"wp","href":"https:\/\/api.w.org\/{rel}","templated":true}]}}