{"id":715765,"date":"2025-08-27T17:34:38","date_gmt":"2025-08-27T14:34:38","guid":{"rendered":"https:\/\/roveyayinevi.com.tr\/index.php\/urun\/pazarlarin-kuresellesmesi-ve-kuresel-dogan-isletmeler\/"},"modified":"2026-04-16T02:23:54","modified_gmt":"2026-04-15T23:23:54","slug":"pazarlarin-kuresellesmesi-ve-kuresel-dogan-isletmeler","status":"publish","type":"product","link":"https:\/\/roveyayinevi.com.tr\/index.php\/urun\/pazarlarin-kuresellesmesi-ve-kuresel-dogan-isletmeler\/","title":{"rendered":"Pazarlar\u0131n K\u00fcreselle\u015fmesi ve K\u00fcresel Do\u011fan \u0130\u015fletmeler"},"content":{"rendered":"<p>K\u00fcreselle\u015fme ve Uluslararas\u0131la\u015fmaya \u0130li\u015fkin Kavramlar ve Teoriler \u0130\u015fletmelerin Uluslararas\u0131la\u015fma S\u00fcre\u00e7leri ve K\u00fcresel Do\u011fan \u0130\u015fletme Modeli K\u00fcresel Do\u011fan \u0130\u015fletmelerin Yurtd\u0131\u015f\u0131 Pazarlara Erken A\u00e7\u0131lma S\u00fcrecine Etki Eden Kurucu\/ \u00dcst D\u00fczey Y\u00f6netici D\u00fczeyindeki Fakt\u00f6rlerin De\u011ferlendirilmesine Y\u00f6nelik Bir Alan Ara\u015ft\u0131rmas\u0131.<\/p>\n","protected":false},"excerpt":{"rendered":"<p>K\u00fcreselle\u015fme ve Uluslararas\u0131la\u015fmaya \u0130li\u015fkin Kavramlar ve Teoriler \u0130\u015fletmelerin Uluslararas\u0131la\u015fma S\u00fcre\u00e7leri ve K\u00fcresel Do\u011fan \u0130\u015fletme Modeli K\u00fcresel Do\u011fan \u0130\u015fletmelerin Yurtd\u0131\u015f\u0131 Pazarlara Erken A\u00e7\u0131lma S\u00fcrecine Etki Eden Kurucu\/<span class=\"excerpt-hellip\"> [\u2026]<\/span><\/p>\n","protected":false},"featured_media":0,"template":"","meta":{"_monsterinsights_skip_tracking":false,"_monsterinsights_sitenote_active":false,"_monsterinsights_sitenote_note":"","_monsterinsights_sitenote_category":0},"product_brand":[],"product_cat":[13043,14381],"product_tag":[],"class_list":{"0":"post-715765","1":"product","2":"type-product","3":"status-publish","5":"product_cat-ekonomi","6":"product_cat-isletme-muhasebe-maliye","7":"pa_cilt-ciltsiz","8":"pa_tur-kitap","9":"pa_yayinevi-gazi-kitabevi","10":"pa_yazar-selma-kalyoncuoglu","12":"first","13":"instock","14":"sale","15":"shipping-taxable","16":"purchasable","17":"product-type-simple"},"_links":{"self":[{"href":"https:\/\/roveyayinevi.com.tr\/index.php\/wp-json\/wp\/v2\/product\/715765","targetHints":{"allow":["GET"]}}],"collection":[{"href":"https:\/\/roveyayinevi.com.tr\/index.php\/wp-json\/wp\/v2\/product"}],"about":[{"href":"https:\/\/roveyayinevi.com.tr\/index.php\/wp-json\/wp\/v2\/types\/product"}],"wp:attachment":[{"href":"https:\/\/roveyayinevi.com.tr\/index.php\/wp-json\/wp\/v2\/media?parent=715765"}],"wp:term":[{"taxonomy":"product_brand","embeddable":true,"href":"https:\/\/roveyayinevi.com.tr\/index.php\/wp-json\/wp\/v2\/product_brand?post=715765"},{"taxonomy":"product_cat","embeddable":true,"href":"https:\/\/roveyayinevi.com.tr\/index.php\/wp-json\/wp\/v2\/product_cat?post=715765"},{"taxonomy":"product_tag","embeddable":true,"href":"https:\/\/roveyayinevi.com.tr\/index.php\/wp-json\/wp\/v2\/product_tag?post=715765"}],"curies":[{"name":"wp","href":"https:\/\/api.w.org\/{rel}","templated":true}]}}