{"id":715761,"date":"2025-08-27T17:34:36","date_gmt":"2025-08-27T14:34:36","guid":{"rendered":"https:\/\/roveyayinevi.com.tr\/index.php\/urun\/kalede-1-basina\/"},"modified":"2026-04-16T02:23:54","modified_gmt":"2026-04-15T23:23:54","slug":"kalede-1-basina","status":"publish","type":"product","link":"https:\/\/roveyayinevi.com.tr\/index.php\/urun\/kalede-1-basina\/","title":{"rendered":"Kalede 1 Ba\u015f\u0131na"},"content":{"rendered":"<p>\u201cYerdeydim ve avu\u00e7lar\u0131m k\u0131zg\u0131n k\u00f6m\u00fcr par\u00e7alar\u0131n\u0131 tutmu\u015fum gibi yan\u0131yordu. Sa\u011f yan\u0131ma gelen \u015futu h\u00e2l\u00e2 nas\u0131l oldu\u011funu anlayamad\u0131\u011f\u0131m bir refleksle kurtarm\u0131\u015ft\u0131m. O an Lefter\u2019in s\u00f6z\u00fc duyuldu: \u2018Tamam, bulduk! Kaleye Sunay ge\u00e7ecek.\u2019\u201d Lefter\u2019in \u015futunu kurtard\u0131\u011f\u0131nda hen\u00fcz 10 ya\u015f\u0131ndad\u0131r Sunay Ak\u0131n. Kaleci kaza\u011f\u0131n\u0131 \u00e7\u0131kar\u0131p kalemi eline ald\u0131ktan sonra bu kez kaleci \u00f6yk\u00fcleri biriktirmeye koyulur. Kimler kimler girer bu \u00f6yk\u00fclere&#8230; Nobel\u2019li bilimcimiz Aziz Sancar; Berlin kaplan\u0131 Turgay \u015eener ve onun j\u00fcbile ma\u00e7\u0131na kat\u0131lan \u00fcnl\u00fc Rus kaleci Lev Ya\u015fin; antrenmanlara k\u00f6m\u00fcr i\u015f\u00e7ilerinin Zonguldak&#8217;tan g\u00f6nderdi\u011fi madenci eldivenleriyle \u00e7\u0131kan \u015eenol G\u00fcne\u015f; Ya\u015far Kemal\u2019e \u0130stanbul\u2019daki ilk evinin kap\u0131s\u0131n\u0131 a\u00e7an Abidin Dino\u2019nun ye\u011feni kaleci Sabri Dino; d\u00fc\u011f\u00fcn davetiyesinde gelinin att\u0131\u011f\u0131 \u015futu kar\u015f\u0131layan damat Y\u0131lmaz Vural; en renkli kalecilerimizden Varol \u00dcrkmez ve ona elini uzatan Baba Hakk\u0131, N\u00e2z\u0131m Hikmet\u2019in \u015fiirindeki kaleci; Albert Camus; Pavarotti ve daha niceleri giyer bu formay\u0131. Hep 1 numaray\u0131 ta\u015f\u0131rlar s\u0131rtlar\u0131nda\u2026<\/p>\n","protected":false},"excerpt":{"rendered":"<p>\u201cYerdeydim ve avu\u00e7lar\u0131m k\u0131zg\u0131n k\u00f6m\u00fcr par\u00e7alar\u0131n\u0131 tutmu\u015fum gibi yan\u0131yordu. Sa\u011f yan\u0131ma gelen \u015futu h\u00e2l\u00e2 nas\u0131l oldu\u011funu anlayamad\u0131\u011f\u0131m bir refleksle kurtarm\u0131\u015ft\u0131m. O an Lefter\u2019in s\u00f6z\u00fc duyuldu: \u2018Tamam,<span class=\"excerpt-hellip\"> [\u2026]<\/span><\/p>\n","protected":false},"featured_media":0,"template":"","meta":{"_monsterinsights_skip_tracking":false,"_monsterinsights_sitenote_active":false,"_monsterinsights_sitenote_note":"","_monsterinsights_sitenote_category":0},"product_brand":[],"product_cat":[12291,12711],"product_tag":[],"class_list":{"0":"post-715761","1":"product","2":"type-product","3":"status-publish","5":"product_cat-edebiyat","6":"product_cat-roman-oyku","7":"pa_cilt-ciltsiz","8":"pa_tur-kitap","9":"pa_yayinevi-is-bankasi-kultur-yayinlari","10":"pa_yazar-sunay-akin","12":"first","13":"instock","14":"sale","15":"shipping-taxable","16":"purchasable","17":"product-type-simple"},"_links":{"self":[{"href":"https:\/\/roveyayinevi.com.tr\/index.php\/wp-json\/wp\/v2\/product\/715761","targetHints":{"allow":["GET"]}}],"collection":[{"href":"https:\/\/roveyayinevi.com.tr\/index.php\/wp-json\/wp\/v2\/product"}],"about":[{"href":"https:\/\/roveyayinevi.com.tr\/index.php\/wp-json\/wp\/v2\/types\/product"}],"wp:attachment":[{"href":"https:\/\/roveyayinevi.com.tr\/index.php\/wp-json\/wp\/v2\/media?parent=715761"}],"wp:term":[{"taxonomy":"product_brand","embeddable":true,"href":"https:\/\/roveyayinevi.com.tr\/index.php\/wp-json\/wp\/v2\/product_brand?post=715761"},{"taxonomy":"product_cat","embeddable":true,"href":"https:\/\/roveyayinevi.com.tr\/index.php\/wp-json\/wp\/v2\/product_cat?post=715761"},{"taxonomy":"product_tag","embeddable":true,"href":"https:\/\/roveyayinevi.com.tr\/index.php\/wp-json\/wp\/v2\/product_tag?post=715761"}],"curies":[{"name":"wp","href":"https:\/\/api.w.org\/{rel}","templated":true}]}}