{"id":715760,"date":"2025-08-27T17:34:35","date_gmt":"2025-08-27T14:34:35","guid":{"rendered":"https:\/\/roveyayinevi.com.tr\/index.php\/urun\/kuraan-uzerine-makaleler-ciltli\/"},"modified":"2026-04-16T02:23:54","modified_gmt":"2026-04-15T23:23:54","slug":"kuraan-uzerine-makaleler-ciltli","status":"publish","type":"product","link":"https:\/\/roveyayinevi.com.tr\/index.php\/urun\/kuraan-uzerine-makaleler-ciltli\/","title":{"rendered":"Kura&#8217;an \u00dczerine Makaleler (Ciltli)"},"content":{"rendered":"<p>Bilimsel ara\u015ft\u0131rmalar\u0131n\u0131n oda\u011f\u0131na Kur\u2019an\u2019\u0131 koyan RudiParet, problematik konular\u0131 kendi perspektifinden bakarak ele\u015ftirel bir yakla\u015f\u0131mla a\u00e7\u0131klamaya \u00e7al\u0131\u015fm\u0131\u015ft\u0131r. Bu eser, Kur\u2019an metninin ortaya \u00e7\u0131kt\u0131\u011f\u0131 ortam\u0131 g\u00f6z \u00f6n\u00fcnde bulundurarak ayetlerdeki kast\u0131n ne olabilece\u011fini, yani Kur\u2019an ayetlerinin tarihsel anlamlar\u0131n\u0131 ortaya koymaya \u00e7al\u0131\u015fmaktad\u0131r. \u2018Paralel pasajlar y\u00f6ntemi\u2019ni kullanarak \u00e7al\u0131\u015fmalar\u0131n\u0131 derinle\u015ftiren Paret, tarihsel ele\u015ftiri y\u00f6ntemini de uygulamak suretiyle ayetlere yeni anlamlar y\u00fcklemektedir. Alman \u015farkiyat\u00e7\u0131 RudiParet\u2019inKur\u2019an metninin anla\u015f\u0131lmas\u0131na dair yay\u0131mlanm\u0131\u015f makalelerinin bir araya getirildi\u011fi bu \u00e7al\u0131\u015fma, ilim yolcular\u0131na ufuk a\u00e7acakt\u0131r.<\/p>\n","protected":false},"excerpt":{"rendered":"<p>Bilimsel ara\u015ft\u0131rmalar\u0131n\u0131n oda\u011f\u0131na Kur\u2019an\u2019\u0131 koyan RudiParet, problematik konular\u0131 kendi perspektifinden bakarak ele\u015ftirel bir yakla\u015f\u0131mla a\u00e7\u0131klamaya \u00e7al\u0131\u015fm\u0131\u015ft\u0131r. Bu eser, Kur\u2019an metninin ortaya \u00e7\u0131kt\u0131\u011f\u0131 ortam\u0131 g\u00f6z \u00f6n\u00fcnde bulundurarak<span class=\"excerpt-hellip\"> [\u2026]<\/span><\/p>\n","protected":false},"featured_media":0,"template":"","meta":{"_monsterinsights_skip_tracking":false,"_monsterinsights_sitenote_active":false,"_monsterinsights_sitenote_note":"","_monsterinsights_sitenote_category":0},"product_brand":[],"product_cat":[12718,12719,17284],"product_tag":[],"class_list":{"0":"post-715760","1":"product","2":"type-product","3":"status-publish","5":"product_cat-din","6":"product_cat-islam","7":"product_cat-kuran-ve-kuran-uzerine","8":"pa_cilt-ciltli","9":"pa_tur-kitap","10":"pa_yayinevi-otto-yayinlari","11":"pa_yazar-rudi-paret","13":"first","14":"instock","15":"sale","16":"shipping-taxable","17":"purchasable","18":"product-type-simple"},"_links":{"self":[{"href":"https:\/\/roveyayinevi.com.tr\/index.php\/wp-json\/wp\/v2\/product\/715760","targetHints":{"allow":["GET"]}}],"collection":[{"href":"https:\/\/roveyayinevi.com.tr\/index.php\/wp-json\/wp\/v2\/product"}],"about":[{"href":"https:\/\/roveyayinevi.com.tr\/index.php\/wp-json\/wp\/v2\/types\/product"}],"wp:attachment":[{"href":"https:\/\/roveyayinevi.com.tr\/index.php\/wp-json\/wp\/v2\/media?parent=715760"}],"wp:term":[{"taxonomy":"product_brand","embeddable":true,"href":"https:\/\/roveyayinevi.com.tr\/index.php\/wp-json\/wp\/v2\/product_brand?post=715760"},{"taxonomy":"product_cat","embeddable":true,"href":"https:\/\/roveyayinevi.com.tr\/index.php\/wp-json\/wp\/v2\/product_cat?post=715760"},{"taxonomy":"product_tag","embeddable":true,"href":"https:\/\/roveyayinevi.com.tr\/index.php\/wp-json\/wp\/v2\/product_tag?post=715760"}],"curies":[{"name":"wp","href":"https:\/\/api.w.org\/{rel}","templated":true}]}}