{"id":715759,"date":"2025-08-27T17:34:35","date_gmt":"2025-08-27T14:34:35","guid":{"rendered":"https:\/\/roveyayinevi.com.tr\/index.php\/urun\/his-2-ates-mavisi\/"},"modified":"2026-04-16T02:23:54","modified_gmt":"2026-04-15T23:23:54","slug":"his-2-ates-mavisi","status":"publish","type":"product","link":"https:\/\/roveyayinevi.com.tr\/index.php\/urun\/his-2-ates-mavisi\/","title":{"rendered":"His 2 &#8211; Ate\u015f Mavisi"},"content":{"rendered":"<p>Geldim , buraday\u0131m.Hissediyor musun ? Seninle ayn\u0131 arafta nefes al\u0131yoruz.Zevahirine de\u011filse bile ruhunun sular\u0131na \u00e7ok yak\u0131n\u0131m .Duyabiliyorum nefesinin sesini kokusunu an\u0131msayabiliyorum.Ortas\u0131na at\u0131ld\u0131\u011f\u0131m enkaz , darma duman olmu\u015f belle\u011fimle karde\u015f ve ruhumun p\u00fcr\u00fczl\u00fc duvarlar\u0131 sensizlikle s\u0131vanm\u0131\u015f , \u00e7ok ac\u0131 var.Ad\u0131mlar\u0131mdan geriye kanl\u0131 emarelere d\u00f6n\u00fcp bakam\u0131yorum . biliyorum .Hissediyorum, \u00c7ok yak\u0131nday\u0131m , ate\u015f mavisi&#8230;<\/p>\n","protected":false},"excerpt":{"rendered":"<p>Geldim , buraday\u0131m.Hissediyor musun ? Seninle ayn\u0131 arafta nefes al\u0131yoruz.Zevahirine de\u011filse bile ruhunun sular\u0131na \u00e7ok yak\u0131n\u0131m .Duyabiliyorum nefesinin sesini kokusunu an\u0131msayabiliyorum.Ortas\u0131na at\u0131ld\u0131\u011f\u0131m enkaz , darma duman<span class=\"excerpt-hellip\"> [\u2026]<\/span><\/p>\n","protected":false},"featured_media":0,"template":"","meta":{"_monsterinsights_skip_tracking":false,"_monsterinsights_sitenote_active":false,"_monsterinsights_sitenote_note":"","_monsterinsights_sitenote_category":0},"product_brand":[],"product_cat":[12291,12711],"product_tag":[],"class_list":{"0":"post-715759","1":"product","2":"type-product","3":"status-publish","5":"product_cat-edebiyat","6":"product_cat-roman-oyku","7":"pa_cilt-ciltsiz","8":"pa_tur-kitap","9":"pa_yayinevi-epsilon-yayinlari","10":"pa_yazar-duru-mavii","12":"first","13":"instock","14":"sale","15":"shipping-taxable","16":"purchasable","17":"product-type-simple"},"_links":{"self":[{"href":"https:\/\/roveyayinevi.com.tr\/index.php\/wp-json\/wp\/v2\/product\/715759","targetHints":{"allow":["GET"]}}],"collection":[{"href":"https:\/\/roveyayinevi.com.tr\/index.php\/wp-json\/wp\/v2\/product"}],"about":[{"href":"https:\/\/roveyayinevi.com.tr\/index.php\/wp-json\/wp\/v2\/types\/product"}],"wp:attachment":[{"href":"https:\/\/roveyayinevi.com.tr\/index.php\/wp-json\/wp\/v2\/media?parent=715759"}],"wp:term":[{"taxonomy":"product_brand","embeddable":true,"href":"https:\/\/roveyayinevi.com.tr\/index.php\/wp-json\/wp\/v2\/product_brand?post=715759"},{"taxonomy":"product_cat","embeddable":true,"href":"https:\/\/roveyayinevi.com.tr\/index.php\/wp-json\/wp\/v2\/product_cat?post=715759"},{"taxonomy":"product_tag","embeddable":true,"href":"https:\/\/roveyayinevi.com.tr\/index.php\/wp-json\/wp\/v2\/product_tag?post=715759"}],"curies":[{"name":"wp","href":"https:\/\/api.w.org\/{rel}","templated":true}]}}