{"id":715756,"date":"2025-08-27T17:34:33","date_gmt":"2025-08-27T14:34:33","guid":{"rendered":"https:\/\/roveyayinevi.com.tr\/index.php\/urun\/felsefe-antik-yuyandan-postmodern-dunyaya-dusuce-tarihini-daha-iyi-anlamak-icin-cizgibilim\/"},"modified":"2026-04-16T02:23:54","modified_gmt":"2026-04-15T23:23:54","slug":"felsefe-antik-yuyandan-postmodern-dunyaya-dusuce-tarihini-daha-iyi-anlamak-icin-cizgibilim","status":"publish","type":"product","link":"https:\/\/roveyayinevi.com.tr\/index.php\/urun\/felsefe-antik-yuyandan-postmodern-dunyaya-dusuce-tarihini-daha-iyi-anlamak-icin-cizgibilim\/","title":{"rendered":"Felsefe &#8211; Antik Yuyan\u2019dan Postmodern D\u00fcnyaya D\u00fc\u015f\u00fcce Tarihini Daha \u0130yi Anlamak \u0130\u00e7in \u00c7izgibilim"},"content":{"rendered":"<p>Mesela, \u201cGer\u00e7e\u011fin do\u011fas\u0131 nedir?\u201d, \u201c\u0130nsan ger\u00e7ekte nedir?\u201d Ya da \u201c\u0130nsan zihnini ve bilincini bu kadar \u00f6zel k\u0131lan nedir?\u201d, \u201cKim oldu\u011fumuzu ve ne yapt\u0131\u011f\u0131m\u0131z\u0131 se\u00e7mekte \u00f6zgu\u0308r mu\u0308yu\u0308z?\u201d, \u201cTanr\u0131\u2019n\u0131n varl\u0131\u011f\u0131n\u0131 kan\u0131tlayabilir miyiz?\u201d Peki ya \u201cHakikat nedir?\u201d, \u201cDil, du\u0308nyaya dair ger\u00e7ek\u00e7i bir g\u00f6ru\u0308ntu\u0308 sunabilir mi?\u201d Bu \u015fa\u015f\u0131rt\u0131c\u0131 kitap bu\u0308tu\u0308n bu sorular\u0131 ve felsefenin ele ald\u0131\u011f\u0131 daha nice sorunu inceliyor ve Heraklitos\u2019tan Derrida\u2019ya, en \u00f6nemli filozoflar\u0131n g\u00f6ru\u0308\u015flerini a\u00e7\u0131kl\u0131yor. Felsefe , felsefe tarihinin en ba\u015f\u0131ndan modern insan\u0131n bunal\u0131m \u00e7a\u011f\u0131na kadar uzanan, kapsaml\u0131 ve e\u011flenceli bir kitap. <\/p>\n","protected":false},"excerpt":{"rendered":"<p>Mesela, \u201cGer\u00e7e\u011fin do\u011fas\u0131 nedir?\u201d, \u201c\u0130nsan ger\u00e7ekte nedir?\u201d Ya da \u201c\u0130nsan zihnini ve bilincini bu kadar \u00f6zel k\u0131lan nedir?\u201d, \u201cKim oldu\u011fumuzu ve ne yapt\u0131\u011f\u0131m\u0131z\u0131 se\u00e7mekte \u00f6zgu\u0308r mu\u0308yu\u0308z?\u201d,<span class=\"excerpt-hellip\"> [\u2026]<\/span><\/p>\n","protected":false},"featured_media":0,"template":"","meta":{"_monsterinsights_skip_tracking":false,"_monsterinsights_sitenote_active":false,"_monsterinsights_sitenote_note":"","_monsterinsights_sitenote_category":0},"product_brand":[],"product_cat":[12389,12388],"product_tag":[],"class_list":{"0":"post-715756","1":"product","2":"type-product","3":"status-publish","5":"product_cat-diger-felsefe","6":"product_cat-felsefe","7":"pa_cilt-ciltsiz","8":"pa_tur-kitap","9":"pa_yayinevi-say-yayinlari","10":"pa_yazar-dave-robinson-judy-groves","12":"first","13":"instock","14":"sale","15":"shipping-taxable","16":"purchasable","17":"product-type-simple"},"_links":{"self":[{"href":"https:\/\/roveyayinevi.com.tr\/index.php\/wp-json\/wp\/v2\/product\/715756","targetHints":{"allow":["GET"]}}],"collection":[{"href":"https:\/\/roveyayinevi.com.tr\/index.php\/wp-json\/wp\/v2\/product"}],"about":[{"href":"https:\/\/roveyayinevi.com.tr\/index.php\/wp-json\/wp\/v2\/types\/product"}],"wp:attachment":[{"href":"https:\/\/roveyayinevi.com.tr\/index.php\/wp-json\/wp\/v2\/media?parent=715756"}],"wp:term":[{"taxonomy":"product_brand","embeddable":true,"href":"https:\/\/roveyayinevi.com.tr\/index.php\/wp-json\/wp\/v2\/product_brand?post=715756"},{"taxonomy":"product_cat","embeddable":true,"href":"https:\/\/roveyayinevi.com.tr\/index.php\/wp-json\/wp\/v2\/product_cat?post=715756"},{"taxonomy":"product_tag","embeddable":true,"href":"https:\/\/roveyayinevi.com.tr\/index.php\/wp-json\/wp\/v2\/product_tag?post=715756"}],"curies":[{"name":"wp","href":"https:\/\/api.w.org\/{rel}","templated":true}]}}