{"id":715755,"date":"2025-08-27T17:34:32","date_gmt":"2025-08-27T14:34:32","guid":{"rendered":"https:\/\/roveyayinevi.com.tr\/index.php\/urun\/cogito-91-neoliberalizmde-oznellik\/"},"modified":"2026-04-16T02:23:54","modified_gmt":"2026-04-15T23:23:54","slug":"cogito-91-neoliberalizmde-oznellik","status":"publish","type":"product","link":"https:\/\/roveyayinevi.com.tr\/index.php\/urun\/cogito-91-neoliberalizmde-oznellik\/","title":{"rendered":"Cogito 91  &#8211; Neoliberalizmde \u00d6znellik"},"content":{"rendered":"<p>Cogito\u2019dan \u2022 Neoliberal D\u00fczende \u00d6zne ve Kapitalist Ger\u00e7ek\u00e7ilik Yeni Perspektifler Sava\u015f K\u0131l\u0131\u00e7 \u2022 \u201cBen Yazarken Konu\u015fan Kim?\u201d: \u00dcslup ve S\u00f6ylemin \u00d6znesi Pierre Macherey \u2022 Canguilhem ve Foucault\u2019da \u00d6znellik ve Normatiflik Dosya: Neoliberalizmde \u00d6znellik Terence Holden \u2022 \u015eeyle\u015fme ile Tan\u0131ma Aras\u0131nda \u00d6zneleraras\u0131l\u0131k Intersubjectivity Between Reification and Recognition Georgia Axiotou \u2022 Siyasal Bir Ya\u015fam Formu Olarak \u201cYa\u015famdaki-\u00d6l\u00fcm\u201d S\u0131n\u0131r\u0131 The \u201cDeath-in-Life\u201d Limit as a Political Form of Life \u00d6zg\u00fcr G\u00fcrsoy \u2022 Siyaset (veya Etik): Foucault\u2019nun \u201cKendilik \u0130li\u015fkisinin\u201d Normatif Ba\u011fl\u0131l\u0131\u011f\u0131 Mert Bahad\u0131r Reiso\u011flu \u2022 Paranoyan\u0131n Kuram\u0131ndan Kuram\u0131n Paranoyas\u0131na Andrea Rossi \u2022 Neoliberal Ruhlar \/ Neoliberal Souls <\/p>\n","protected":false},"excerpt":{"rendered":"<p>Cogito\u2019dan \u2022 Neoliberal D\u00fczende \u00d6zne ve Kapitalist Ger\u00e7ek\u00e7ilik Yeni Perspektifler Sava\u015f K\u0131l\u0131\u00e7 \u2022 \u201cBen Yazarken Konu\u015fan Kim?\u201d: \u00dcslup ve S\u00f6ylemin \u00d6znesi Pierre Macherey \u2022 Canguilhem ve<span class=\"excerpt-hellip\"> [\u2026]<\/span><\/p>\n","protected":false},"featured_media":0,"template":"","meta":{"_monsterinsights_skip_tracking":false,"_monsterinsights_sitenote_active":false,"_monsterinsights_sitenote_note":"","_monsterinsights_sitenote_category":0},"product_brand":[],"product_cat":[19460,13527],"product_tag":[],"class_list":{"0":"post-715755","1":"product","2":"type-product","3":"status-publish","5":"product_cat-felsefe-sureli-yayinlar","6":"product_cat-sureli-yayinlar","7":"pa_cilt-ciltsiz","8":"pa_tur-dergi","9":"pa_yayinevi-yapi-kredi-yayinlari-dergi","10":"pa_yazar-kolektif","12":"first","13":"instock","14":"sale","15":"shipping-taxable","16":"purchasable","17":"product-type-simple"},"_links":{"self":[{"href":"https:\/\/roveyayinevi.com.tr\/index.php\/wp-json\/wp\/v2\/product\/715755","targetHints":{"allow":["GET"]}}],"collection":[{"href":"https:\/\/roveyayinevi.com.tr\/index.php\/wp-json\/wp\/v2\/product"}],"about":[{"href":"https:\/\/roveyayinevi.com.tr\/index.php\/wp-json\/wp\/v2\/types\/product"}],"wp:attachment":[{"href":"https:\/\/roveyayinevi.com.tr\/index.php\/wp-json\/wp\/v2\/media?parent=715755"}],"wp:term":[{"taxonomy":"product_brand","embeddable":true,"href":"https:\/\/roveyayinevi.com.tr\/index.php\/wp-json\/wp\/v2\/product_brand?post=715755"},{"taxonomy":"product_cat","embeddable":true,"href":"https:\/\/roveyayinevi.com.tr\/index.php\/wp-json\/wp\/v2\/product_cat?post=715755"},{"taxonomy":"product_tag","embeddable":true,"href":"https:\/\/roveyayinevi.com.tr\/index.php\/wp-json\/wp\/v2\/product_tag?post=715755"}],"curies":[{"name":"wp","href":"https:\/\/api.w.org\/{rel}","templated":true}]}}