{"id":715754,"date":"2025-08-27T17:34:32","date_gmt":"2025-08-27T14:34:32","guid":{"rendered":"https:\/\/roveyayinevi.com.tr\/index.php\/urun\/kis-gelmeden-sevda-dolu-bir-yaz\/"},"modified":"2026-04-16T02:23:54","modified_gmt":"2026-04-15T23:23:54","slug":"kis-gelmeden-sevda-dolu-bir-yaz","status":"publish","type":"product","link":"https:\/\/roveyayinevi.com.tr\/index.php\/urun\/kis-gelmeden-sevda-dolu-bir-yaz\/","title":{"rendered":"K\u0131\u015f Gelmeden &#8211; Sevda Dolu Bir Yaz"},"content":{"rendered":"<p>F\u00fcruzan\u2019\u0131n K\u0131\u015f Gelmeden-Sevda Dolu Bir Yaz adl\u0131 yeni kitab\u0131 Yap\u0131 Kredi Yay\u0131nlar\u0131\u2019ndan \u00e7\u0131kt\u0131. Daha \u00f6nce defalarca sahnelenen oyunlar\u0131n metni ilk kez bir kitapta bir araya geldi. F\u00fcruzan, 1997\u2019de \u201cK\u0131\u015f Gelmeden\u201d \u00f6yk\u00fcs\u00fcn\u00fc, 2001\u2019de ise \u201cSevda Dolu Bir Yaz\u201d \u00f6yk\u00fcs\u00fcn\u00fc oyunla\u015ft\u0131rd\u0131. Devlet Tiyatrolar\u0131\u2019nda yakla\u015f\u0131k 200 kez sahnelenen bu oyunlar g\u00fcn\u00fcm\u00fczde de repertuarlarda yer al\u0131yor ve sahnelendiklerinde ilgiyle izleniyor. Kitapta bu oyunlar\u0131n metinleri yazar\u0131n elinden \u00e7\u0131kt\u0131\u011f\u0131 \u015fekliyle yer al\u0131yor. F\u00fcruzan, 1997\u2019de \u201cK\u0131\u015f Gelmeden\u201d \u00f6yk\u00fcs\u00fcn\u00fc, 2001\u2019de ise \u201cSevda Dolu Bir Yaz\u201d \u00f6yk\u00fcs\u00fcn\u00fc oyunla\u015ft\u0131rd\u0131. Devlet Tiyatrolar\u0131\u2019nda yakla\u015f\u0131k 200 kez sahnelenen bu oyunlar g\u00fcn\u00fcm\u00fczde de repertuarlarda yer al\u0131yor ve sahnelendiklerinde ilgiyle izleniyor. Kitapta bu oyunlar\u0131n metinleri yazar\u0131n elinden \u00e7\u0131kt\u0131\u011f\u0131 \u015fekliyle yer al\u0131yor. Ay\u015feg\u00fcl Y\u00fcksel ise yazar\u0131n edebiyat\u0131n\u0131 \u015f\u00f6yle yorumlar: \u201c\u2018F\u00fcruzan edebiyat\u0131m\u0131zda bir olayd\u0131r\u2019 diyor Memet Fuat. T\u00fcrk toplumunu olu\u015fturan insan manzaralar\u0131n\u0131 hem bireysel duyarl\u0131klar \u00f6zelinde i\u015fleyip, hem de bu duyarl\u0131l\u0131klar\u0131n \u00f6rt\u00fc\u015f\u00fcp ve \u00e7at\u0131\u015f\u0131p genel bir toplum portresini nas\u0131l da yal\u0131n bir anlat\u0131ma d\u00f6kebilmi\u015ftir yap\u0131tlar\u0131nda. \u2018Trajik\u2019 olan\u0131 ya\u015fand\u0131\u011f\u0131 anda bileyip keskinle\u015ftirmektense, akan zaman i\u00e7inde koyultup bilince g\u00fclle gibi oturtan \u2018Pathos\u2019a, onar\u0131lmaz buruklu\u011fa, nas\u0131l da d\u00f6n\u00fc\u015ft\u00fcrm\u00fc\u015ft\u00fcr.\u201d <\/p>\n","protected":false},"excerpt":{"rendered":"<p>F\u00fcruzan\u2019\u0131n K\u0131\u015f Gelmeden-Sevda Dolu Bir Yaz adl\u0131 yeni kitab\u0131 Yap\u0131 Kredi Yay\u0131nlar\u0131\u2019ndan \u00e7\u0131kt\u0131. Daha \u00f6nce defalarca sahnelenen oyunlar\u0131n metni ilk kez bir kitapta bir araya geldi.<span class=\"excerpt-hellip\"> [\u2026]<\/span><\/p>\n","protected":false},"featured_media":0,"template":"","meta":{"_monsterinsights_skip_tracking":false,"_monsterinsights_sitenote_active":false,"_monsterinsights_sitenote_note":"","_monsterinsights_sitenote_category":0},"product_brand":[],"product_cat":[12291,15566],"product_tag":[],"class_list":{"0":"post-715754","1":"product","2":"type-product","3":"status-publish","5":"product_cat-edebiyat","6":"product_cat-oyun","7":"pa_cilt-ciltsiz","8":"pa_tur-kitap","9":"pa_yayinevi-yapi-kredi-yayinlari","10":"pa_yazar-furuzan","12":"first","13":"instock","14":"sale","15":"shipping-taxable","16":"purchasable","17":"product-type-simple"},"_links":{"self":[{"href":"https:\/\/roveyayinevi.com.tr\/index.php\/wp-json\/wp\/v2\/product\/715754","targetHints":{"allow":["GET"]}}],"collection":[{"href":"https:\/\/roveyayinevi.com.tr\/index.php\/wp-json\/wp\/v2\/product"}],"about":[{"href":"https:\/\/roveyayinevi.com.tr\/index.php\/wp-json\/wp\/v2\/types\/product"}],"wp:attachment":[{"href":"https:\/\/roveyayinevi.com.tr\/index.php\/wp-json\/wp\/v2\/media?parent=715754"}],"wp:term":[{"taxonomy":"product_brand","embeddable":true,"href":"https:\/\/roveyayinevi.com.tr\/index.php\/wp-json\/wp\/v2\/product_brand?post=715754"},{"taxonomy":"product_cat","embeddable":true,"href":"https:\/\/roveyayinevi.com.tr\/index.php\/wp-json\/wp\/v2\/product_cat?post=715754"},{"taxonomy":"product_tag","embeddable":true,"href":"https:\/\/roveyayinevi.com.tr\/index.php\/wp-json\/wp\/v2\/product_tag?post=715754"}],"curies":[{"name":"wp","href":"https:\/\/api.w.org\/{rel}","templated":true}]}}