{"id":715753,"date":"2025-08-27T17:34:31","date_gmt":"2025-08-27T14:34:31","guid":{"rendered":"https:\/\/roveyayinevi.com.tr\/index.php\/urun\/psikanaliz-defteri-1-cocuk-ve-ergen-calismalari-cocuk-ve-ergenle-calismak\/"},"modified":"2026-04-16T02:23:54","modified_gmt":"2026-04-15T23:23:54","slug":"psikanaliz-defteri-1-cocuk-ve-ergen-calismalari-cocuk-ve-ergenle-calismak","status":"publish","type":"product","link":"https:\/\/roveyayinevi.com.tr\/index.php\/urun\/psikanaliz-defteri-1-cocuk-ve-ergen-calismalari-cocuk-ve-ergenle-calismak\/","title":{"rendered":"Psikanaliz Defteri 1 &#8211; \u00c7ocuk ve Ergen \u00c7al\u0131\u015fmalar\u0131 &#8211; \u00c7ocuk ve Ergenle \u00c7al\u0131\u015fmak"},"content":{"rendered":"<p>Talat Parman\u2019\u0131n haz\u0131rlad\u0131\u011f\u0131 Yap\u0131 Kredi Yay\u0131nlar\u0131\u2019ndan \u00e7\u0131kan Psikanaliz Defterleri 1:  \u201c\u00c7ocuk ve Ergenle \u00c7al\u0131\u015fmak\u201d kitab\u0131, \u00e7ocuk ve ergen psikanalizi alan\u0131nda yay\u0131n ve etkinliklerden olu\u015facak bir \u00e7al\u0131\u015fman\u0131n ilk \u00fcr\u00fcn\u00fc.  \u201cPsikanaliz Defterleri \u2013 \u00c7ocuk ve Ergen \u00c7al\u0131\u015fmalar\u0131\u201d dizisinin bu ilk kitab\u0131nda \u00e7ocuk ve ergenlerle psikanalitik \u00e7al\u0131\u015fman\u0131n \u00e7er\u00e7evesi kuramsal ve klinik y\u00f6nleriyle ele al\u0131n\u0131yor. Dizinin amac\u0131 \u00e7ocuk ve ergen ruhsall\u0131\u011f\u0131 alan\u0131nda \u00e7al\u0131\u015fan psikiyatr, psikolog ve psikolojik dan\u0131\u015fmanlar kadar \u00e7ocuk ve ergenlerle \u00e7al\u0131\u015fan e\u011fitimciler, dahas\u0131 \u00e7ocuk ve ergen sa\u011fl\u0131\u011f\u0131 alan\u0131n\u0131n sorumlusu hekimler, hem\u015fireler ve sosyal hizmet uzmanlar\u0131na psikanalizin katk\u0131s\u0131n\u0131 sunmak.. Psikanalizin ayr\u0131lmaz bir par\u00e7as\u0131 olan \u00e7ocuk ve ergen psikanalizi alan\u0131nda \u00f6zg\u00fcn yaz\u0131lara ve \u00e7evirilere yer veren kitaba, Yap\u0131 Kredi Yay\u0131nlar\u0131\u2019n\u0131n Cogito Dizisi\u2019nde yer alacak bir kitap dizisi de e\u015flik edecek. Bu \u00e7al\u0131\u015fman\u0131n bir di\u011fer amac\u0131 da ayn\u0131 alanda yap\u0131tlar\u0131n yay\u0131mlanaca\u011f\u0131 Cogito Dizisi ile birlikte T\u00fcrkiye\u2019de bir \u00e7ocuk ve ergen psikanalizi kitapl\u0131\u011f\u0131n\u0131n olu\u015fturulmas\u0131. <\/p>\n","protected":false},"excerpt":{"rendered":"<p>Talat Parman\u2019\u0131n haz\u0131rlad\u0131\u011f\u0131 Yap\u0131 Kredi Yay\u0131nlar\u0131\u2019ndan \u00e7\u0131kan Psikanaliz Defterleri 1: \u201c\u00c7ocuk ve Ergenle \u00c7al\u0131\u015fmak\u201d kitab\u0131, \u00e7ocuk ve ergen psikanalizi alan\u0131nda yay\u0131n ve etkinliklerden olu\u015facak bir \u00e7al\u0131\u015fman\u0131n<span class=\"excerpt-hellip\"> [\u2026]<\/span><\/p>\n","protected":false},"featured_media":0,"template":"","meta":{"_monsterinsights_skip_tracking":false,"_monsterinsights_sitenote_active":false,"_monsterinsights_sitenote_note":"","_monsterinsights_sitenote_category":0},"product_brand":[],"product_cat":[25175,12357],"product_tag":[],"class_list":{"0":"post-715753","1":"product","2":"type-product","3":"status-publish","5":"product_cat-egitim-psikolojisi","6":"product_cat-psikoloji","7":"pa_cilt-ciltsiz","8":"pa_tur-kitap","9":"pa_yayinevi-yapi-kredi-yayinlari","10":"pa_yazar-talat-parman","12":"first","13":"instock","14":"sale","15":"shipping-taxable","16":"purchasable","17":"product-type-simple"},"_links":{"self":[{"href":"https:\/\/roveyayinevi.com.tr\/index.php\/wp-json\/wp\/v2\/product\/715753","targetHints":{"allow":["GET"]}}],"collection":[{"href":"https:\/\/roveyayinevi.com.tr\/index.php\/wp-json\/wp\/v2\/product"}],"about":[{"href":"https:\/\/roveyayinevi.com.tr\/index.php\/wp-json\/wp\/v2\/types\/product"}],"wp:attachment":[{"href":"https:\/\/roveyayinevi.com.tr\/index.php\/wp-json\/wp\/v2\/media?parent=715753"}],"wp:term":[{"taxonomy":"product_brand","embeddable":true,"href":"https:\/\/roveyayinevi.com.tr\/index.php\/wp-json\/wp\/v2\/product_brand?post=715753"},{"taxonomy":"product_cat","embeddable":true,"href":"https:\/\/roveyayinevi.com.tr\/index.php\/wp-json\/wp\/v2\/product_cat?post=715753"},{"taxonomy":"product_tag","embeddable":true,"href":"https:\/\/roveyayinevi.com.tr\/index.php\/wp-json\/wp\/v2\/product_tag?post=715753"}],"curies":[{"name":"wp","href":"https:\/\/api.w.org\/{rel}","templated":true}]}}