{"id":715752,"date":"2025-08-27T17:34:31","date_gmt":"2025-08-27T14:34:31","guid":{"rendered":"https:\/\/roveyayinevi.com.tr\/index.php\/urun\/fantastik-canavarlar-nelerdir-nerede-bulunurlar\/"},"modified":"2026-04-16T02:23:54","modified_gmt":"2026-04-15T23:23:54","slug":"fantastik-canavarlar-nelerdir-nerede-bulunurlar","status":"publish","type":"product","link":"https:\/\/roveyayinevi.com.tr\/index.php\/urun\/fantastik-canavarlar-nelerdir-nerede-bulunurlar\/","title":{"rendered":"Fantastik Canavarlar Nelerdir Nerede Bulunurlar?"},"content":{"rendered":"<p>Y\u0131l 1926, New York&#8230; Bir avu\u00e7 insan&#8230; ve yarat\u0131k&#8230; bir\u00e7oklar\u0131n\u0131n kaderini belirleyecektir. B\u00fcy\u00fczoolog Newt Scamander \u015fehre yeni gelmi\u015ftir ve fazla kalmaya niyeti yoktur. Fakat Newt\u2019\u0131n sihirli valizi ba\u015fkas\u0131n\u0131nkiyle kar\u0131\u015f\u0131p fantastik canavarlar\u0131n\u0131n baz\u0131lar\u0131 ka\u00e7\u0131nca, ortal\u0131k iyiden iyiye kar\u0131\u015f\u0131r. D\u00fcnyan\u0131n her yerinde sevilen ve \u00e7ok satan Harry Potter kitaplar\u0131n\u0131n yazar\u0131 J.K. Rowling, Newt Scamander\u2019\u0131n yazd\u0131\u011f\u0131 \u00f6zg\u00fcn Hogwarts ders kitaplar\u0131ndan Fantastik Canavarlar Nelerdir, Nerede Bulunurlar?\u2019dan ilham alarak ilk senaryosunu yazd\u0131. J.K. Rowling\u2019in parlak hayal g\u00fcc\u00fcn\u00fcn hayranlar\u0131 onun ortaya koydu\u011fu mizah yetene\u011fini, yaratt\u0131\u011f\u0131 sihirli evrenin inan\u0131lmaz imgelemini ve her t\u00fcrden ki\u015fiye (asalar\u0131 olsun ya da olmas\u0131n) duydu\u011fu derin sempatiyi ve anlay\u0131\u015f\u0131 her sayfada tan\u0131yacaklar. Bu macera dolu, destans\u0131 hik\u00e2ye nefesinizi kesecek. <\/p>\n","protected":false},"excerpt":{"rendered":"<p>Y\u0131l 1926, New York&#8230; Bir avu\u00e7 insan&#8230; ve yarat\u0131k&#8230; bir\u00e7oklar\u0131n\u0131n kaderini belirleyecektir. B\u00fcy\u00fczoolog Newt Scamander \u015fehre yeni gelmi\u015ftir ve fazla kalmaya niyeti yoktur. Fakat Newt\u2019\u0131n sihirli<span class=\"excerpt-hellip\"> [\u2026]<\/span><\/p>\n","protected":false},"featured_media":0,"template":"","meta":{"_monsterinsights_skip_tracking":false,"_monsterinsights_sitenote_active":false,"_monsterinsights_sitenote_note":"","_monsterinsights_sitenote_category":0},"product_brand":[],"product_cat":[12274,12284],"product_tag":[],"class_list":{"0":"post-715752","1":"product","2":"type-product","3":"status-publish","5":"product_cat-cocuk-ve-genclik-kitaplari","6":"product_cat-hikayeler","7":"pa_cilt-ciltsiz","8":"pa_tur-kitap","9":"pa_yayinevi-yapi-kredi-yayinlari","10":"pa_yazar-j-k-rowling","12":"first","13":"instock","14":"sale","15":"shipping-taxable","16":"purchasable","17":"product-type-simple"},"_links":{"self":[{"href":"https:\/\/roveyayinevi.com.tr\/index.php\/wp-json\/wp\/v2\/product\/715752","targetHints":{"allow":["GET"]}}],"collection":[{"href":"https:\/\/roveyayinevi.com.tr\/index.php\/wp-json\/wp\/v2\/product"}],"about":[{"href":"https:\/\/roveyayinevi.com.tr\/index.php\/wp-json\/wp\/v2\/types\/product"}],"wp:attachment":[{"href":"https:\/\/roveyayinevi.com.tr\/index.php\/wp-json\/wp\/v2\/media?parent=715752"}],"wp:term":[{"taxonomy":"product_brand","embeddable":true,"href":"https:\/\/roveyayinevi.com.tr\/index.php\/wp-json\/wp\/v2\/product_brand?post=715752"},{"taxonomy":"product_cat","embeddable":true,"href":"https:\/\/roveyayinevi.com.tr\/index.php\/wp-json\/wp\/v2\/product_cat?post=715752"},{"taxonomy":"product_tag","embeddable":true,"href":"https:\/\/roveyayinevi.com.tr\/index.php\/wp-json\/wp\/v2\/product_tag?post=715752"}],"curies":[{"name":"wp","href":"https:\/\/api.w.org\/{rel}","templated":true}]}}