{"id":715750,"date":"2025-08-27T17:34:29","date_gmt":"2025-08-27T14:34:29","guid":{"rendered":"https:\/\/roveyayinevi.com.tr\/index.php\/urun\/orsinya-oykuleri\/"},"modified":"2026-04-16T02:23:54","modified_gmt":"2026-04-15T23:23:54","slug":"orsinya-oykuleri","status":"publish","type":"product","link":"https:\/\/roveyayinevi.com.tr\/index.php\/urun\/orsinya-oykuleri\/","title":{"rendered":"Orsinya \u00d6yk\u00fcleri"},"content":{"rendered":"<p>Ursula K. Le Guin, bilimkurgu ve fantazi edebiyat\u0131na damga vurmu\u015f en b\u00fcy\u00fck yazarlardan. Kitaplar\u0131 ve fikirleriyle hem okurlara hem de yazarlara ilham veren Le Guin, yaln\u0131zca t\u00fcr\u00fcn de\u011fil t\u00fcm yirminci y\u00fczy\u0131l\u0131n en \u00f6nemli edebiyat\u00e7\u0131lar\u0131ndan.Orsinya\u2026 orta\u00e7a\u011f kalelerinin, surlarla \u00e7evrili \u015fehirlerin ve kadim tanr\u0131lar\u0131n mesken tuttu\u011fu da\u011flara uzanan tren raylar\u0131n\u0131n diyar\u0131. Hayat\u0131n sert, d\u00fc\u015flerin k\u0131r\u0131lgan ve bilinmedik g\u00fc\u00e7lerin par\u00e7alamaya \u00e7al\u0131\u015ft\u0131\u011f\u0131 halk\u0131n ak\u0131l b\u00fct\u00fcnl\u00fc\u011f\u00fcn\u00fc yitirmeme u\u011fra\u015f\u0131 verdikleri bir \u00fclke buras\u0131.Le Guin\u2019in kendi i\u00e7in yaratt\u0131\u011f\u0131 bir Do\u011fu Avrupa \u00fclkesi olan Orsinya\u2019da ge\u00e7en ve yakla\u015f\u0131k sekiz y\u00fcz y\u0131ll\u0131k bir tarihten kesitler sunan Orsinya \u00d6yk\u00fcleri, yazar\u0131n kelime i\u015f\u00e7ili\u011finin ve karakter yarat\u0131m\u0131n\u0131n ba\u015far\u0131s\u0131n\u0131 g\u00f6zler \u00f6n\u00fcne sermekle kalmay\u0131p modern edebiyattaki en s\u0131rad\u0131\u015f\u0131 ba\u015fkald\u0131r\u0131, devrim, \u015fiddet ve a\u015fk \u00f6yk\u00fclerini de bir araya getiriyor.<\/p>\n","protected":false},"excerpt":{"rendered":"<p>Ursula K. Le Guin, bilimkurgu ve fantazi edebiyat\u0131na damga vurmu\u015f en b\u00fcy\u00fck yazarlardan. Kitaplar\u0131 ve fikirleriyle hem okurlara hem de yazarlara ilham veren Le Guin, yaln\u0131zca<span class=\"excerpt-hellip\"> [\u2026]<\/span><\/p>\n","protected":false},"featured_media":0,"template":"","meta":{"_monsterinsights_skip_tracking":false,"_monsterinsights_sitenote_active":false,"_monsterinsights_sitenote_note":"","_monsterinsights_sitenote_category":0},"product_brand":[],"product_cat":[12291,14777],"product_tag":[],"class_list":{"0":"post-715750","1":"product","2":"type-product","3":"status-publish","5":"product_cat-edebiyat","6":"product_cat-fantastik","7":"pa_cilt-ciltsiz","8":"pa_tur-kitap","9":"pa_yayinevi-ithaki-yayinlari","10":"pa_yazar-ursula-k-le-guin","12":"first","13":"instock","14":"sale","15":"shipping-taxable","16":"purchasable","17":"product-type-simple"},"_links":{"self":[{"href":"https:\/\/roveyayinevi.com.tr\/index.php\/wp-json\/wp\/v2\/product\/715750","targetHints":{"allow":["GET"]}}],"collection":[{"href":"https:\/\/roveyayinevi.com.tr\/index.php\/wp-json\/wp\/v2\/product"}],"about":[{"href":"https:\/\/roveyayinevi.com.tr\/index.php\/wp-json\/wp\/v2\/types\/product"}],"wp:attachment":[{"href":"https:\/\/roveyayinevi.com.tr\/index.php\/wp-json\/wp\/v2\/media?parent=715750"}],"wp:term":[{"taxonomy":"product_brand","embeddable":true,"href":"https:\/\/roveyayinevi.com.tr\/index.php\/wp-json\/wp\/v2\/product_brand?post=715750"},{"taxonomy":"product_cat","embeddable":true,"href":"https:\/\/roveyayinevi.com.tr\/index.php\/wp-json\/wp\/v2\/product_cat?post=715750"},{"taxonomy":"product_tag","embeddable":true,"href":"https:\/\/roveyayinevi.com.tr\/index.php\/wp-json\/wp\/v2\/product_tag?post=715750"}],"curies":[{"name":"wp","href":"https:\/\/api.w.org\/{rel}","templated":true}]}}