{"id":715749,"date":"2025-08-27T17:34:29","date_gmt":"2025-08-27T14:34:29","guid":{"rendered":"https:\/\/roveyayinevi.com.tr\/index.php\/urun\/yeni-bir-sol-icin-devrimci-anahtar-kelimeler\/"},"modified":"2026-04-03T02:30:28","modified_gmt":"2026-04-02T23:30:28","slug":"yeni-bir-sol-icin-devrimci-anahtar-kelimeler","status":"publish","type":"product","link":"https:\/\/roveyayinevi.com.tr\/index.php\/urun\/yeni-bir-sol-icin-devrimci-anahtar-kelimeler\/","title":{"rendered":"Yeni Bir Sol \u0130\u00e7in Devrimci Anahtar Kelimeler"},"content":{"rendered":"<p>\u201cT\u00fcm teoriler gridir, dostum, ya\u015fam\u0131n alt\u0131n fidan\u0131 ise daima ye\u015fil,\u201d demi\u015fti Goethe. Ian Parker\u2019\u0131n Yeni Bir Sol \u0130\u00e7in Devrimci Anahtar Kelimeler kitab\u0131 bu kar\u015f\u0131tl\u0131\u011f\u0131 teoriyi pratikle i\u00e7 i\u00e7e ge\u00e7iren praksis felsefesiyle a\u015fmaya giri\u015fen \u00e7al\u0131\u015fmalardan biri. D\u00fcnyay\u0131 de\u011fi\u015ftirme g\u00f6revini onu anlamakla birlikte ele alan bu felsefeden beklenebilece\u011fi \u00fczere, Parker bug\u00fcn solun kar\u015f\u0131s\u0131na \u00e7\u0131kan yeni sorunlar\u0131 yeni kavramlar \u00fczerinden anlamaya soyunuyor. Bunu her bir kavram\u0131n do\u011frudan etimolojik veya tarihsel arkaplan\u0131na e\u011filerek yapm\u0131yor Parker. Daha ziyade, d\u00fcnyan\u0131n d\u00f6rt bir yan\u0131ndan g\u00fcncel \u00f6rneklerle, ele\u015ftirel s\u00f6ylemde dola\u015f\u0131mda olan yeni kavramlar\u0131 somut bir ba\u011flama oturtarak tasvir etmeye \u00e7al\u0131\u015f\u0131yor.Yeni Bir Sol \u0130\u00e7in Devrimci Anahtar Kelimeler, d\u00fcnyay\u0131 sahiden anlay\u0131p de\u011fi\u015ftirme arzusundaki herkesin bir \u015fekilde faydalanabilece\u011fi bir kavramsal alet edevat \u00e7antas\u0131.\u201cBu kitap eylemci yaz\u0131lar ile felsefi soru\u015fturmay\u0131 \u00f6nc\u00fc bir bi\u00e7imde birbirine yak\u0131nla\u015ft\u0131r\u0131yor.\u201d- Teresa Ebert, The Task of Cultural Critique\u2019in yazar\u0131, State University of New York at Albany\u201cIan Parker\u2019\u0131n Anahtar Kelimeler\u2019i, sol s\u00f6ylemlerde dola\u015fan \u00e7e\u015fitli kelimelerin aras\u0131nda y\u00f6n bulmak isteyen eylemciler i\u00e7in son derece faydal\u0131 bir ara\u00e7. A\u00e7\u0131k ve anla\u015f\u0131l\u0131r bir dille Parker, teorik ve pratik meseleleri birle\u015ftirmeyi ba\u015far\u0131yor ve bunu esas hedefi g\u00f6zden ka\u00e7\u0131rmadan yap\u0131yor: d\u00fcnyay\u0131 siyasal pratikle d\u00f6n\u00fc\u015ft\u00fcmek.\u201d- Cinzia Arruza, Dangerous Liaisons: The Marriage and Divorces of Marxism and Feminism\u2019in yazar\u0131, New School for Social Research<\/p>\n","protected":false},"excerpt":{"rendered":"<p>\u201cT\u00fcm teoriler gridir, dostum, ya\u015fam\u0131n alt\u0131n fidan\u0131 ise daima ye\u015fil,\u201d demi\u015fti Goethe. Ian Parker\u2019\u0131n Yeni Bir Sol \u0130\u00e7in Devrimci Anahtar Kelimeler kitab\u0131 bu kar\u015f\u0131tl\u0131\u011f\u0131 teoriyi pratikle<span class=\"excerpt-hellip\"> [\u2026]<\/span><\/p>\n","protected":false},"featured_media":0,"template":"","meta":{"_monsterinsights_skip_tracking":false,"_monsterinsights_sitenote_active":false,"_monsterinsights_sitenote_note":"","_monsterinsights_sitenote_category":0},"product_brand":[],"product_cat":[12291,16009],"product_tag":[],"class_list":{"0":"post-715749","1":"product","2":"type-product","3":"status-publish","5":"product_cat-edebiyat","6":"product_cat-politik-kurgu","7":"pa_cilt-ciltsiz","8":"pa_tur-kitap","9":"pa_yayinevi-ithaki-yayinlari","10":"pa_yazar-ian-parker","12":"first","13":"instock","14":"sale","15":"shipping-taxable","16":"purchasable","17":"product-type-simple"},"_links":{"self":[{"href":"https:\/\/roveyayinevi.com.tr\/index.php\/wp-json\/wp\/v2\/product\/715749","targetHints":{"allow":["GET"]}}],"collection":[{"href":"https:\/\/roveyayinevi.com.tr\/index.php\/wp-json\/wp\/v2\/product"}],"about":[{"href":"https:\/\/roveyayinevi.com.tr\/index.php\/wp-json\/wp\/v2\/types\/product"}],"wp:attachment":[{"href":"https:\/\/roveyayinevi.com.tr\/index.php\/wp-json\/wp\/v2\/media?parent=715749"}],"wp:term":[{"taxonomy":"product_brand","embeddable":true,"href":"https:\/\/roveyayinevi.com.tr\/index.php\/wp-json\/wp\/v2\/product_brand?post=715749"},{"taxonomy":"product_cat","embeddable":true,"href":"https:\/\/roveyayinevi.com.tr\/index.php\/wp-json\/wp\/v2\/product_cat?post=715749"},{"taxonomy":"product_tag","embeddable":true,"href":"https:\/\/roveyayinevi.com.tr\/index.php\/wp-json\/wp\/v2\/product_tag?post=715749"}],"curies":[{"name":"wp","href":"https:\/\/api.w.org\/{rel}","templated":true}]}}