{"id":715748,"date":"2025-08-27T17:34:28","date_gmt":"2025-08-27T14:34:28","guid":{"rendered":"https:\/\/roveyayinevi.com.tr\/index.php\/urun\/insanin-eskimisligi-cilt-2\/"},"modified":"2026-04-16T02:23:54","modified_gmt":"2026-04-15T23:23:54","slug":"insanin-eskimisligi-cilt-2","status":"publish","type":"product","link":"https:\/\/roveyayinevi.com.tr\/index.php\/urun\/insanin-eskimisligi-cilt-2\/","title":{"rendered":"\u0130nsan\u0131n Eskimi\u015fli\u011fi Cilt &#8211; 2"},"content":{"rendered":"<p>G\u00fcnther Anders\u2019in (1902-1992)  ba\u015fyap\u0131t\u0131 \u0130nsan\u0131n Eskimi\u015fli\u011fi, \u201c\u00dc\u00e7\u00fcnc\u00fc End\u00fcstri Devrimi \u00c7a\u011f\u0131nda Ya\u015fam\u0131n Tahribat\u0131 \u00dczerine\u201d altba\u015fl\u0131kl\u0131 bu ikinci ciltle tamamlan\u0131yor. Anders bu ciltte de teknik geli\u015fmeleri s\u00f6z\u00fcn\u00fc sak\u0131nmayan bir \u00fcslupla ele al\u0131rken, ger\u00e7ek bir umuda gidecek tek yolun ele\u015ftiriden ge\u00e7ece\u011fini g\u00f6steriyor.&#8221;Ne \u00f6n\u00fcn\u00fczde giden at g\u00f6zl\u00fc\u011f\u00fc takm\u0131\u015f olanlar taraf\u0131ndan bi\u00e7imlendirilin ne de tekerlek izlerini koklay\u0131n. Atlar\u0131n arkas\u0131nda oturan, ama onlara h\u00fckmeden arabac\u0131 olun. Araban\u0131n \u00fczerinde kal\u0131n, atlar\u0131 da g\u00f6zden yitirmeyin; dahas\u0131 onlar taraf\u0131ndan \u00e7ekilirken her d\u00f6neme\u00e7te tehlikeyi ya\u015fay\u0131n ki sorumlulu\u011funu da ta\u015f\u0131y\u0131n. \u00d6devimiz budur. Hem kuramsal, bu demektir ki g\u00f6rerek, hem hareket halinde, bu demektir ki felsefi ve g\u00fcncel olabilmekse derdimiz&#8230;\u201d <\/p>\n","protected":false},"excerpt":{"rendered":"<p>G\u00fcnther Anders\u2019in (1902-1992) ba\u015fyap\u0131t\u0131 \u0130nsan\u0131n Eskimi\u015fli\u011fi, \u201c\u00dc\u00e7\u00fcnc\u00fc End\u00fcstri Devrimi \u00c7a\u011f\u0131nda Ya\u015fam\u0131n Tahribat\u0131 \u00dczerine\u201d altba\u015fl\u0131kl\u0131 bu ikinci ciltle tamamlan\u0131yor. Anders bu ciltte de teknik geli\u015fmeleri s\u00f6z\u00fcn\u00fc sak\u0131nmayan<span class=\"excerpt-hellip\"> [\u2026]<\/span><\/p>\n","protected":false},"featured_media":0,"template":"","meta":{"_monsterinsights_skip_tracking":false,"_monsterinsights_sitenote_active":false,"_monsterinsights_sitenote_note":"","_monsterinsights_sitenote_category":0},"product_brand":[],"product_cat":[12389,12388],"product_tag":[],"class_list":{"0":"post-715748","1":"product","2":"type-product","3":"status-publish","5":"product_cat-diger-felsefe","6":"product_cat-felsefe","7":"pa_cilt-ciltsiz","8":"pa_tur-kitap","9":"pa_yayinevi-ithaki-yayinlari","10":"pa_yazar-gunther-anders","12":"first","13":"instock","14":"sale","15":"shipping-taxable","16":"purchasable","17":"product-type-simple"},"_links":{"self":[{"href":"https:\/\/roveyayinevi.com.tr\/index.php\/wp-json\/wp\/v2\/product\/715748","targetHints":{"allow":["GET"]}}],"collection":[{"href":"https:\/\/roveyayinevi.com.tr\/index.php\/wp-json\/wp\/v2\/product"}],"about":[{"href":"https:\/\/roveyayinevi.com.tr\/index.php\/wp-json\/wp\/v2\/types\/product"}],"wp:attachment":[{"href":"https:\/\/roveyayinevi.com.tr\/index.php\/wp-json\/wp\/v2\/media?parent=715748"}],"wp:term":[{"taxonomy":"product_brand","embeddable":true,"href":"https:\/\/roveyayinevi.com.tr\/index.php\/wp-json\/wp\/v2\/product_brand?post=715748"},{"taxonomy":"product_cat","embeddable":true,"href":"https:\/\/roveyayinevi.com.tr\/index.php\/wp-json\/wp\/v2\/product_cat?post=715748"},{"taxonomy":"product_tag","embeddable":true,"href":"https:\/\/roveyayinevi.com.tr\/index.php\/wp-json\/wp\/v2\/product_tag?post=715748"}],"curies":[{"name":"wp","href":"https:\/\/api.w.org\/{rel}","templated":true}]}}