{"id":715747,"date":"2025-08-27T17:34:27","date_gmt":"2025-08-27T14:34:27","guid":{"rendered":"https:\/\/roveyayinevi.com.tr\/index.php\/urun\/yaban-diyarlarda-yabanci\/"},"modified":"2026-04-16T02:23:54","modified_gmt":"2026-04-15T23:23:54","slug":"yaban-diyarlarda-yabanci","status":"publish","type":"product","link":"https:\/\/roveyayinevi.com.tr\/index.php\/urun\/yaban-diyarlarda-yabanci\/","title":{"rendered":"Yaban Diyarlarda Yabanc\u0131"},"content":{"rendered":"<p>\u201cSiz Tanr\u0131\u2019s\u0131n\u0131z, Ben Tanr\u0131\u2019y\u0131m Ve Groklayan Her \u015eey Tanr\u0131\u2019d\u0131r.\u201dRobert A. Heinlein, Clarke ve Asimov\u2019la birlikte Alt\u0131n \u00c7a\u011f bilimkurgusuna damga vuran \u00fc\u00e7 b\u00fcy\u00fck ustadan biri. \u0130deolojisi ve bunu eserlerinde kullanma tarz\u0131yla \u00e7a\u011fda\u015flar\u0131ndan farkl\u0131la\u015fan yazar\u0131n yaln\u0131zca kendi k\u00fclliyat\u0131nda de\u011fil bilimkurgu t\u00fcr\u00fcnde yaz\u0131lm\u0131\u015f en \u00f6nemli, en tart\u0131\u015fmal\u0131 ve en s\u0131rad\u0131\u015f\u0131 romanlardan biri olan Yaban Diyarlarda Yabanc\u0131 ise altk\u00fclt\u00fcr i\u00e7in bir d\u00f6n\u00fcm noktas\u0131.Mars\u2019ta Marsl\u0131larca geli\u015ftirilmi\u015f insan Valentine Michael Smith, Arz\u2019a geleli \u00e7ok olmam\u0131\u015ft\u0131r. Kendi halk\u0131yla ilk kez tan\u0131\u015fan Smith, bu mavi gezegendeki geleneklere, insan \u0131rk\u0131n\u0131n \u00f6nyarg\u0131lar\u0131na al\u0131\u015fmakta zorlansa da telepati, telekinezi, teleport ve kehanet gibi zihinsel g\u00fc\u00e7leri sayesinde insanlar aras\u0131nda adeta bir mesih gibi dola\u015f\u0131r. En nihayetinde Mars y\u00f6netiminin varisidir.T\u00fcm bir gezegene ve \u0131rka \u201cgroklamay\u0131\u201d, sevgiyi ve su payla\u015f\u0131m\u0131n\u0131 \u00f6\u011fretecek bu Marsl\u0131, otoriteyle ve Mars\u2019\u0131n y\u00f6netimini isteyen b\u00fcrokratlarla u\u011fra\u015fmak zorunda kalsa da yazar Jubal Harshaw\u2019un yard\u0131mlar\u0131yla amac\u0131na ad\u0131m ad\u0131m ilerleyecek ve kendi kilisesini kurarak \u201cserbest a\u015fk\u201d\u0131 yayg\u0131nla\u015ft\u0131rmaya devam edecek ve en nihayetinde her mesihinki gibi kaderiyle y\u00fczle\u015fecektir.M\u00fcfit \u00d6zde\u015f\u2019in \u00f6ns\u00f6z\u00fcyleVirginia Heinlein\u2019\u0131n sunumuylaNeil Gaiman\u2019\u0131n sons\u00f6z\u00fcyleYaban Diyarda Yabanc\u0131 k\u0131salt\u0131lmam\u0131\u015f tam metin olarak \u0130thaki Bilimkurgu Klasikleri\u2019nde!<\/p>\n","protected":false},"excerpt":{"rendered":"<p>\u201cSiz Tanr\u0131\u2019s\u0131n\u0131z, Ben Tanr\u0131\u2019y\u0131m Ve Groklayan Her \u015eey Tanr\u0131\u2019d\u0131r.\u201dRobert A. Heinlein, Clarke ve Asimov\u2019la birlikte Alt\u0131n \u00c7a\u011f bilimkurgusuna damga vuran \u00fc\u00e7 b\u00fcy\u00fck ustadan biri. \u0130deolojisi ve<span class=\"excerpt-hellip\"> [\u2026]<\/span><\/p>\n","protected":false},"featured_media":0,"template":"","meta":{"_monsterinsights_skip_tracking":false,"_monsterinsights_sitenote_active":false,"_monsterinsights_sitenote_note":"","_monsterinsights_sitenote_category":0},"product_brand":[],"product_cat":[12540,12291],"product_tag":[],"class_list":{"0":"post-715747","1":"product","2":"type-product","3":"status-publish","5":"product_cat-bilim-kurgu","6":"product_cat-edebiyat","7":"pa_cilt-ciltsiz","8":"pa_tur-kitap","9":"pa_yayinevi-ithaki-yayinlari","10":"pa_yazar-robert-a-heinlein","12":"first","13":"instock","14":"sale","15":"shipping-taxable","16":"purchasable","17":"product-type-simple"},"_links":{"self":[{"href":"https:\/\/roveyayinevi.com.tr\/index.php\/wp-json\/wp\/v2\/product\/715747","targetHints":{"allow":["GET"]}}],"collection":[{"href":"https:\/\/roveyayinevi.com.tr\/index.php\/wp-json\/wp\/v2\/product"}],"about":[{"href":"https:\/\/roveyayinevi.com.tr\/index.php\/wp-json\/wp\/v2\/types\/product"}],"wp:attachment":[{"href":"https:\/\/roveyayinevi.com.tr\/index.php\/wp-json\/wp\/v2\/media?parent=715747"}],"wp:term":[{"taxonomy":"product_brand","embeddable":true,"href":"https:\/\/roveyayinevi.com.tr\/index.php\/wp-json\/wp\/v2\/product_brand?post=715747"},{"taxonomy":"product_cat","embeddable":true,"href":"https:\/\/roveyayinevi.com.tr\/index.php\/wp-json\/wp\/v2\/product_cat?post=715747"},{"taxonomy":"product_tag","embeddable":true,"href":"https:\/\/roveyayinevi.com.tr\/index.php\/wp-json\/wp\/v2\/product_tag?post=715747"}],"curies":[{"name":"wp","href":"https:\/\/api.w.org\/{rel}","templated":true}]}}