{"id":715743,"date":"2025-08-27T17:34:25","date_gmt":"2025-08-27T14:34:25","guid":{"rendered":"https:\/\/roveyayinevi.com.tr\/index.php\/urun\/kimya-kisa-bir-giris\/"},"modified":"2026-04-16T02:23:54","modified_gmt":"2026-04-15T23:23:54","slug":"kimya-kisa-bir-giris","status":"publish","type":"product","link":"https:\/\/roveyayinevi.com.tr\/index.php\/urun\/kimya-kisa-bir-giris\/","title":{"rendered":"Kimya &#8211; K\u0131sa Bir Giri\u015f"},"content":{"rendered":"<p>\u00dcnl\u00fc \u0130ngiliz kimyac\u0131 Peter Atkins Evreni Y\u00f6neten D\u00f6rt Yasa ve Galileo\u2019nun Parma\u011f\u0131 gibi eserlerinden sonra T\u00fcrkiyeli okuyucular\u0131n kar\u015f\u0131s\u0131na elinizdeki pop\u00fcler kimya kitab\u0131yla birlikte bir kez daha \u00e7\u0131k\u0131yor. Atkins bu kitapta kimyan\u0131n ne oldu\u011funa dair k\u0131sa ama kapsaml\u0131 bir \u00f6zet sunuyor. Kimyan\u0131n temel kavramlar\u0131n\u0131, ilkelerini, geleneksel ve yeni nesil uygulamalar\u0131n\u0131 teknik olmayan ve herkesin anlayabilece\u011fi bir dilde anlatan Atkins, \u00e7o\u011fumuzun kimya ile ilgili okul g\u00fcnlerinden kalma k\u00f6t\u00fc an\u0131lar\u0131n\u0131 silmeyi hedefliyor. Bu konuda olduk\u00e7a ba\u015far\u0131l\u0131 bir i\u015f \u00e7\u0131kartan Atkins okuyucular\u0131 kimyan\u0131n b\u00fcy\u00fcleyici d\u00fcnyas\u0131na farkl\u0131 bir g\u00f6zle bakmaya te\u015fvik ediyor. Atkins kimyan\u0131n hayat\u0131m\u0131zdaki \u00f6nemine dair en \u015f\u00fcphecilerin bile reddetmeyece\u011fi \u00f6rnekler sunarken, ayn\u0131 zamanda onun \u00e7evre kirlili\u011fi, kitle imha silahlar\u0131 ve patlay\u0131c\u0131lar\u0131n geli\u015ftirilmesi gibi konulardaki k\u00f6t\u00fc \u015f\u00f6hretini de g\u00f6z ard\u0131 etmiyor. Ciddi ve samimi bir y\u00fczle\u015fmeye giri\u015fen Atkins, kimyan\u0131n insanl\u0131\u011f\u0131n iyili\u011fi i\u00e7in kullan\u0131ld\u0131\u011f\u0131nda ba\u015fard\u0131klar\u0131na ve ba\u015farabileceklerine dikkat \u00e7ekiyor. Soluksuz okuyaca\u011f\u0131n\u0131z\u0131 d\u00fc\u015f\u00fcnd\u00fc\u011f\u00fcm\u00fcz bu kitap kimyay\u0131 anlamak isteyen herkes i\u00e7in ideal bir giri\u015f \u00f6zelli\u011fi ta\u015f\u0131yor. <\/p>\n","protected":false},"excerpt":{"rendered":"<p>\u00dcnl\u00fc \u0130ngiliz kimyac\u0131 Peter Atkins Evreni Y\u00f6neten D\u00f6rt Yasa ve Galileo\u2019nun Parma\u011f\u0131 gibi eserlerinden sonra T\u00fcrkiyeli okuyucular\u0131n kar\u015f\u0131s\u0131na elinizdeki pop\u00fcler kimya kitab\u0131yla birlikte bir kez daha<span class=\"excerpt-hellip\"> [\u2026]<\/span><\/p>\n","protected":false},"featured_media":0,"template":"","meta":{"_monsterinsights_skip_tracking":false,"_monsterinsights_sitenote_active":false,"_monsterinsights_sitenote_note":"","_monsterinsights_sitenote_category":0},"product_brand":[],"product_cat":[13005,37328],"product_tag":[],"class_list":{"0":"post-715743","1":"product","2":"type-product","3":"status-publish","5":"product_cat-bilim-muhendislik","6":"product_cat-diger-bilim-muhendislik","7":"pa_cilt-ciltsiz","8":"pa_tur-kitap","9":"pa_yayinevi-ginko-kitap","10":"pa_yazar-peter-atkins","12":"first","13":"instock","14":"sale","15":"shipping-taxable","16":"purchasable","17":"product-type-simple"},"_links":{"self":[{"href":"https:\/\/roveyayinevi.com.tr\/index.php\/wp-json\/wp\/v2\/product\/715743","targetHints":{"allow":["GET"]}}],"collection":[{"href":"https:\/\/roveyayinevi.com.tr\/index.php\/wp-json\/wp\/v2\/product"}],"about":[{"href":"https:\/\/roveyayinevi.com.tr\/index.php\/wp-json\/wp\/v2\/types\/product"}],"wp:attachment":[{"href":"https:\/\/roveyayinevi.com.tr\/index.php\/wp-json\/wp\/v2\/media?parent=715743"}],"wp:term":[{"taxonomy":"product_brand","embeddable":true,"href":"https:\/\/roveyayinevi.com.tr\/index.php\/wp-json\/wp\/v2\/product_brand?post=715743"},{"taxonomy":"product_cat","embeddable":true,"href":"https:\/\/roveyayinevi.com.tr\/index.php\/wp-json\/wp\/v2\/product_cat?post=715743"},{"taxonomy":"product_tag","embeddable":true,"href":"https:\/\/roveyayinevi.com.tr\/index.php\/wp-json\/wp\/v2\/product_tag?post=715743"}],"curies":[{"name":"wp","href":"https:\/\/api.w.org\/{rel}","templated":true}]}}