{"id":715740,"date":"2025-08-27T17:34:23","date_gmt":"2025-08-27T14:34:23","guid":{"rendered":"https:\/\/roveyayinevi.com.tr\/index.php\/urun\/baslarim-boyle-spora-sakar-bora-3\/"},"modified":"2026-04-16T02:23:53","modified_gmt":"2026-04-15T23:23:53","slug":"baslarim-boyle-spora-sakar-bora-3","status":"publish","type":"product","link":"https:\/\/roveyayinevi.com.tr\/index.php\/urun\/baslarim-boyle-spora-sakar-bora-3\/","title":{"rendered":"Ba\u015flar\u0131m B\u00f6yle Spora &#8211; Sakar Bora 3"},"content":{"rendered":"<p>Merhaba arkada\u015flar! Hi\u00e7 spor yap\u0131yor musunuz? Yoksa siz de benim gibi sonradan spor yapmaya m\u0131 karar verdiniz? Ya da \u201cAmaaan spor da ne?\u201d diyenlerden misiniz? Biraz fazla soru sordum galiba ama ne yapay\u0131m? Siz de benim bu kitapta ya\u015fad\u0131klar\u0131m\u0131 ya\u015fasan\u0131z hemen bir spor salonuna yaz\u0131l\u0131rd\u0131n\u0131z. Neden mi? \u00c7\u00fcnk\u00fc bu kitapta spor yapmaya ba\u015flay\u0131\u015f hik\u00e2yemi, sporun sa\u011fl\u0131kl\u0131 bir \u015fey oldu\u011funu, gizemli bir devin maceram\u0131za girerek bize nas\u0131l bir kupa kazand\u0131rd\u0131\u011f\u0131n\u0131, a\u015f\u0131r\u0131 fanatizmin zararlar\u0131n\u0131 ve dostluk, arkada\u015fl\u0131k, tak\u0131m ruhu gibi \u015feyleri \u00f6\u011frenecek ve \u201cVay be!\u201d diyeceksiniz. \u0130nan\u0131yorum ki siz de bu maceray\u0131 okurken benim e\u011flendi\u011fim gibi \u00e7ok e\u011flenecek ve hemen spora ba\u015flamaya karar vereceksiniz. Benden s\u00f6ylemesi. <\/p>\n","protected":false},"excerpt":{"rendered":"<p>Merhaba arkada\u015flar! Hi\u00e7 spor yap\u0131yor musunuz? Yoksa siz de benim gibi sonradan spor yapmaya m\u0131 karar verdiniz? Ya da \u201cAmaaan spor da ne?\u201d diyenlerden misiniz? Biraz<span class=\"excerpt-hellip\"> [\u2026]<\/span><\/p>\n","protected":false},"featured_media":0,"template":"","meta":{"_monsterinsights_skip_tracking":false,"_monsterinsights_sitenote_active":false,"_monsterinsights_sitenote_note":"","_monsterinsights_sitenote_category":0},"product_brand":[],"product_cat":[12274,12284],"product_tag":[],"class_list":{"0":"post-715740","1":"product","2":"type-product","3":"status-publish","5":"product_cat-cocuk-ve-genclik-kitaplari","6":"product_cat-hikayeler","7":"pa_cilt-ciltsiz","8":"pa_tur-kitap","9":"pa_yayinevi-genc-hayat","10":"pa_yazar-cagri-cebeci","12":"first","13":"instock","14":"sale","15":"shipping-taxable","16":"purchasable","17":"product-type-simple"},"_links":{"self":[{"href":"https:\/\/roveyayinevi.com.tr\/index.php\/wp-json\/wp\/v2\/product\/715740","targetHints":{"allow":["GET"]}}],"collection":[{"href":"https:\/\/roveyayinevi.com.tr\/index.php\/wp-json\/wp\/v2\/product"}],"about":[{"href":"https:\/\/roveyayinevi.com.tr\/index.php\/wp-json\/wp\/v2\/types\/product"}],"wp:attachment":[{"href":"https:\/\/roveyayinevi.com.tr\/index.php\/wp-json\/wp\/v2\/media?parent=715740"}],"wp:term":[{"taxonomy":"product_brand","embeddable":true,"href":"https:\/\/roveyayinevi.com.tr\/index.php\/wp-json\/wp\/v2\/product_brand?post=715740"},{"taxonomy":"product_cat","embeddable":true,"href":"https:\/\/roveyayinevi.com.tr\/index.php\/wp-json\/wp\/v2\/product_cat?post=715740"},{"taxonomy":"product_tag","embeddable":true,"href":"https:\/\/roveyayinevi.com.tr\/index.php\/wp-json\/wp\/v2\/product_tag?post=715740"}],"curies":[{"name":"wp","href":"https:\/\/api.w.org\/{rel}","templated":true}]}}