{"id":715739,"date":"2025-08-27T17:34:23","date_gmt":"2025-08-27T14:34:23","guid":{"rendered":"https:\/\/roveyayinevi.com.tr\/index.php\/urun\/hayvanlarin-tarihi-felsefi-bir-deneme\/"},"modified":"2026-04-16T02:23:53","modified_gmt":"2026-04-15T23:23:53","slug":"hayvanlarin-tarihi-felsefi-bir-deneme","status":"publish","type":"product","link":"https:\/\/roveyayinevi.com.tr\/index.php\/urun\/hayvanlarin-tarihi-felsefi-bir-deneme\/","title":{"rendered":"Hayvanlar\u0131n Tarihi &#8211; Felsefi Bir Deneme"},"content":{"rendered":"<p>\u201cHayvanlar gitgide, teker teker sahneyi terk edip insanl\u0131\u011f\u0131 kendi temsilleriyle, evcil hayvanlar\u0131 ve oyuncaklar\u0131yla ba\u015f ba\u015fa b\u0131rak\u0131yor.\u201d \u00c7al\u0131\u015fmalar\u0131n\u0131 \u00e7a\u011fda\u015f felsefenin sorunlar\u0131 merkezinde s\u00fcrd\u00fcren akademisyen Oxana Timofeeva, Aristoteles\u2019ten \u00f6d\u00fcn\u00e7 ald\u0131\u011f\u0131 adla Hayvanlar\u0131n Tarihi&#8217;ni felsefi bir hat \u00fczerinde kuruyor, tabiri caizse, \u201cfelsefe tarihini hayvanlar\u0131n tarihi olarak okumay\u0131\u201d \u00f6neriyor. Hayvanlar bug\u00fcn daha ziyade evcille\u015ftirme, kapatma ya da imgele\u015ftirme yoluyla g\u00fcndelik hayat\u0131m\u0131za, dilimize, d\u00fc\u015f\u00fcnce d\u00fcnyam\u0131za dahil olurken bu \u00e7al\u0131\u015fma \u201chayvan meselesi\u201dni Aristoteles\u2019ten Hegel\u2019e, Adorno\u2019dan Deleuze\u2019e uzanan geni\u015f bir felsefe gelene\u011fine ve Bataille, Kafka, Platonov gibi yazarlar\u0131n metinlerine at\u0131fta bulunarak ele al\u0131yor, hayvanla insan aras\u0131nda a\u015fina oldu\u011fumuz t\u00fcm ayr\u0131mlardan, insanl\u0131\u011fa ve hayvanl\u0131\u011fa dair t\u00fcm keskin tan\u0131mlardan azade yeni bir d\u00fc\u015f\u00fcnme ve tart\u0131\u015fma imk\u00e2n\u0131 sunuyorE\u011fer felsefe bilgelik sevgisiyse, Oxana Timofeeva&#8217;n\u0131n Hayvanlar\u0131n Tarihi, hayvan sevgisinden m\u00fcrekkep bir felsefe \u00e7al\u0131\u015fmas\u0131d\u0131r. Felsefeyi hayvanlara kar\u015f\u0131 yanl\u0131\u015f tutumundan \u00f6t\u00fcr\u00fc kolayca mahk\u00fbm etmek yerine, hayvanlara haysiyetlerini iade etmek \u00fczere Aristoteles&#8217;ten Deleuze&#8217;e filozoflar\u0131n nas\u0131l daha farkl\u0131 yorumlanabilece\u011fini yeni ba\u015ftan anlama \u00e7abas\u0131na giriyor. Hayvanlar\u0131n Tarihi, bize, biz insanlara, yeni bir d\u00fcnya kazanmak i\u00e7in t\u00fcm \u2018devrimci hayvanlar\u2019la birlik olmay\u0131 \u00f6\u011fretiyor.\u201d <\/p>\n","protected":false},"excerpt":{"rendered":"<p>\u201cHayvanlar gitgide, teker teker sahneyi terk edip insanl\u0131\u011f\u0131 kendi temsilleriyle, evcil hayvanlar\u0131 ve oyuncaklar\u0131yla ba\u015f ba\u015fa b\u0131rak\u0131yor.\u201d \u00c7al\u0131\u015fmalar\u0131n\u0131 \u00e7a\u011fda\u015f felsefenin sorunlar\u0131 merkezinde s\u00fcrd\u00fcren akademisyen Oxana Timofeeva,<span class=\"excerpt-hellip\"> [\u2026]<\/span><\/p>\n","protected":false},"featured_media":0,"template":"","meta":{"_monsterinsights_skip_tracking":false,"_monsterinsights_sitenote_active":false,"_monsterinsights_sitenote_note":"","_monsterinsights_sitenote_category":0},"product_brand":[],"product_cat":[12389,12388],"product_tag":[],"class_list":{"0":"post-715739","1":"product","2":"type-product","3":"status-publish","5":"product_cat-diger-felsefe","6":"product_cat-felsefe","7":"pa_cilt-ciltsiz","8":"pa_tur-kitap","9":"pa_yayinevi-kolektif-kitap","10":"pa_yazar-oxana-timofeeva","12":"first","13":"instock","14":"sale","15":"shipping-taxable","16":"purchasable","17":"product-type-simple"},"_links":{"self":[{"href":"https:\/\/roveyayinevi.com.tr\/index.php\/wp-json\/wp\/v2\/product\/715739","targetHints":{"allow":["GET"]}}],"collection":[{"href":"https:\/\/roveyayinevi.com.tr\/index.php\/wp-json\/wp\/v2\/product"}],"about":[{"href":"https:\/\/roveyayinevi.com.tr\/index.php\/wp-json\/wp\/v2\/types\/product"}],"wp:attachment":[{"href":"https:\/\/roveyayinevi.com.tr\/index.php\/wp-json\/wp\/v2\/media?parent=715739"}],"wp:term":[{"taxonomy":"product_brand","embeddable":true,"href":"https:\/\/roveyayinevi.com.tr\/index.php\/wp-json\/wp\/v2\/product_brand?post=715739"},{"taxonomy":"product_cat","embeddable":true,"href":"https:\/\/roveyayinevi.com.tr\/index.php\/wp-json\/wp\/v2\/product_cat?post=715739"},{"taxonomy":"product_tag","embeddable":true,"href":"https:\/\/roveyayinevi.com.tr\/index.php\/wp-json\/wp\/v2\/product_tag?post=715739"}],"curies":[{"name":"wp","href":"https:\/\/api.w.org\/{rel}","templated":true}]}}