{"id":715737,"date":"2025-08-27T17:34:21","date_gmt":"2025-08-27T14:34:21","guid":{"rendered":"https:\/\/roveyayinevi.com.tr\/index.php\/urun\/kus-masallari\/"},"modified":"2026-04-16T02:23:53","modified_gmt":"2026-04-15T23:23:53","slug":"kus-masallari","status":"publish","type":"product","link":"https:\/\/roveyayinevi.com.tr\/index.php\/urun\/kus-masallari\/","title":{"rendered":"Ku\u015f Masallar\u0131"},"content":{"rendered":"<p>Evvel zamana gidelim Kalbur saman\u0131 ge\u00e7elim Yolumuz uzun ama Ku\u015f olup da g\u00f6\u00e7elim. Varal\u0131m da\u011flar diyar\u0131na Binelim bir ku\u015f kanad\u0131na Menzilimiz \u00e7ok ama Konal\u0131m yedi da\u011fa\u2026 \u00c7ocuk edebiyat\u0131n\u0131n sevilen kalemi \u015eermin Ya\u015far Ku\u015f Masallar\u0131 ile t\u00fcm okurlar\u0131n\u0131 G\u00f6n\u00fcl da\u011flar\u0131nda dola\u015ft\u0131r\u0131p iyili\u011fin, \u015fefkatin, ho\u015fg\u00f6r\u00fcn\u00fcn, Sevginin ve bar\u0131\u015f\u0131n \u015fark\u0131s\u0131n\u0131 \u015fak\u0131maya davet ediyor. \u00c7ocuklar ve \u00e7ocuklu\u011funa tutunanlar Bu masallar sizin i\u00e7in.<\/p>\n","protected":false},"excerpt":{"rendered":"<p>Evvel zamana gidelim Kalbur saman\u0131 ge\u00e7elim Yolumuz uzun ama Ku\u015f olup da g\u00f6\u00e7elim. Varal\u0131m da\u011flar diyar\u0131na Binelim bir ku\u015f kanad\u0131na Menzilimiz \u00e7ok ama Konal\u0131m yedi da\u011fa\u2026<span class=\"excerpt-hellip\"> [\u2026]<\/span><\/p>\n","protected":false},"featured_media":0,"template":"","meta":{"_monsterinsights_skip_tracking":false,"_monsterinsights_sitenote_active":false,"_monsterinsights_sitenote_note":"","_monsterinsights_sitenote_category":0},"product_brand":[],"product_cat":[15192,12274],"product_tag":[],"class_list":{"0":"post-715737","1":"product","2":"type-product","3":"status-publish","5":"product_cat-1-3-yas-kitaplari","6":"product_cat-cocuk-ve-genclik-kitaplari","7":"pa_cilt-ciltsiz","8":"pa_tur-kitap","9":"pa_yayinevi-dogan-egmont-yayincilik","10":"pa_yazar-sermin-yasar","12":"first","13":"instock","14":"sale","15":"shipping-taxable","16":"purchasable","17":"product-type-simple"},"_links":{"self":[{"href":"https:\/\/roveyayinevi.com.tr\/index.php\/wp-json\/wp\/v2\/product\/715737","targetHints":{"allow":["GET"]}}],"collection":[{"href":"https:\/\/roveyayinevi.com.tr\/index.php\/wp-json\/wp\/v2\/product"}],"about":[{"href":"https:\/\/roveyayinevi.com.tr\/index.php\/wp-json\/wp\/v2\/types\/product"}],"wp:attachment":[{"href":"https:\/\/roveyayinevi.com.tr\/index.php\/wp-json\/wp\/v2\/media?parent=715737"}],"wp:term":[{"taxonomy":"product_brand","embeddable":true,"href":"https:\/\/roveyayinevi.com.tr\/index.php\/wp-json\/wp\/v2\/product_brand?post=715737"},{"taxonomy":"product_cat","embeddable":true,"href":"https:\/\/roveyayinevi.com.tr\/index.php\/wp-json\/wp\/v2\/product_cat?post=715737"},{"taxonomy":"product_tag","embeddable":true,"href":"https:\/\/roveyayinevi.com.tr\/index.php\/wp-json\/wp\/v2\/product_tag?post=715737"}],"curies":[{"name":"wp","href":"https:\/\/api.w.org\/{rel}","templated":true}]}}